{"id":18,"date":"2024-08-21T14:52:47","date_gmt":"2024-08-21T14:52:47","guid":{"rendered":"https:\/\/jankotka.se\/?page_id=18"},"modified":"2024-09-20T19:47:56","modified_gmt":"2024-09-20T17:47:56","slug":"jan-kotka-konstnar","status":"publish","type":"page","link":"https:\/\/jankotka.se\/","title":{"rendered":"Jan Kotka, Konstn\u00e4r"},"content":{"rendered":"\n<figure class=\"wp-block-image alignwide size-large has-custom-border\"><img loading=\"lazy\" decoding=\"async\" width=\"1024\" height=\"238\" src=\"https:\/\/jankotka.se\/wp-content\/uploads\/2024\/08\/1153-Konstnaren_i_landskapet__hela_av_Jan_Kotka-korr-1024x238.png\" alt=\"\" class=\"wp-image-112\" style=\"border-style:none;border-width:0px\" srcset=\"https:\/\/jankotka.se\/wp-content\/uploads\/2024\/08\/1153-Konstnaren_i_landskapet__hela_av_Jan_Kotka-korr-1024x238.png 1024w, https:\/\/jankotka.se\/wp-content\/uploads\/2024\/08\/1153-Konstnaren_i_landskapet__hela_av_Jan_Kotka-korr-500x116.png 500w, https:\/\/jankotka.se\/wp-content\/uploads\/2024\/08\/1153-Konstnaren_i_landskapet__hela_av_Jan_Kotka-korr-768x179.png 768w, https:\/\/jankotka.se\/wp-content\/uploads\/2024\/08\/1153-Konstnaren_i_landskapet__hela_av_Jan_Kotka-korr-1536x358.png 1536w, https:\/\/jankotka.se\/wp-content\/uploads\/2024\/08\/1153-Konstnaren_i_landskapet__hela_av_Jan_Kotka-korr-2048x477.png 2048w\" sizes=\"auto, (max-width: 1024px) 100vw, 1024px\" \/><figcaption class=\"wp-element-caption\">Konstn\u00e4ren i landskapet &#8211; Island.<\/figcaption><\/figure>\n\n\n\n<div class=\"wp-block-group alignfull has-accent-2-background-color has-background has-global-padding is-layout-constrained wp-container-core-group-is-layout-669513ed wp-block-group-is-layout-constrained\" style=\"margin-top:0;margin-bottom:0;padding-top:var(--wp--preset--spacing--50);padding-right:var(--wp--preset--spacing--50);padding-bottom:var(--wp--preset--spacing--50);padding-left:var(--wp--preset--spacing--50)\">\n<div class=\"wp-block-columns alignwide is-layout-flex wp-container-core-columns-is-layout-28f84493 wp-block-columns-is-layout-flex\">\n<div class=\"wp-block-column is-layout-flow wp-block-column-is-layout-flow\" style=\"flex-basis:40%\">\n<h2 class=\"wp-block-heading\">Min bakgrund<\/h2>\n<\/div>\n\n\n\n<div class=\"wp-block-column is-layout-flow wp-block-column-is-layout-flow\" style=\"flex-basis:60%\">\n<div class=\"wp-block-group is-nowrap is-layout-flex wp-container-core-group-is-layout-6c531013 wp-block-group-is-layout-flex\">\n<div class=\"wp-block-columns is-layout-flex wp-container-core-columns-is-layout-28f84493 wp-block-columns-is-layout-flex\">\n<div class=\"wp-block-column is-layout-flow wp-block-column-is-layout-flow\" style=\"flex-basis:100%\">\n<p class=\"is-style-default has-medium-font-size\">Jag f\u00f6ddes med en pensel i handen. Jag har ritat och m\u00e5lat sedan barnsben.<\/p>\n\n\n\n<figure class=\"wp-block-image size-full\"><img loading=\"lazy\" decoding=\"async\" width=\"781\" height=\"230\" src=\"https:\/\/jankotka.se\/wp-content\/uploads\/2024\/08\/1106-Barnteckning_Yxpilavagen_Gamla_Karleby_av_Jan_Kotka_x4_besk.png\" alt=\"\" class=\"wp-image-49\" srcset=\"https:\/\/jankotka.se\/wp-content\/uploads\/2024\/08\/1106-Barnteckning_Yxpilavagen_Gamla_Karleby_av_Jan_Kotka_x4_besk.png 781w, https:\/\/jankotka.se\/wp-content\/uploads\/2024\/08\/1106-Barnteckning_Yxpilavagen_Gamla_Karleby_av_Jan_Kotka_x4_besk-500x147.png 500w, https:\/\/jankotka.se\/wp-content\/uploads\/2024\/08\/1106-Barnteckning_Yxpilavagen_Gamla_Karleby_av_Jan_Kotka_x4_besk-768x226.png 768w\" sizes=\"auto, (max-width: 781px) 100vw, 781px\" \/><figcaption class=\"wp-element-caption\">Bilar p\u00e5 Yxpilav\u00e4gen i Gamla Karleby, tecknad av mig som fyra-\u00e5ring. <\/figcaption><\/figure>\n\n\n\n<p>Mina f\u00f6rsta teckningar publicerades i den lokala tidningen \u00e4r jag var endast fem \u00e5r gammal. Sedan den dagen s\u00e5 skapar jag forfarande.<\/p>\n\n\n\n<figure class=\"wp-block-image size-full\"><img loading=\"lazy\" decoding=\"async\" width=\"800\" height=\"600\" src=\"https:\/\/jankotka.se\/wp-content\/uploads\/2024\/08\/1043-Barnteckning_Speedway_banan_i_Gamla_Karleby_av_Jan_Kotka_x4_korr.png\" alt=\"\" class=\"wp-image-48\" srcset=\"https:\/\/jankotka.se\/wp-content\/uploads\/2024\/08\/1043-Barnteckning_Speedway_banan_i_Gamla_Karleby_av_Jan_Kotka_x4_korr.png 800w, https:\/\/jankotka.se\/wp-content\/uploads\/2024\/08\/1043-Barnteckning_Speedway_banan_i_Gamla_Karleby_av_Jan_Kotka_x4_korr-500x375.png 500w, https:\/\/jankotka.se\/wp-content\/uploads\/2024\/08\/1043-Barnteckning_Speedway_banan_i_Gamla_Karleby_av_Jan_Kotka_x4_korr-768x576.png 768w\" sizes=\"auto, (max-width: 800px) 100vw, 800px\" \/><figcaption class=\"wp-element-caption\">V\u00e5r speedway och tillika trav- och racerbana i Gamla Karleby. Visar min upplevelse av en bilt\u00e4vling n\u00e4r jag var 5 \u00e5r gammal. Skickades till barnh\u00f6rnan i \u00d6sterbottningen, v\u00e5r dagstidning av mina f\u00f6r\u00e4ldrar.<\/figcaption><\/figure>\n<\/div>\n<\/div>\n<\/div>\n<\/div>\n<\/div>\n\n\n\n<h2 class=\"wp-block-heading\">Det \u00e4r som en r\u00f6d tr\u00e5d, att m\u00e5la ger mig en balans i livet<\/h2>\n\n\n\n<p>Jag har alltid m\u00e5lat landskap. Naturen inspirerar mig. N\u00e4r jag m\u00e5lar ett landskap s\u00e5 g\u00f6r jag det &#8221;alla prima&#8221; \/ &#8221;wet in wet&#8221;.<\/p>\n\n\n\n<figure class=\"wp-block-image alignwide size-large has-custom-border is-style-rounded is-style-rounded--1\"><img loading=\"lazy\" decoding=\"async\" width=\"1024\" height=\"760\" src=\"https:\/\/jankotka.se\/wp-content\/uploads\/2024\/08\/1080-Arsta_jarnvagsbro_av_Jan_Kotka-korr-1024x760.png\" alt=\"\" class=\"wp-image-44\" style=\"border-style:none;border-width:0px\" srcset=\"https:\/\/jankotka.se\/wp-content\/uploads\/2024\/08\/1080-Arsta_jarnvagsbro_av_Jan_Kotka-korr-1024x760.png 1024w, https:\/\/jankotka.se\/wp-content\/uploads\/2024\/08\/1080-Arsta_jarnvagsbro_av_Jan_Kotka-korr-500x371.png 500w, https:\/\/jankotka.se\/wp-content\/uploads\/2024\/08\/1080-Arsta_jarnvagsbro_av_Jan_Kotka-korr-768x570.png 768w, https:\/\/jankotka.se\/wp-content\/uploads\/2024\/08\/1080-Arsta_jarnvagsbro_av_Jan_Kotka-korr.png 1280w\" sizes=\"auto, (max-width: 1024px) 100vw, 1024px\" \/><figcaption class=\"wp-element-caption\">\u00c5rsta j\u00e4rnv\u00e4gsbro, Stockholm. G\u00e5r \u00f6ver \u00c5rstaviken och \u00c5rsta holma och f\u00f6rbinder \u00c5rsta och S\u00f6dermalm. Klar 1929. \u00c5r 2005 f\u00e4rdigst\u00e4lldes en nyare \u00c5rstabro intill. <br>S\u00e5ld.<\/figcaption><\/figure>\n<\/div>\n\n\n\n<div class=\"wp-block-columns alignfull has-base-2-background-color has-text-color has-background has-link-color wp-elements-1d9e099e63cd207495043c601613c4f3 is-layout-flex wp-container-core-columns-is-layout-28f84493 wp-block-columns-is-layout-flex\" style=\"color:#fff7a4\">\n<div class=\"wp-block-column is-layout-flow wp-block-column-is-layout-flow\" style=\"flex-basis:33.34%\">\n<div class=\"wp-block-group alignfull has-medium-font-size has-global-padding is-layout-constrained wp-container-core-group-is-layout-72190d31 wp-block-group-is-layout-constrained\" style=\"margin-top:0;margin-bottom:0;padding-top:0;padding-right:0;padding-bottom:0;padding-left:0\">\n<p style=\"margin-top:0;margin-right:0;margin-bottom:0;margin-left:0;padding-top:var(--wp--preset--spacing--10);padding-right:var(--wp--preset--spacing--10);padding-bottom:var(--wp--preset--spacing--10);padding-left:var(--wp--preset--spacing--10)\">Jag har l\u00e4rt mig m\u00e5nga olika tekniker som olja, akryl, vattenf\u00e4rg och grafik.<\/p>\n<\/div>\n<\/div>\n\n\n\n<div class=\"wp-block-column is-layout-flow wp-block-column-is-layout-flow\" style=\"flex-basis:33.34%\">\n<div style=\"height:149px\" aria-hidden=\"true\" class=\"wp-block-spacer\"><\/div>\n\n\n\n<p class=\"has-text-align-left has-medium-font-size\" style=\"margin-top:0;margin-right:0;margin-bottom:0;margin-left:0;padding-top:var(--wp--preset--spacing--10);padding-right:var(--wp--preset--spacing--10);padding-bottom:var(--wp--preset--spacing--10);padding-left:var(--wp--preset--spacing--10)\">Jag har m\u00e5lat utomlands. I \u00d6st Afrika 1986-88 och Mellan\u00f6stern 1993-95, n\u00e4r jag bodde d\u00e4r under flera \u00e5r.<\/p>\n<\/div>\n\n\n\n<div class=\"wp-block-column is-layout-flow wp-block-column-is-layout-flow\" style=\"flex-basis:33.33%\">\n<div style=\"height:300px\" aria-hidden=\"true\" class=\"wp-block-spacer\"><\/div>\n\n\n\n<p style=\"padding-top:var(--wp--preset--spacing--10);padding-right:var(--wp--preset--spacing--10);padding-bottom:var(--wp--preset--spacing--10);padding-left:var(--wp--preset--spacing--10)\">Landskapet och m\u00e4nniskorna var fascinerande och jag f\u00f6rs\u00f6kte f\u00e5nga deras v\u00e4sen i m\u00e5lningar.<\/p>\n<\/div>\n<\/div>\n\n\n\n<div class=\"wp-block-cover alignfull is-light has-parallax\" style=\"margin-top:0;margin-bottom:0;padding-top:var(--wp--preset--spacing--60);padding-right:var(--wp--preset--spacing--60);padding-bottom:var(--wp--preset--spacing--60);padding-left:var(--wp--preset--spacing--60);min-height:100vh;aspect-ratio:unset;\"><span aria-hidden=\"true\" class=\"wp-block-cover__background has-base-background-color has-background-dim-0 has-background-dim\"><\/span><div class=\"wp-block-cover__image-background wp-image-59 has-parallax\" style=\"background-position:50% 50%;background-image:url(https:\/\/jankotka.se\/wp-content\/uploads\/2024\/08\/1164-Saluhallen_Stone_Town_Zanzibar_av_Jan_Kotka-besk-korr.png)\"><\/div><div class=\"wp-block-cover__inner-container has-global-padding is-layout-constrained wp-container-core-cover-is-layout-3b9a1016 wp-block-cover-is-layout-constrained\">\n<div style=\"margin-top:0;margin-bottom:0;height:704px\" aria-hidden=\"true\" class=\"wp-block-spacer\"><\/div>\n<\/div><\/div>\n\n\n\n<p class=\"has-small-font-size\" style=\"margin-top:0;margin-right:0;margin-bottom:0;margin-left:0;padding-top:var(--wp--preset--spacing--10);padding-right:var(--wp--preset--spacing--20);padding-bottom:var(--wp--preset--spacing--10);padding-left:var(--wp--preset--spacing--20)\">Saluhallen i Stone town, Zanzibar. Freddie Mercury (Queen) f\u00f6ddes i denna stad (1946).<\/p>\n\n\n\n<div class=\"wp-block-group alignfull has-base-2-background-color has-background has-global-padding is-layout-constrained wp-container-core-group-is-layout-946f663b wp-block-group-is-layout-constrained\" style=\"margin-top:0;margin-bottom:0;padding-top:var(--wp--preset--spacing--30);padding-right:var(--wp--preset--spacing--30);padding-bottom:var(--wp--preset--spacing--30);padding-left:var(--wp--preset--spacing--30)\">\n<div class=\"wp-block-group alignwide is-layout-flow wp-block-group-is-layout-flow\">\n<div style=\"height:var(--wp--preset--spacing--50)\" aria-hidden=\"true\" class=\"wp-block-spacer\"><\/div>\n\n\n\n<p class=\"has-text-align-center has-contrast-color has-text-color has-link-color has-heading-font-family has-x-large-font-size wp-elements-960743438ac97a4bcd0b233d5390525b\" style=\"font-style:normal;font-weight:400;line-height:1.2\">Jag har alltid m\u00e5lat landskap. <\/p>\n\n\n\n<p class=\"has-text-align-center has-contrast-color has-text-color has-link-color has-heading-font-family has-x-large-font-size wp-elements-cd06c7012c116bd06f7f28e656422d55\" style=\"font-style:normal;font-weight:400;line-height:1.2\">Naturen inspirerar mig.<\/p>\n\n\n\n<div style=\"height:var(--wp--preset--spacing--50)\" aria-hidden=\"true\" class=\"wp-block-spacer\"><\/div>\n<\/div>\n<\/div>\n\n\n\n<div class=\"wp-block-group alignfull has-base-2-color has-contrast-background-color has-text-color has-background has-link-color wp-elements-52bf7a3d22d76edb72277561067aa8d8 has-global-padding is-layout-constrained wp-container-core-group-is-layout-facafb6f wp-block-group-is-layout-constrained\" style=\"margin-top:0;margin-bottom:0;padding-top:var(--wp--preset--spacing--50);padding-right:var(--wp--preset--spacing--50);padding-bottom:var(--wp--preset--spacing--50);padding-left:var(--wp--preset--spacing--50)\">\n<div class=\"wp-block-columns alignwide is-layout-flex wp-container-core-columns-is-layout-9eb78b9d wp-block-columns-is-layout-flex\" style=\"margin-top:0;margin-bottom:0;padding-top:0;padding-right:0;padding-bottom:0;padding-left:0\">\n<div class=\"wp-block-column is-vertically-aligned-stretch is-layout-flow wp-block-column-is-layout-flow\" style=\"padding-right:0;flex-basis:50%\">\n<div class=\"wp-block-group is-vertical is-content-justification-stretch is-layout-flex wp-container-core-group-is-layout-ae24f51d wp-block-group-is-layout-flex\" style=\"min-height:100%\">\n<figure class=\"wp-block-image size-large is-style-rounded is-style-rounded--2\"><img loading=\"lazy\" decoding=\"async\" width=\"1024\" height=\"768\" src=\"https:\/\/jankotka.se\/wp-content\/uploads\/2024\/08\/1051-Fiskare_i_bat_nara_stranden_Msasani_distriktet_Dar-es-Salaam_av_Jan_Kotka-korr-x4-1024x768.png\" alt=\"\" class=\"wp-image-125\" style=\"aspect-ratio:9\/16;object-fit:cover\" srcset=\"https:\/\/jankotka.se\/wp-content\/uploads\/2024\/08\/1051-Fiskare_i_bat_nara_stranden_Msasani_distriktet_Dar-es-Salaam_av_Jan_Kotka-korr-x4-1024x768.png 1024w, https:\/\/jankotka.se\/wp-content\/uploads\/2024\/08\/1051-Fiskare_i_bat_nara_stranden_Msasani_distriktet_Dar-es-Salaam_av_Jan_Kotka-korr-x4-500x375.png 500w, https:\/\/jankotka.se\/wp-content\/uploads\/2024\/08\/1051-Fiskare_i_bat_nara_stranden_Msasani_distriktet_Dar-es-Salaam_av_Jan_Kotka-korr-x4-768x576.png 768w, https:\/\/jankotka.se\/wp-content\/uploads\/2024\/08\/1051-Fiskare_i_bat_nara_stranden_Msasani_distriktet_Dar-es-Salaam_av_Jan_Kotka-korr-x4-1536x1152.png 1536w, https:\/\/jankotka.se\/wp-content\/uploads\/2024\/08\/1051-Fiskare_i_bat_nara_stranden_Msasani_distriktet_Dar-es-Salaam_av_Jan_Kotka-korr-x4.png 1760w\" sizes=\"auto, (max-width: 1024px) 100vw, 1024px\" \/><\/figure>\n\n\n\n<p class=\"has-large-font-size\">M\u00f6ta m\u00e4nniskor inspirerar mig ocks\u00e5, och \u00e4ven olika kulturer.<\/p>\n<\/div>\n<\/div>\n\n\n\n<div class=\"wp-block-column is-layout-flow wp-block-column-is-layout-flow\" style=\"flex-basis:50%\">\n<div class=\"wp-block-group has-global-padding is-layout-constrained wp-block-group-is-layout-constrained\">\n<p class=\"has-large-font-size\" style=\"margin-top:0;margin-right:0;margin-bottom:0;margin-left:0;padding-top:0;padding-right:0;padding-bottom:0;padding-left:0;font-style:normal;font-weight:500;line-height:1.2\">Inspiration finner jag hos impressionister som Monet och den svenska m\u00e5laren Carl Fredrik Hill.<\/p>\n\n\n\n<div class=\"wp-block-group is-layout-flow wp-block-group-is-layout-flow\">\n<p class=\"has-medium-font-size\">N\u00e4r jag m\u00e5lar ett landskap s\u00e5 g\u00f6r jag det &#8221;alla prima&#8221; \/ &#8221;wet in wet&#8221;.<\/p>\n\n\n\n<figure class=\"wp-block-image size-large is-style-rounded is-style-rounded--3\"><img loading=\"lazy\" decoding=\"async\" width=\"760\" height=\"1024\" src=\"https:\/\/jankotka.se\/wp-content\/uploads\/2024\/08\/1159-Junie_och_hunden_Sally_pa_vasterudd_Hertigo_2022_av_Jan_Kotka-760x1024.jpg\" alt=\"\" class=\"wp-image-123\" style=\"aspect-ratio:9\/16;object-fit:cover\" srcset=\"https:\/\/jankotka.se\/wp-content\/uploads\/2024\/08\/1159-Junie_och_hunden_Sally_pa_vasterudd_Hertigo_2022_av_Jan_Kotka-760x1024.jpg 760w, https:\/\/jankotka.se\/wp-content\/uploads\/2024\/08\/1159-Junie_och_hunden_Sally_pa_vasterudd_Hertigo_2022_av_Jan_Kotka-371x500.jpg 371w, https:\/\/jankotka.se\/wp-content\/uploads\/2024\/08\/1159-Junie_och_hunden_Sally_pa_vasterudd_Hertigo_2022_av_Jan_Kotka-768x1035.jpg 768w, https:\/\/jankotka.se\/wp-content\/uploads\/2024\/08\/1159-Junie_och_hunden_Sally_pa_vasterudd_Hertigo_2022_av_Jan_Kotka.jpg 950w\" sizes=\"auto, (max-width: 760px) 100vw, 760px\" \/><\/figure>\n<\/div>\n<\/div>\n<\/div>\n<\/div>\n<\/div>\n\n\n\n<div class=\"wp-block-group alignfull has-contrast-color has-base-2-background-color has-text-color has-background has-link-color wp-elements-d69d108cb2688dd2e307f262a56cca23 is-layout-flow wp-container-core-group-is-layout-2a668712 wp-block-group-is-layout-flow\" style=\"margin-top:0;margin-bottom:0;padding-top:0;padding-right:0;padding-bottom:0;padding-left:0\">\n<h2 class=\"wp-block-heading has-text-align-center has-contrast-3-color has-text-color has-link-color wp-elements-1df7445ed5d70ad6fc7bcf7edacb2d26\" id=\"galleribellman\" style=\"padding-top:var(--wp--preset--spacing--20);padding-bottom:var(--wp--preset--spacing--20)\">Utst\u00e4llning fre 30 aug &#8211; to 5 sept, 2024<\/h2>\n\n\n\n<div class=\"wp-block-columns is-layout-flex wp-container-core-columns-is-layout-28f84493 wp-block-columns-is-layout-flex\">\n<div class=\"wp-block-column is-layout-flow wp-block-column-is-layout-flow\" style=\"flex-basis:50%\">\n<div class=\"wp-block-group has-global-padding is-layout-constrained wp-block-group-is-layout-constrained\" style=\"min-height:0px;margin-top:0;margin-bottom:0;padding-top:0;padding-bottom:0\">\n<div style=\"height:10px\" aria-hidden=\"true\" class=\"wp-block-spacer\"><\/div>\n\n\n\n<figure class=\"wp-block-image size-full\"><img loading=\"lazy\" decoding=\"async\" width=\"960\" height=\"735\" src=\"https:\/\/jankotka.se\/wp-content\/uploads\/2024\/08\/klippor_vatten.jpg\" alt=\"\" class=\"wp-image-138\" srcset=\"https:\/\/jankotka.se\/wp-content\/uploads\/2024\/08\/klippor_vatten.jpg 960w, https:\/\/jankotka.se\/wp-content\/uploads\/2024\/08\/klippor_vatten-500x383.jpg 500w, https:\/\/jankotka.se\/wp-content\/uploads\/2024\/08\/klippor_vatten-768x588.jpg 768w\" sizes=\"auto, (max-width: 960px) 100vw, 960px\" \/><\/figure>\n\n\n\n<p class=\"has-contrast-2-color has-text-color has-link-color wp-elements-5d729671b34fb813eff06bd4dc38d6f6\"><\/p>\n\n\n\n<p><\/p>\n\n\n\n<div style=\"height:60px\" aria-hidden=\"true\" class=\"wp-block-spacer\"><\/div>\n<\/div>\n<\/div>\n\n\n\n<div class=\"wp-block-column is-layout-flow wp-block-column-is-layout-flow\" style=\"flex-basis:50%\">\n<p class=\"has-contrast-color has-text-color has-link-color wp-elements-116ad6111d8af585fcae22d14fd7d56b\" style=\"padding-top:var(--wp--preset--spacing--10);padding-bottom:var(--wp--preset--spacing--10)\">Jag medverkar med ytterligare 12 medlemmar i &#8221;<strong>H\u00f6stsalongen Svenska Konstn\u00e4rsf\u00f6rbundet Region \u00d6st<\/strong>&#8221;, p\u00e5 Galleri Bellman, med m\u00e5leri och grafik.<\/p>\n\n\n\n<p><a href=\"https:\/\/galleribellman.se\/svenska-konstnarsforbundet-region-ost-30-augusti-5-september\/\">Galleri Bellmans sida om utst\u00e4llningen.<\/a><\/p>\n\n\n\n<p><strong>Adress<\/strong>: Bellmansgatan 9, alldeles intill Hornsgatspuckeln.<\/p>\n\n\n\n<p><strong>\u00d6ppettider: <\/strong><\/p>\n\n\n\n<p>Fred 30\/8 kl 17-19. <\/p>\n\n\n\n<p>L\u00f6rdag-s\u00f6ndag 31\/8 &#8211; 1\/9, kl 12-17. <\/p>\n\n\n\n<p>M\u00e5ndag-onsdag 2\/9 &#8211; 4\/9, kl 12-18.<\/p>\n\n\n\n<p>Torsdag 5\/9, kl 12-15. <\/p>\n\n\n\n<p><strong>Medverkande konstn\u00e4rer:<\/strong> Hassan Jamshidian, Leila Lagr\u00e9n, Christina Turner, Anna-Stina Gerdin, Jan Kotka, CecileHansson, Birgitta Gure, Karoline L\u00f6fstedt, Lisbeth Nordin, Margareth Mo Schalander, Marlene Karlsson, Lena Gunnarsson och Elahe Jalili.<\/p>\n<\/div>\n<\/div>\n<\/div>\n\n\n\n<div class=\"wp-block-cover alignfull is-light\" style=\"margin-top:0;margin-bottom:0;min-height:800px;aspect-ratio:unset;\"><span aria-hidden=\"true\" class=\"wp-block-cover__background has-background-dim-60 has-background-dim\" style=\"background-color:#c1cad2\"><\/span><img loading=\"lazy\" decoding=\"async\" width=\"1760\" height=\"1288\" class=\"wp-block-cover__image-background wp-image-378\" alt=\"\" src=\"https:\/\/jankotka.se\/wp-content\/uploads\/2024\/08\/1127-Vatten_och_oar_Hertigo_av_Jan_Kotka_korr_x4.png\" data-object-fit=\"cover\" srcset=\"https:\/\/jankotka.se\/wp-content\/uploads\/2024\/08\/1127-Vatten_och_oar_Hertigo_av_Jan_Kotka_korr_x4.png 1760w, https:\/\/jankotka.se\/wp-content\/uploads\/2024\/08\/1127-Vatten_och_oar_Hertigo_av_Jan_Kotka_korr_x4-500x366.png 500w, https:\/\/jankotka.se\/wp-content\/uploads\/2024\/08\/1127-Vatten_och_oar_Hertigo_av_Jan_Kotka_korr_x4-1024x749.png 1024w, https:\/\/jankotka.se\/wp-content\/uploads\/2024\/08\/1127-Vatten_och_oar_Hertigo_av_Jan_Kotka_korr_x4-768x562.png 768w, https:\/\/jankotka.se\/wp-content\/uploads\/2024\/08\/1127-Vatten_och_oar_Hertigo_av_Jan_Kotka_korr_x4-1536x1124.png 1536w\" sizes=\"auto, (max-width: 1760px) 100vw, 1760px\" \/><div class=\"wp-block-cover__inner-container is-layout-flow wp-container-core-cover-is-layout-7c43e52d wp-block-cover-is-layout-flow\">\n<h2 class=\"wp-block-heading alignwide has-base-2-color has-text-color\" style=\"font-size:clamp(24.526px, 1.533rem + ((1vw - 3.2px) * 1.716), 41px);\">Agora Gallery, New York (2015):<\/h2>\n\n\n\n<div class=\"wp-block-columns alignwide is-layout-flex wp-container-core-columns-is-layout-28f84493 wp-block-columns-is-layout-flex\">\n<div class=\"wp-block-column is-layout-flow wp-block-column-is-layout-flow\" style=\"flex-basis:55%\">\n<div style=\"height:60px\" aria-hidden=\"true\" class=\"wp-block-spacer\"><\/div>\n\n\n\n<p class=\"has-base-2-color has-contrast-2-background-color has-text-color has-background\" style=\"font-size:clamp(14.082px, 0.88rem + ((1vw - 3.2px) * 0.721), 21px);line-height:1.3\">Jan Kotka, en svensk m\u00e5lare, st\u00e4llde ut vid <em>Agora Gallery for Modalities of Expression<\/em>, i november 2015. Kotkas m\u00e5nga upplevelser fr\u00e5n sina resor i v\u00e4rlden \u00e4r inspirationen f\u00f6r hans landskapsm\u00e5lningar i flera stilar. Kotkas st\u00f6rsta bedrift kan vara hans varma och familj\u00e4ra f\u00e4rgpalettet f\u00f6r vintriga landskap. \u201dHertig\u00f6 utsikt\u201d kommer ingjuta en k\u00e4nsla av harmoni och fokus i varje rum. <a href=\"https:\/\/www.agora-gallery.com\">www.agora-gallery.com<\/a><\/p>\n<\/div>\n\n\n\n<div class=\"wp-block-column is-vertically-aligned-bottom is-layout-flow wp-block-column-is-layout-flow\">\n<div class=\"wp-block-buttons is-layout-flex wp-block-buttons-is-layout-flex\">\n<div class=\"wp-block-button\"><a class=\"wp-block-button__link wp-element-button\" href=\"https:\/\/jankotka.se\/index.php\/galleri-hertigo-natur\/\">Se Hertig\u00f6 utsikt (1023 &amp; 1127) i <br>galleriet &#8221;Hertig\u00f6 Natur&#8221;<\/a><\/div>\n<\/div>\n<\/div>\n<\/div>\n<\/div><\/div>\n\n\n\n<div class=\"wp-block-media-text alignfull has-media-on-the-right is-stacked-on-mobile is-vertically-aligned-center is-style-default\" style=\"margin-right:0;margin-left:0;padding-right:0;padding-left:0;grid-template-columns:auto 40%\"><div class=\"wp-block-media-text__content\">\n<h2 class=\"wp-block-heading has-base-2-color has-text-color\" style=\"font-style:normal;font-weight:400\">Mottagare av stipendium genom Konstn\u00e4rsklubben<\/h2>\n\n\n\n<p class=\"has-base-2-color has-text-color\" style=\"line-height:1.6\">Stipendiet g\u00e4llde att bes\u00f6ka och m\u00e5la i en k\u00e4nd konstn\u00e4rskoloni, <a href=\"https:\/\/www.grez-stiftelsen.se\/\">Grez sur Loing<\/a> i Frankrike (<a href=\"https:\/\/www.facebook.com\/profile.php?id=100087282774998\">Facebook<\/a>, <a href=\"https:\/\/www.instagram.com\/stiftelsengrezsurloing\/\">Instagram<\/a>). Kolonin har varit verksam sedan sena 1800-talet. Flera k\u00e4nda m\u00e5lare och f\u00f6rfattare har bes\u00f6kt kolonin. Exempelvis Carl och Karin Larsson, Robert Louis Stevenson, Julia Beck, Karl Nordstr\u00f6m, Frank O&#8217;Meara, Sir John Lavery, Georg Pauli och August Strindberg. <\/p>\n\n\n\n<p class=\"has-base-2-color has-text-color\" style=\"line-height:1.6\">En fantastiskt inspirerande resa som skedde i juli 2023, och jag \u00e4r mycket stolt att vara mottagare av stipendiet och tacksam f\u00f6r m\u00f6jligheten.<\/p>\n\n\n\n<p>Jag \u00e4r ledamot av <a href=\"https:\/\/xn--konstnrsklubben-5kb.se\/\" data-type=\"link\" data-id=\"https:\/\/xn--konstnrsklubben-5kb.se\/\">Konstn\u00e4rsklubben<\/a> sedan 2019.<\/p>\n\n\n\n<p>Kontakta mig g\u00e4rna, du ser infon nedan.<\/p>\n<\/div><figure class=\"wp-block-media-text__media\"><img loading=\"lazy\" decoding=\"async\" width=\"677\" height=\"733\" src=\"https:\/\/jankotka.se\/wp-content\/uploads\/2024\/08\/Sjalvportratt_Jan_Kotka_malar_i_Frankrike_2024.png\" alt=\"\" class=\"wp-image-385 size-full\" srcset=\"https:\/\/jankotka.se\/wp-content\/uploads\/2024\/08\/Sjalvportratt_Jan_Kotka_malar_i_Frankrike_2024.png 677w, https:\/\/jankotka.se\/wp-content\/uploads\/2024\/08\/Sjalvportratt_Jan_Kotka_malar_i_Frankrike_2024-462x500.png 462w\" sizes=\"auto, (max-width: 677px) 100vw, 677px\" \/><\/figure><\/div>\n\n\n\n<p><\/p>\n","protected":false},"excerpt":{"rendered":"<p>Min bakgrund Jag f\u00f6ddes med en pensel i handen. Jag har ritat och m\u00e5lat sedan barnsben. Mina f\u00f6rsta teckningar publicerades i den lokala tidningen \u00e4r jag var endast fem \u00e5r gammal. Sedan den dagen s\u00e5 skapar jag forfarande. Det \u00e4r som en r\u00f6d tr\u00e5d, att m\u00e5la ger mig en balans i livet Jag har alltid [&hellip;]<\/p>\n","protected":false},"author":1,"featured_media":0,"parent":0,"menu_order":0,"comment_status":"closed","ping_status":"closed","template":"","meta":{"pgc_sgb_lightbox_settings":"","footnotes":""},"class_list":["post-18","page","type-page","status-publish","hentry"],"_links":{"self":[{"href":"https:\/\/jankotka.se\/index.php\/wp-json\/wp\/v2\/pages\/18","targetHints":{"allow":["GET"]}}],"collection":[{"href":"https:\/\/jankotka.se\/index.php\/wp-json\/wp\/v2\/pages"}],"about":[{"href":"https:\/\/jankotka.se\/index.php\/wp-json\/wp\/v2\/types\/page"}],"author":[{"embeddable":true,"href":"https:\/\/jankotka.se\/index.php\/wp-json\/wp\/v2\/users\/1"}],"replies":[{"embeddable":true,"href":"https:\/\/jankotka.se\/index.php\/wp-json\/wp\/v2\/comments?post=18"}],"version-history":[{"count":49,"href":"https:\/\/jankotka.se\/index.php\/wp-json\/wp\/v2\/pages\/18\/revisions"}],"predecessor-version":[{"id":747,"href":"https:\/\/jankotka.se\/index.php\/wp-json\/wp\/v2\/pages\/18\/revisions\/747"}],"wp:attachment":[{"href":"https:\/\/jankotka.se\/index.php\/wp-json\/wp\/v2\/media?parent=18"}],"curies":[{"name":"wp","href":"https:\/\/api.w.org\/{rel}","templated":true}]}}