{"id":215,"date":"2024-08-30T11:57:53","date_gmt":"2024-08-30T09:57:53","guid":{"rendered":"https:\/\/jankotka.se\/?page_id=215"},"modified":"2024-09-01T10:39:49","modified_gmt":"2024-09-01T08:39:49","slug":"prislista","status":"publish","type":"page","link":"https:\/\/jankotka.se\/index.php\/prislista\/","title":{"rendered":"Prislista"},"content":{"rendered":"\n<figure class=\"wp-block-image size-full\"><img loading=\"lazy\" decoding=\"async\" width=\"960\" height=\"720\" src=\"https:\/\/jankotka.se\/wp-content\/uploads\/2024\/09\/Galleri_Bellman_Utstallning_2024-08-30.jpg\" alt=\"\" class=\"wp-image-413\" srcset=\"https:\/\/jankotka.se\/wp-content\/uploads\/2024\/09\/Galleri_Bellman_Utstallning_2024-08-30.jpg 960w, https:\/\/jankotka.se\/wp-content\/uploads\/2024\/09\/Galleri_Bellman_Utstallning_2024-08-30-500x375.jpg 500w, https:\/\/jankotka.se\/wp-content\/uploads\/2024\/09\/Galleri_Bellman_Utstallning_2024-08-30-768x576.jpg 768w\" sizes=\"auto, (max-width: 960px) 100vw, 960px\" \/><\/figure>\n\n\n\n<p>Nedan finns priserna p\u00e5 den verk som \u00e4r med i utst\u00e4llningen 30\/8&#8211;5\/9, 2024. <\/p>\n\n\n\n<p>1: Gamla S\u00f6der<br>Teknik: olja p\u00e5 duk<br>3.500kr<\/p>\n\n\n\n<p>2: Utsikt Mosebacke<br>Teknik: krita p\u00e5 duk<br>3.500kr<\/p>\n\n\n\n<p>3: Sandemar kanal<br>Teknik: olja p\u00e5 duk<br>3.500kr<\/p>\n\n\n\n<p>4: Slussen (s\u00e5ld)<br>Teknik: olja p\u00e5 duk<br>5.000kr<\/p>\n\n\n\n<p>5: En kv\u00e4ll i Juni<br>Teknik: olja p\u00e5 duk<br>10.000kr<\/p>\n\n\n\n<p>6: Klippor och hav<br>Teknik: olja p\u00e5 duk<br>3.500kr<\/p>\n\n\n\n<p>7: Arkipelag Grekland<br>Teknik: olja p\u00e5 duk<br>3.500kr<\/p>\n\n\n\n<p><\/p>\n","protected":false},"excerpt":{"rendered":"<p>Nedan finns priserna p\u00e5 den verk som \u00e4r med i utst\u00e4llningen 30\/8&#8211;5\/9, 2024. 1: Gamla S\u00f6derTeknik: olja p\u00e5 duk3.500kr 2: Utsikt MosebackeTeknik: krita p\u00e5 duk3.500kr 3: Sandemar kanalTeknik: olja p\u00e5 duk3.500kr 4: Slussen (s\u00e5ld)Teknik: olja p\u00e5 duk5.000kr 5: En kv\u00e4ll i JuniTeknik: olja p\u00e5 duk10.000kr 6: Klippor och havTeknik: olja p\u00e5 duk3.500kr 7: Arkipelag GreklandTeknik: [&hellip;]<\/p>\n","protected":false},"author":1,"featured_media":0,"parent":0,"menu_order":0,"comment_status":"closed","ping_status":"closed","template":"","meta":{"pgc_sgb_lightbox_settings":"","footnotes":""},"class_list":["post-215","page","type-page","status-publish","hentry"],"_links":{"self":[{"href":"https:\/\/jankotka.se\/index.php\/wp-json\/wp\/v2\/pages\/215","targetHints":{"allow":["GET"]}}],"collection":[{"href":"https:\/\/jankotka.se\/index.php\/wp-json\/wp\/v2\/pages"}],"about":[{"href":"https:\/\/jankotka.se\/index.php\/wp-json\/wp\/v2\/types\/page"}],"author":[{"embeddable":true,"href":"https:\/\/jankotka.se\/index.php\/wp-json\/wp\/v2\/users\/1"}],"replies":[{"embeddable":true,"href":"https:\/\/jankotka.se\/index.php\/wp-json\/wp\/v2\/comments?post=215"}],"version-history":[{"count":4,"href":"https:\/\/jankotka.se\/index.php\/wp-json\/wp\/v2\/pages\/215\/revisions"}],"predecessor-version":[{"id":419,"href":"https:\/\/jankotka.se\/index.php\/wp-json\/wp\/v2\/pages\/215\/revisions\/419"}],"wp:attachment":[{"href":"https:\/\/jankotka.se\/index.php\/wp-json\/wp\/v2\/media?parent=215"}],"curies":[{"name":"wp","href":"https:\/\/api.w.org\/{rel}","templated":true}]}}