{"id":223,"date":"2024-08-30T16:13:14","date_gmt":"2024-08-30T14:13:14","guid":{"rendered":"https:\/\/jankotka.se\/?page_id=223"},"modified":"2024-08-30T19:31:17","modified_gmt":"2024-08-30T17:31:17","slug":"mina-konstverk","status":"publish","type":"page","link":"https:\/\/jankotka.se\/index.php\/mina-konstverk\/","title":{"rendered":"Mina konstverk"},"content":{"rendered":"\n<p>N\u00e4r jag rest i v\u00e4rlden har jag m\u00e5lat, olika stilar f\u00f6r olika platser.<\/p>\n\n\n\n<p><\/p>\n","protected":false},"excerpt":{"rendered":"<p>N\u00e4r jag rest i v\u00e4rlden har jag m\u00e5lat, olika stilar f\u00f6r olika platser.<\/p>\n","protected":false},"author":1,"featured_media":0,"parent":0,"menu_order":0,"comment_status":"closed","ping_status":"closed","template":"","meta":{"pgc_sgb_lightbox_settings":"","footnotes":""},"class_list":["post-223","page","type-page","status-publish","hentry"],"_links":{"self":[{"href":"https:\/\/jankotka.se\/index.php\/wp-json\/wp\/v2\/pages\/223","targetHints":{"allow":["GET"]}}],"collection":[{"href":"https:\/\/jankotka.se\/index.php\/wp-json\/wp\/v2\/pages"}],"about":[{"href":"https:\/\/jankotka.se\/index.php\/wp-json\/wp\/v2\/types\/page"}],"author":[{"embeddable":true,"href":"https:\/\/jankotka.se\/index.php\/wp-json\/wp\/v2\/users\/1"}],"replies":[{"embeddable":true,"href":"https:\/\/jankotka.se\/index.php\/wp-json\/wp\/v2\/comments?post=223"}],"version-history":[{"count":1,"href":"https:\/\/jankotka.se\/index.php\/wp-json\/wp\/v2\/pages\/223\/revisions"}],"predecessor-version":[{"id":224,"href":"https:\/\/jankotka.se\/index.php\/wp-json\/wp\/v2\/pages\/223\/revisions\/224"}],"wp:attachment":[{"href":"https:\/\/jankotka.se\/index.php\/wp-json\/wp\/v2\/media?parent=223"}],"curies":[{"name":"wp","href":"https:\/\/api.w.org\/{rel}","templated":true}]}}