{"id":249,"date":"2024-08-30T19:27:54","date_gmt":"2024-08-30T17:27:54","guid":{"rendered":"https:\/\/jankotka.se\/?page_id=249"},"modified":"2024-08-30T19:31:00","modified_gmt":"2024-08-30T17:31:00","slug":"galleri-dar-es-salaam","status":"publish","type":"page","link":"https:\/\/jankotka.se\/index.php\/galleri-dar-es-salaam\/","title":{"rendered":"Galleri Dar es-Salaam"},"content":{"rendered":"\n<div class=\"wp-block-group alignfull has-global-padding is-layout-constrained wp-block-group-is-layout-constrained\"><div class=\"pgc-sgb-cb wp-block-pgcsimplygalleryblock-viewer alignfull\" data-gallery-id=\"f9676508\"><div class=\"sgb-preloader\" id=\"pr_f9676508\">\n\t<div class=\"sgb-square\" style=\"background:#d4d4d4\"><\/div>\n\t<div class=\"sgb-square\" style=\"background:#d4d4d4\"><\/div>\n\t<div class=\"sgb-square\" style=\"background:#d4d4d4\"><\/div>\n\t<div class=\"sgb-square\" style=\"background:#d4d4d4\"><\/div><\/div><div class=\"simply-gallery-amp pgc_sgb_slider alignfull\"><noscript><div class=\"sgb-gallery\"><div class=\"sgb-item\"><a href=\"https:\/\/jankotka.se\/wp-content\/uploads\/2024\/08\/1294-Utsikt_fran_balkongen_Dar_es_Salaam_Tanzania_1986-1988_av_Jan_Kotka-korr-x4.png\"><img decoding=\"async\" alt=\"\" width=\"500\" height=\"375\" loading=\"lazy\" src=\"https:\/\/jankotka.se\/wp-content\/uploads\/2024\/08\/1294-Utsikt_fran_balkongen_Dar_es_Salaam_Tanzania_1986-1988_av_Jan_Kotka-korr-x4-500x375.png\" srcset=\"https:\/\/jankotka.se\/wp-content\/uploads\/2024\/08\/1294-Utsikt_fran_balkongen_Dar_es_Salaam_Tanzania_1986-1988_av_Jan_Kotka-korr-x4-500x375.png 500w,https:\/\/jankotka.se\/wp-content\/uploads\/2024\/08\/1294-Utsikt_fran_balkongen_Dar_es_Salaam_Tanzania_1986-1988_av_Jan_Kotka-korr-x4-1024x768.png 1024w,https:\/\/jankotka.se\/wp-content\/uploads\/2024\/08\/1294-Utsikt_fran_balkongen_Dar_es_Salaam_Tanzania_1986-1988_av_Jan_Kotka-korr-x4.png 1760w\" sizes=\"auto, 250px\"\/><\/a><div class=\"sgb-item-caption\"><em>Shott Plott d\u00e4r vi bodde, Tanzania, 1986-88. <\/em><\/div><\/div><div class=\"sgb-item\"><a href=\"https:\/\/jankotka.se\/wp-content\/uploads\/2024\/08\/1081-Hus_och_tak_i_Dar-es-Salaam_1986_av_Jan_Kotka-korr.png\"><img decoding=\"async\" alt=\"\" width=\"500\" height=\"375\" loading=\"lazy\" src=\"https:\/\/jankotka.se\/wp-content\/uploads\/2024\/08\/1081-Hus_och_tak_i_Dar-es-Salaam_1986_av_Jan_Kotka-korr-500x375.png\" srcset=\"https:\/\/jankotka.se\/wp-content\/uploads\/2024\/08\/1081-Hus_och_tak_i_Dar-es-Salaam_1986_av_Jan_Kotka-korr-500x375.png 500w,https:\/\/jankotka.se\/wp-content\/uploads\/2024\/08\/1081-Hus_och_tak_i_Dar-es-Salaam_1986_av_Jan_Kotka-korr-1024x768.png 1024w,https:\/\/jankotka.se\/wp-content\/uploads\/2024\/08\/1081-Hus_och_tak_i_Dar-es-Salaam_1986_av_Jan_Kotka-korr.png 1280w\" sizes=\"auto, 250px\"\/><\/a><div class=\"sgb-item-caption\"><em>Utsikten mot hamnen <\/em><\/div><\/div><div class=\"sgb-item\"><a href=\"https:\/\/jankotka.se\/wp-content\/uploads\/2024\/08\/1093-Alexandra_far_haret_flatat_Dar-es-Salaam_Tanzania_av_Jan_Kotka-korr-2x.jpg\"><img decoding=\"async\" alt=\"\" width=\"426\" height=\"500\" loading=\"lazy\" src=\"https:\/\/jankotka.se\/wp-content\/uploads\/2024\/08\/1093-Alexandra_far_haret_flatat_Dar-es-Salaam_Tanzania_av_Jan_Kotka-korr-2x-426x500.jpg\" srcset=\"https:\/\/jankotka.se\/wp-content\/uploads\/2024\/08\/1093-Alexandra_far_haret_flatat_Dar-es-Salaam_Tanzania_av_Jan_Kotka-korr-2x-426x500.jpg 426w,https:\/\/jankotka.se\/wp-content\/uploads\/2024\/08\/1093-Alexandra_far_haret_flatat_Dar-es-Salaam_Tanzania_av_Jan_Kotka-korr-2x-872x1024.jpg 872w,https:\/\/jankotka.se\/wp-content\/uploads\/2024\/08\/1093-Alexandra_far_haret_flatat_Dar-es-Salaam_Tanzania_av_Jan_Kotka-korr-2x.jpg 1560w\" sizes=\"auto, 250px\"\/><\/a><\/div><div class=\"sgb-item\"><a href=\"https:\/\/jankotka.se\/wp-content\/uploads\/2024\/08\/1283-Oyster_bay_Dar-es-Salaam_Tanzania_1986-88_av_Jan_Kotka-korr.png\"><img decoding=\"async\" alt=\"\" width=\"500\" height=\"375\" loading=\"lazy\" src=\"https:\/\/jankotka.se\/wp-content\/uploads\/2024\/08\/1283-Oyster_bay_Dar-es-Salaam_Tanzania_1986-88_av_Jan_Kotka-korr-500x375.png\" srcset=\"https:\/\/jankotka.se\/wp-content\/uploads\/2024\/08\/1283-Oyster_bay_Dar-es-Salaam_Tanzania_1986-88_av_Jan_Kotka-korr-500x375.png 500w,https:\/\/jankotka.se\/wp-content\/uploads\/2024\/08\/1283-Oyster_bay_Dar-es-Salaam_Tanzania_1986-88_av_Jan_Kotka-korr-1024x768.png 1024w,https:\/\/jankotka.se\/wp-content\/uploads\/2024\/08\/1283-Oyster_bay_Dar-es-Salaam_Tanzania_1986-88_av_Jan_Kotka-korr.png 1280w\" sizes=\"auto, 250px\"\/><\/a><div class=\"sgb-item-caption\"><em>Tanzania. 1986-88.\n<\/em><\/div><\/div><div class=\"sgb-item\"><a href=\"https:\/\/jankotka.se\/wp-content\/uploads\/2024\/08\/1028-Fiskare_i_bat_nara_stranden_Msasani_distriktet_Dar-es-Salaam_av_Jan_Kotka-korr-x4.png\"><img decoding=\"async\" alt=\"\" width=\"500\" height=\"375\" loading=\"lazy\" src=\"https:\/\/jankotka.se\/wp-content\/uploads\/2024\/08\/1028-Fiskare_i_bat_nara_stranden_Msasani_distriktet_Dar-es-Salaam_av_Jan_Kotka-korr-x4-500x375.png\" srcset=\"https:\/\/jankotka.se\/wp-content\/uploads\/2024\/08\/1028-Fiskare_i_bat_nara_stranden_Msasani_distriktet_Dar-es-Salaam_av_Jan_Kotka-korr-x4-500x375.png 500w,https:\/\/jankotka.se\/wp-content\/uploads\/2024\/08\/1028-Fiskare_i_bat_nara_stranden_Msasani_distriktet_Dar-es-Salaam_av_Jan_Kotka-korr-x4-1024x768.png 1024w,https:\/\/jankotka.se\/wp-content\/uploads\/2024\/08\/1028-Fiskare_i_bat_nara_stranden_Msasani_distriktet_Dar-es-Salaam_av_Jan_Kotka-korr-x4.png 1760w\" sizes=\"auto, 250px\"\/><\/a><div class=\"sgb-item-caption\"><em>Msasani stranden Dar es Salaam\nFiskare drar not p\u00e5 traditionellt s\u00e4tt.<\/em><\/div><\/div><div class=\"sgb-item\"><a href=\"https:\/\/jankotka.se\/wp-content\/uploads\/2024\/08\/1051-Fiskare_i_bat_nara_stranden_Msasani_distriktet_Dar-es-Salaam_av_Jan_Kotka-korr-x4.png\"><img decoding=\"async\" alt=\"\" width=\"500\" height=\"375\" loading=\"lazy\" src=\"https:\/\/jankotka.se\/wp-content\/uploads\/2024\/08\/1051-Fiskare_i_bat_nara_stranden_Msasani_distriktet_Dar-es-Salaam_av_Jan_Kotka-korr-x4-500x375.png\" srcset=\"https:\/\/jankotka.se\/wp-content\/uploads\/2024\/08\/1051-Fiskare_i_bat_nara_stranden_Msasani_distriktet_Dar-es-Salaam_av_Jan_Kotka-korr-x4-500x375.png 500w,https:\/\/jankotka.se\/wp-content\/uploads\/2024\/08\/1051-Fiskare_i_bat_nara_stranden_Msasani_distriktet_Dar-es-Salaam_av_Jan_Kotka-korr-x4-1024x768.png 1024w,https:\/\/jankotka.se\/wp-content\/uploads\/2024\/08\/1051-Fiskare_i_bat_nara_stranden_Msasani_distriktet_Dar-es-Salaam_av_Jan_Kotka-korr-x4.png 1760w\" sizes=\"auto, 250px\"\/><\/a><\/div><\/div><\/noscript><\/div><script type=\"application\/json\" class=\"sgb-data\">{\"galleryType\":\"pgc_sgb_viewer\",\"align\":\"full\",\"galleryId\":\"f9676508\",\"images\":[{\"id\":247,\"title\":\"1294 Utsikt fr\u00e5n v\u00e5r balkong i Dar es-Salaam\",\"url\":\"https:\/\/jankotka.se\/wp-content\/uploads\/2024\/08\/1294-Utsikt_fran_balkongen_Dar_es_Salaam_Tanzania_1986-1988_av_Jan_Kotka-korr-x4.png\",\"link\":\"https:\/\/jankotka.se\/1294-utsikt_fran_balkongen_dar_es_salaam_tanzania_1986-1988_av_jan_kotka-korr-x4\/\",\"alt\":\"\",\"description\":\"\",\"caption\":\"Shott Plott d\u00e4r vi bodde, Tanzania, 1986-88. \",\"mime\":\"image\/png\",\"type\":\"image\",\"width\":1760,\"height\":1320,\"sizes\":{\"thumbnail\":{\"height\":250,\"width\":250,\"url\":\"https:\/\/jankotka.se\/wp-content\/uploads\/2024\/08\/1294-Utsikt_fran_balkongen_Dar_es_Salaam_Tanzania_1986-1988_av_Jan_Kotka-korr-x4-250x250.png\",\"orientation\":\"landscape\"},\"medium\":{\"height\":375,\"width\":500,\"url\":\"https:\/\/jankotka.se\/wp-content\/uploads\/2024\/08\/1294-Utsikt_fran_balkongen_Dar_es_Salaam_Tanzania_1986-1988_av_Jan_Kotka-korr-x4-500x375.png\",\"orientation\":\"landscape\"},\"large\":{\"height\":768,\"width\":1024,\"url\":\"https:\/\/jankotka.se\/wp-content\/uploads\/2024\/08\/1294-Utsikt_fran_balkongen_Dar_es_Salaam_Tanzania_1986-1988_av_Jan_Kotka-korr-x4-1024x768.png\",\"orientation\":\"landscape\"},\"full\":{\"url\":\"https:\/\/jankotka.se\/wp-content\/uploads\/2024\/08\/1294-Utsikt_fran_balkongen_Dar_es_Salaam_Tanzania_1986-1988_av_Jan_Kotka-korr-x4.png\",\"height\":1320,\"width\":1760,\"orientation\":\"landscape\"}},\"imageMeta\":{\"aperture\":\"0\",\"credit\":\"\",\"camera\":\"\",\"caption\":\"\",\"created_timestamp\":\"0\",\"copyright\":\"\",\"focal_length\":\"0\",\"iso\":\"0\",\"shutter_speed\":\"0\",\"title\":\"\",\"orientation\":\"0\",\"keywords\":[]},\"meta\":false},{\"id\":244,\"title\":\"1081 Dar es-Salaam  1986\",\"url\":\"https:\/\/jankotka.se\/wp-content\/uploads\/2024\/08\/1081-Hus_och_tak_i_Dar-es-Salaam_1986_av_Jan_Kotka-korr.png\",\"link\":\"https:\/\/jankotka.se\/1081-hus_och_tak_i_dar-es-salaam_1986_av_jan_kotka-korr\/\",\"alt\":\"\",\"description\":\"\",\"caption\":\"Utsikten mot hamnen \",\"mime\":\"image\/png\",\"type\":\"image\",\"width\":1280,\"height\":960,\"sizes\":{\"thumbnail\":{\"height\":250,\"width\":250,\"url\":\"https:\/\/jankotka.se\/wp-content\/uploads\/2024\/08\/1081-Hus_och_tak_i_Dar-es-Salaam_1986_av_Jan_Kotka-korr-250x250.png\",\"orientation\":\"landscape\"},\"medium\":{\"height\":375,\"width\":500,\"url\":\"https:\/\/jankotka.se\/wp-content\/uploads\/2024\/08\/1081-Hus_och_tak_i_Dar-es-Salaam_1986_av_Jan_Kotka-korr-500x375.png\",\"orientation\":\"landscape\"},\"large\":{\"height\":768,\"width\":1024,\"url\":\"https:\/\/jankotka.se\/wp-content\/uploads\/2024\/08\/1081-Hus_och_tak_i_Dar-es-Salaam_1986_av_Jan_Kotka-korr-1024x768.png\",\"orientation\":\"landscape\"},\"full\":{\"url\":\"https:\/\/jankotka.se\/wp-content\/uploads\/2024\/08\/1081-Hus_och_tak_i_Dar-es-Salaam_1986_av_Jan_Kotka-korr.png\",\"height\":960,\"width\":1280,\"orientation\":\"landscape\"}},\"imageMeta\":{\"aperture\":\"0\",\"credit\":\"\",\"camera\":\"\",\"caption\":\"\",\"created_timestamp\":\"0\",\"copyright\":\"\",\"focal_length\":\"0\",\"iso\":\"0\",\"shutter_speed\":\"0\",\"title\":\"\",\"orientation\":\"0\",\"keywords\":[]},\"meta\":false},{\"id\":245,\"title\":\"1093 Alexandra f\u00e5r h\u00e5ret fl\u00e4tat p\u00e5 Shott Plott 1986-88\",\"url\":\"https:\/\/jankotka.se\/wp-content\/uploads\/2024\/08\/1093-Alexandra_far_haret_flatat_Dar-es-Salaam_Tanzania_av_Jan_Kotka-korr-2x.jpg\",\"link\":\"https:\/\/jankotka.se\/1093-alexandra_far_haret_flatat_dar-es-salaam_tanzania_av_jan_kotka-korr-2x\/\",\"alt\":\"\",\"description\":\"\",\"caption\":\"\",\"mime\":\"image\/jpeg\",\"type\":\"image\",\"width\":1560,\"height\":1832,\"sizes\":{\"thumbnail\":{\"height\":250,\"width\":250,\"url\":\"https:\/\/jankotka.se\/wp-content\/uploads\/2024\/08\/1093-Alexandra_far_haret_flatat_Dar-es-Salaam_Tanzania_av_Jan_Kotka-korr-2x-250x250.jpg\",\"orientation\":\"landscape\"},\"medium\":{\"height\":500,\"width\":426,\"url\":\"https:\/\/jankotka.se\/wp-content\/uploads\/2024\/08\/1093-Alexandra_far_haret_flatat_Dar-es-Salaam_Tanzania_av_Jan_Kotka-korr-2x-426x500.jpg\",\"orientation\":\"portrait\"},\"large\":{\"height\":1024,\"width\":872,\"url\":\"https:\/\/jankotka.se\/wp-content\/uploads\/2024\/08\/1093-Alexandra_far_haret_flatat_Dar-es-Salaam_Tanzania_av_Jan_Kotka-korr-2x-872x1024.jpg\",\"orientation\":\"portrait\"},\"full\":{\"url\":\"https:\/\/jankotka.se\/wp-content\/uploads\/2024\/08\/1093-Alexandra_far_haret_flatat_Dar-es-Salaam_Tanzania_av_Jan_Kotka-korr-2x.jpg\",\"height\":1832,\"width\":1560,\"orientation\":\"portrait\"}},\"imageMeta\":{\"aperture\":\"0\",\"credit\":\"\",\"camera\":\"\",\"caption\":\"\",\"created_timestamp\":\"0\",\"copyright\":\"\",\"focal_length\":\"0\",\"iso\":\"0\",\"shutter_speed\":\"0\",\"title\":\"\",\"orientation\":\"1\",\"keywords\":[]},\"meta\":false},{\"id\":246,\"title\":\"1283 Akvarell av Oyster bay, Dar es-Salaam\",\"url\":\"https:\/\/jankotka.se\/wp-content\/uploads\/2024\/08\/1283-Oyster_bay_Dar-es-Salaam_Tanzania_1986-88_av_Jan_Kotka-korr.png\",\"link\":\"https:\/\/jankotka.se\/1283-oyster_bay_dar-es-salaam_tanzania_1986-88_av_jan_kotka-korr\/\",\"alt\":\"\",\"description\":\"\",\"caption\":\"Tanzania. 1986-88.\\n\",\"mime\":\"image\/png\",\"type\":\"image\",\"width\":1280,\"height\":960,\"sizes\":{\"thumbnail\":{\"height\":250,\"width\":250,\"url\":\"https:\/\/jankotka.se\/wp-content\/uploads\/2024\/08\/1283-Oyster_bay_Dar-es-Salaam_Tanzania_1986-88_av_Jan_Kotka-korr-250x250.png\",\"orientation\":\"landscape\"},\"medium\":{\"height\":375,\"width\":500,\"url\":\"https:\/\/jankotka.se\/wp-content\/uploads\/2024\/08\/1283-Oyster_bay_Dar-es-Salaam_Tanzania_1986-88_av_Jan_Kotka-korr-500x375.png\",\"orientation\":\"landscape\"},\"large\":{\"height\":768,\"width\":1024,\"url\":\"https:\/\/jankotka.se\/wp-content\/uploads\/2024\/08\/1283-Oyster_bay_Dar-es-Salaam_Tanzania_1986-88_av_Jan_Kotka-korr-1024x768.png\",\"orientation\":\"landscape\"},\"full\":{\"url\":\"https:\/\/jankotka.se\/wp-content\/uploads\/2024\/08\/1283-Oyster_bay_Dar-es-Salaam_Tanzania_1986-88_av_Jan_Kotka-korr.png\",\"height\":960,\"width\":1280,\"orientation\":\"landscape\"}},\"imageMeta\":{\"aperture\":\"0\",\"credit\":\"\",\"camera\":\"\",\"caption\":\"\",\"created_timestamp\":\"0\",\"copyright\":\"\",\"focal_length\":\"0\",\"iso\":\"0\",\"shutter_speed\":\"0\",\"title\":\"\",\"orientation\":\"0\",\"keywords\":[]},\"meta\":false},{\"id\":242,\"title\":\"1028 Fiskare\",\"url\":\"https:\/\/jankotka.se\/wp-content\/uploads\/2024\/08\/1028-Fiskare_i_bat_nara_stranden_Msasani_distriktet_Dar-es-Salaam_av_Jan_Kotka-korr-x4.png\",\"link\":\"https:\/\/jankotka.se\/1028-fiskare_i_bat_nara_stranden_msasani_distriktet_dar-es-salaam_av_jan_kotka-korr-x4\/\",\"alt\":\"\",\"description\":\"\",\"caption\":\"Msasani stranden Dar es Salaam\\nFiskare drar not p\u00e5 traditionellt s\u00e4tt.\",\"mime\":\"image\/png\",\"type\":\"image\",\"width\":1760,\"height\":1320,\"sizes\":{\"thumbnail\":{\"height\":250,\"width\":250,\"url\":\"https:\/\/jankotka.se\/wp-content\/uploads\/2024\/08\/1028-Fiskare_i_bat_nara_stranden_Msasani_distriktet_Dar-es-Salaam_av_Jan_Kotka-korr-x4-250x250.png\",\"orientation\":\"landscape\"},\"medium\":{\"height\":375,\"width\":500,\"url\":\"https:\/\/jankotka.se\/wp-content\/uploads\/2024\/08\/1028-Fiskare_i_bat_nara_stranden_Msasani_distriktet_Dar-es-Salaam_av_Jan_Kotka-korr-x4-500x375.png\",\"orientation\":\"landscape\"},\"large\":{\"height\":768,\"width\":1024,\"url\":\"https:\/\/jankotka.se\/wp-content\/uploads\/2024\/08\/1028-Fiskare_i_bat_nara_stranden_Msasani_distriktet_Dar-es-Salaam_av_Jan_Kotka-korr-x4-1024x768.png\",\"orientation\":\"landscape\"},\"full\":{\"url\":\"https:\/\/jankotka.se\/wp-content\/uploads\/2024\/08\/1028-Fiskare_i_bat_nara_stranden_Msasani_distriktet_Dar-es-Salaam_av_Jan_Kotka-korr-x4.png\",\"height\":1320,\"width\":1760,\"orientation\":\"landscape\"}},\"imageMeta\":{\"aperture\":\"0\",\"credit\":\"\",\"camera\":\"\",\"caption\":\"\",\"created_timestamp\":\"0\",\"copyright\":\"\",\"focal_length\":\"0\",\"iso\":\"0\",\"shutter_speed\":\"0\",\"title\":\"\",\"orientation\":\"0\",\"keywords\":[]},\"meta\":false},{\"id\":125,\"title\":\"1051 Fiskare i kanot Msasani beach\",\"url\":\"https:\/\/jankotka.se\/wp-content\/uploads\/2024\/08\/1051-Fiskare_i_bat_nara_stranden_Msasani_distriktet_Dar-es-Salaam_av_Jan_Kotka-korr-x4.png\",\"link\":\"https:\/\/jankotka.se\/index.php\/jan-kotka-konstnar\/1051-fiskare_i_bat_nara_stranden_msasani_distriktet_dar-es-salaam_av_jan_kotka-korr-x4\/\",\"alt\":\"\",\"description\":\"\",\"caption\":\"\",\"mime\":\"image\/png\",\"type\":\"image\",\"width\":1760,\"height\":1320,\"sizes\":{\"thumbnail\":{\"height\":250,\"width\":250,\"url\":\"https:\/\/jankotka.se\/wp-content\/uploads\/2024\/08\/1051-Fiskare_i_bat_nara_stranden_Msasani_distriktet_Dar-es-Salaam_av_Jan_Kotka-korr-x4-250x250.png\",\"orientation\":\"landscape\"},\"medium\":{\"height\":375,\"width\":500,\"url\":\"https:\/\/jankotka.se\/wp-content\/uploads\/2024\/08\/1051-Fiskare_i_bat_nara_stranden_Msasani_distriktet_Dar-es-Salaam_av_Jan_Kotka-korr-x4-500x375.png\",\"orientation\":\"landscape\"},\"large\":{\"height\":768,\"width\":1024,\"url\":\"https:\/\/jankotka.se\/wp-content\/uploads\/2024\/08\/1051-Fiskare_i_bat_nara_stranden_Msasani_distriktet_Dar-es-Salaam_av_Jan_Kotka-korr-x4-1024x768.png\",\"orientation\":\"landscape\"},\"full\":{\"url\":\"https:\/\/jankotka.se\/wp-content\/uploads\/2024\/08\/1051-Fiskare_i_bat_nara_stranden_Msasani_distriktet_Dar-es-Salaam_av_Jan_Kotka-korr-x4.png\",\"height\":1320,\"width\":1760,\"orientation\":\"landscape\"}},\"imageMeta\":{\"aperture\":\"0\",\"credit\":\"\",\"camera\":\"\",\"caption\":\"\",\"created_timestamp\":\"0\",\"copyright\":\"\",\"focal_length\":\"0\",\"iso\":\"0\",\"shutter_speed\":\"0\",\"title\":\"\",\"orientation\":\"0\",\"keywords\":[]},\"meta\":false}],\"useClobalSettings\":true,\"sliderRatio\":0.55,\"sliderItemTitleFontSize\":16,\"sliderItemDescriptionEnable\":true,\"sliderBgColor\":\"rgba(255,247,164,1)\",\"sliderHeaderFooterBgColor\":\"rgba(36,78,138,1)\",\"sliderNavigationColor\":\"rgba(36,78,138,1)\",\"sliderNavigationIconColorOver\":\"rgba(56,98,159,1)\",\"collectionColumns\":5,\"collectionThumbRecomendedWidth\":200,\"itemsMetaDataCollection\":[]}<\/script><script>(function(){if(window.PGC_SGB && window.PGC_SGB.searcher){window.PGC_SGB.searcher.initBlocks()}})()<\/script><\/div><\/div>\n","protected":false},"excerpt":{"rendered":"","protected":false},"author":1,"featured_media":0,"parent":0,"menu_order":0,"comment_status":"closed","ping_status":"closed","template":"","meta":{"pgc_sgb_lightbox_settings":"","footnotes":""},"class_list":["post-249","page","type-page","status-publish","hentry"],"_links":{"self":[{"href":"https:\/\/jankotka.se\/index.php\/wp-json\/wp\/v2\/pages\/249","targetHints":{"allow":["GET"]}}],"collection":[{"href":"https:\/\/jankotka.se\/index.php\/wp-json\/wp\/v2\/pages"}],"about":[{"href":"https:\/\/jankotka.se\/index.php\/wp-json\/wp\/v2\/types\/page"}],"author":[{"embeddable":true,"href":"https:\/\/jankotka.se\/index.php\/wp-json\/wp\/v2\/users\/1"}],"replies":[{"embeddable":true,"href":"https:\/\/jankotka.se\/index.php\/wp-json\/wp\/v2\/comments?post=249"}],"version-history":[{"count":1,"href":"https:\/\/jankotka.se\/index.php\/wp-json\/wp\/v2\/pages\/249\/revisions"}],"predecessor-version":[{"id":250,"href":"https:\/\/jankotka.se\/index.php\/wp-json\/wp\/v2\/pages\/249\/revisions\/250"}],"wp:attachment":[{"href":"https:\/\/jankotka.se\/index.php\/wp-json\/wp\/v2\/media?parent=249"}],"curies":[{"name":"wp","href":"https:\/\/api.w.org\/{rel}","templated":true}]}}