{"id":281,"date":"2024-08-31T10:06:29","date_gmt":"2024-08-31T08:06:29","guid":{"rendered":"https:\/\/jankotka.se\/?page_id=281"},"modified":"2024-08-31T10:06:29","modified_gmt":"2024-08-31T08:06:29","slug":"galleri-el-molo-folket","status":"publish","type":"page","link":"https:\/\/jankotka.se\/index.php\/galleri-el-molo-folket\/","title":{"rendered":"Galleri El-Molo-folket"},"content":{"rendered":"\n<div class=\"wp-block-group alignfull has-global-padding is-layout-constrained wp-block-group-is-layout-constrained\"><div class=\"pgc-sgb-cb wp-block-pgcsimplygalleryblock-viewer alignfull\" data-gallery-id=\"9f647862\"><div class=\"sgb-preloader\" id=\"pr_9f647862\">\n\t<div class=\"sgb-square\" style=\"background:#d4d4d4\"><\/div>\n\t<div class=\"sgb-square\" style=\"background:#d4d4d4\"><\/div>\n\t<div class=\"sgb-square\" style=\"background:#d4d4d4\"><\/div>\n\t<div class=\"sgb-square\" style=\"background:#d4d4d4\"><\/div><\/div><div class=\"simply-gallery-amp pgc_sgb_slider alignfull\"><noscript><div class=\"sgb-gallery\"><div class=\"sgb-item\"><a href=\"https:\/\/jankotka.se\/wp-content\/uploads\/2024\/08\/1026-El-Molo-kvinnor_Kenya_1992_av_Jan_Kotka-besk-korr.png\"><img decoding=\"async\" alt=\"\" width=\"500\" height=\"314\" loading=\"lazy\" src=\"https:\/\/jankotka.se\/wp-content\/uploads\/2024\/08\/1026-El-Molo-kvinnor_Kenya_1992_av_Jan_Kotka-besk-korr-500x314.png\" srcset=\"https:\/\/jankotka.se\/wp-content\/uploads\/2024\/08\/1026-El-Molo-kvinnor_Kenya_1992_av_Jan_Kotka-besk-korr-500x314.png 500w,https:\/\/jankotka.se\/wp-content\/uploads\/2024\/08\/1026-El-Molo-kvinnor_Kenya_1992_av_Jan_Kotka-besk-korr-1024x642.png 1024w,https:\/\/jankotka.se\/wp-content\/uploads\/2024\/08\/1026-El-Molo-kvinnor_Kenya_1992_av_Jan_Kotka-besk-korr.png 1221w\" sizes=\"auto, 250px\"\/><\/a><div class=\"sgb-item-caption\"><em>De \u00e4r en liten etnisk grupp omfattande ca 300 personer och bor i nord\u00f6stra Kenya. Vid en sj\u00f6 som heter Turkanasj\u00f6n. El Molo betyder folket som \u00e4ter fisk.\n\n<\/em><\/div><\/div><div class=\"sgb-item\"><a href=\"https:\/\/jankotka.se\/wp-content\/uploads\/2024\/08\/1115-El-Molo-pojke_Kenya_1992_av_Jan_Kotka-korr.png\"><img decoding=\"async\" alt=\"\" width=\"375\" height=\"500\" loading=\"lazy\" src=\"https:\/\/jankotka.se\/wp-content\/uploads\/2024\/08\/1115-El-Molo-pojke_Kenya_1992_av_Jan_Kotka-korr-375x500.png\" srcset=\"https:\/\/jankotka.se\/wp-content\/uploads\/2024\/08\/1115-El-Molo-pojke_Kenya_1992_av_Jan_Kotka-korr-375x500.png 375w,https:\/\/jankotka.se\/wp-content\/uploads\/2024\/08\/1115-El-Molo-pojke_Kenya_1992_av_Jan_Kotka-korr-768x1024.png 768w,https:\/\/jankotka.se\/wp-content\/uploads\/2024\/08\/1115-El-Molo-pojke_Kenya_1992_av_Jan_Kotka-korr.png 960w\" sizes=\"auto, 250px\"\/><\/a><div class=\"sgb-item-caption\"><em>De \u00e4r en liten etnisk grupp omfattande ca 300 personer och bor i nord\u00f6stra Kenya. Vid en sj\u00f6 som heter Turkanasj\u00f6n. El Molo betyder folket som \u00e4ter fisk.<\/em><\/div><\/div><div class=\"sgb-item\"><a href=\"https:\/\/jankotka.se\/wp-content\/uploads\/2024\/08\/1168-El-Molo-kvinnor_Kenya_1992_av_Jan_Kotka-besk-korr-x4.png\"><img decoding=\"async\" alt=\"\" width=\"500\" height=\"350\" loading=\"lazy\" src=\"https:\/\/jankotka.se\/wp-content\/uploads\/2024\/08\/1168-El-Molo-kvinnor_Kenya_1992_av_Jan_Kotka-besk-korr-x4-500x350.png\" srcset=\"https:\/\/jankotka.se\/wp-content\/uploads\/2024\/08\/1168-El-Molo-kvinnor_Kenya_1992_av_Jan_Kotka-besk-korr-x4-500x350.png 500w,https:\/\/jankotka.se\/wp-content\/uploads\/2024\/08\/1168-El-Molo-kvinnor_Kenya_1992_av_Jan_Kotka-besk-korr-x4-1024x718.png 1024w,https:\/\/jankotka.se\/wp-content\/uploads\/2024\/08\/1168-El-Molo-kvinnor_Kenya_1992_av_Jan_Kotka-besk-korr-x4.png 1672w\" sizes=\"auto, 250px\"\/><\/a><div class=\"sgb-item-caption\"><em>De \u00e4r en liten etnisk grupp omfattande ca 300 personer och bor i nord\u00f6stra Kenya. Vid en sj\u00f6 som heter Turkana-sj\u00f6n. El Molo betyder folket som \u00e4ter fisk.<\/em><\/div><\/div><div class=\"sgb-item\"><a href=\"https:\/\/jankotka.se\/wp-content\/uploads\/2024\/08\/1288-Kanot-pa_Lake_Turkana-sjon-Kenya_av_Jan_Kotka-korr.png\"><img decoding=\"async\" alt=\"\" width=\"500\" height=\"375\" loading=\"lazy\" src=\"https:\/\/jankotka.se\/wp-content\/uploads\/2024\/08\/1288-Kanot-pa_Lake_Turkana-sjon-Kenya_av_Jan_Kotka-korr-500x375.png\" srcset=\"https:\/\/jankotka.se\/wp-content\/uploads\/2024\/08\/1288-Kanot-pa_Lake_Turkana-sjon-Kenya_av_Jan_Kotka-korr-500x375.png 500w,https:\/\/jankotka.se\/wp-content\/uploads\/2024\/08\/1288-Kanot-pa_Lake_Turkana-sjon-Kenya_av_Jan_Kotka-korr-1024x768.png 1024w,https:\/\/jankotka.se\/wp-content\/uploads\/2024\/08\/1288-Kanot-pa_Lake_Turkana-sjon-Kenya_av_Jan_Kotka-korr.png 1280w\" sizes=\"auto, 250px\"\/><\/a><div class=\"sgb-item-caption\"><em>Turkanasj\u00f6n i \u00d6stafrika (Kenya och Etiopien) \u00e4r v\u00e4rldens st\u00f6rsta alkaliska sj\u00f6. M\u00e5lat under min safari d\u00e4r 1992. El Molo folket lever d\u00e4r och jagar krokodiler och flodh\u00e4star och lever p\u00e5 fiske i sj\u00f6n.<\/em><\/div><\/div><\/div><\/noscript><\/div><script type=\"application\/json\" class=\"sgb-data\">{\"galleryType\":\"pgc_sgb_viewer\",\"align\":\"full\",\"galleryId\":\"9f647862\",\"images\":[{\"id\":277,\"title\":\"1026 El Molo kvinnor, Kenya, 1992.\",\"url\":\"https:\/\/jankotka.se\/wp-content\/uploads\/2024\/08\/1026-El-Molo-kvinnor_Kenya_1992_av_Jan_Kotka-besk-korr.png\",\"link\":\"https:\/\/jankotka.se\/index.php\/pgc_simply_gallery\/el-molo-folket\/1026-el-molo-kvinnor_kenya_1992_av_jan_kotka-besk-korr\/\",\"alt\":\"\",\"description\":\"\",\"caption\":\"De \u00e4r en liten etnisk grupp omfattande ca 300 personer och bor i nord\u00f6stra Kenya. Vid en sj\u00f6 som heter Turkanasj\u00f6n. El Molo betyder folket som \u00e4ter fisk.\\n\\n\",\"mime\":\"image\/png\",\"type\":\"image\",\"width\":1221,\"height\":766,\"sizes\":{\"thumbnail\":{\"height\":250,\"width\":250,\"url\":\"https:\/\/jankotka.se\/wp-content\/uploads\/2024\/08\/1026-El-Molo-kvinnor_Kenya_1992_av_Jan_Kotka-besk-korr-250x250.png\",\"orientation\":\"landscape\"},\"medium\":{\"height\":314,\"width\":500,\"url\":\"https:\/\/jankotka.se\/wp-content\/uploads\/2024\/08\/1026-El-Molo-kvinnor_Kenya_1992_av_Jan_Kotka-besk-korr-500x314.png\",\"orientation\":\"landscape\"},\"large\":{\"height\":642,\"width\":1024,\"url\":\"https:\/\/jankotka.se\/wp-content\/uploads\/2024\/08\/1026-El-Molo-kvinnor_Kenya_1992_av_Jan_Kotka-besk-korr-1024x642.png\",\"orientation\":\"landscape\"},\"full\":{\"url\":\"https:\/\/jankotka.se\/wp-content\/uploads\/2024\/08\/1026-El-Molo-kvinnor_Kenya_1992_av_Jan_Kotka-besk-korr.png\",\"height\":766,\"width\":1221,\"orientation\":\"landscape\"}},\"imageMeta\":{\"aperture\":\"0\",\"credit\":\"\",\"camera\":\"\",\"caption\":\"\",\"created_timestamp\":\"0\",\"copyright\":\"\",\"focal_length\":\"0\",\"iso\":\"0\",\"shutter_speed\":\"0\",\"title\":\"\",\"orientation\":\"0\",\"keywords\":[]},\"meta\":false},{\"id\":278,\"title\":\"1115 El Molo pojke, Kenya, 1992\",\"url\":\"https:\/\/jankotka.se\/wp-content\/uploads\/2024\/08\/1115-El-Molo-pojke_Kenya_1992_av_Jan_Kotka-korr.png\",\"link\":\"https:\/\/jankotka.se\/index.php\/pgc_simply_gallery\/el-molo-folket\/1115-el-molo-pojke_kenya_1992_av_jan_kotka-korr\/\",\"alt\":\"\",\"description\":\"\",\"caption\":\"De \u00e4r en liten etnisk grupp omfattande ca 300 personer och bor i nord\u00f6stra Kenya. Vid en sj\u00f6 som heter Turkanasj\u00f6n. El Molo betyder folket som \u00e4ter fisk.\",\"mime\":\"image\/png\",\"type\":\"image\",\"width\":960,\"height\":1280,\"sizes\":{\"thumbnail\":{\"height\":250,\"width\":250,\"url\":\"https:\/\/jankotka.se\/wp-content\/uploads\/2024\/08\/1115-El-Molo-pojke_Kenya_1992_av_Jan_Kotka-korr-250x250.png\",\"orientation\":\"landscape\"},\"medium\":{\"height\":500,\"width\":375,\"url\":\"https:\/\/jankotka.se\/wp-content\/uploads\/2024\/08\/1115-El-Molo-pojke_Kenya_1992_av_Jan_Kotka-korr-375x500.png\",\"orientation\":\"portrait\"},\"large\":{\"height\":1024,\"width\":768,\"url\":\"https:\/\/jankotka.se\/wp-content\/uploads\/2024\/08\/1115-El-Molo-pojke_Kenya_1992_av_Jan_Kotka-korr-768x1024.png\",\"orientation\":\"portrait\"},\"full\":{\"url\":\"https:\/\/jankotka.se\/wp-content\/uploads\/2024\/08\/1115-El-Molo-pojke_Kenya_1992_av_Jan_Kotka-korr.png\",\"height\":1280,\"width\":960,\"orientation\":\"portrait\"}},\"imageMeta\":{\"aperture\":\"0\",\"credit\":\"\",\"camera\":\"\",\"caption\":\"\",\"created_timestamp\":\"0\",\"copyright\":\"\",\"focal_length\":\"0\",\"iso\":\"0\",\"shutter_speed\":\"0\",\"title\":\"\",\"orientation\":\"0\",\"keywords\":[]},\"meta\":false},{\"id\":279,\"title\":\"1168 El Molo kvinnor, Kenya, 1992\",\"url\":\"https:\/\/jankotka.se\/wp-content\/uploads\/2024\/08\/1168-El-Molo-kvinnor_Kenya_1992_av_Jan_Kotka-besk-korr-x4.png\",\"link\":\"https:\/\/jankotka.se\/index.php\/pgc_simply_gallery\/el-molo-folket\/1168-el-molo-kvinnor_kenya_1992_av_jan_kotka-besk-korr-x4\/\",\"alt\":\"\",\"description\":\"\",\"caption\":\"De \u00e4r en liten etnisk grupp omfattande ca 300 personer och bor i nord\u00f6stra Kenya. Vid en sj\u00f6 som heter Turkana-sj\u00f6n. El Molo betyder folket som \u00e4ter fisk.\",\"mime\":\"image\/png\",\"type\":\"image\",\"width\":1672,\"height\":1172,\"sizes\":{\"thumbnail\":{\"height\":250,\"width\":250,\"url\":\"https:\/\/jankotka.se\/wp-content\/uploads\/2024\/08\/1168-El-Molo-kvinnor_Kenya_1992_av_Jan_Kotka-besk-korr-x4-250x250.png\",\"orientation\":\"landscape\"},\"medium\":{\"height\":350,\"width\":500,\"url\":\"https:\/\/jankotka.se\/wp-content\/uploads\/2024\/08\/1168-El-Molo-kvinnor_Kenya_1992_av_Jan_Kotka-besk-korr-x4-500x350.png\",\"orientation\":\"landscape\"},\"large\":{\"height\":718,\"width\":1024,\"url\":\"https:\/\/jankotka.se\/wp-content\/uploads\/2024\/08\/1168-El-Molo-kvinnor_Kenya_1992_av_Jan_Kotka-besk-korr-x4-1024x718.png\",\"orientation\":\"landscape\"},\"full\":{\"url\":\"https:\/\/jankotka.se\/wp-content\/uploads\/2024\/08\/1168-El-Molo-kvinnor_Kenya_1992_av_Jan_Kotka-besk-korr-x4.png\",\"height\":1172,\"width\":1672,\"orientation\":\"landscape\"}},\"imageMeta\":{\"aperture\":\"0\",\"credit\":\"\",\"camera\":\"\",\"caption\":\"\",\"created_timestamp\":\"0\",\"copyright\":\"\",\"focal_length\":\"0\",\"iso\":\"0\",\"shutter_speed\":\"0\",\"title\":\"\",\"orientation\":\"0\",\"keywords\":[]},\"meta\":false},{\"id\":280,\"title\":\"1288 Kanot p\u00e5 Lake Turkana-sj\u00f6n, Kenya, 1992\",\"url\":\"https:\/\/jankotka.se\/wp-content\/uploads\/2024\/08\/1288-Kanot-pa_Lake_Turkana-sjon-Kenya_av_Jan_Kotka-korr.png\",\"link\":\"https:\/\/jankotka.se\/index.php\/pgc_simply_gallery\/el-molo-folket\/1288-kanot-pa_lake_turkana-sjon-kenya_av_jan_kotka-korr\/\",\"alt\":\"\",\"description\":\"\",\"caption\":\"Turkanasj\u00f6n i \u00d6stafrika (Kenya och Etiopien) \u00e4r v\u00e4rldens st\u00f6rsta alkaliska sj\u00f6. M\u00e5lat under min safari d\u00e4r 1992. El Molo folket lever d\u00e4r och jagar krokodiler och flodh\u00e4star och lever p\u00e5 fiske i sj\u00f6n.\",\"mime\":\"image\/png\",\"type\":\"image\",\"width\":1280,\"height\":960,\"sizes\":{\"thumbnail\":{\"height\":250,\"width\":250,\"url\":\"https:\/\/jankotka.se\/wp-content\/uploads\/2024\/08\/1288-Kanot-pa_Lake_Turkana-sjon-Kenya_av_Jan_Kotka-korr-250x250.png\",\"orientation\":\"landscape\"},\"medium\":{\"height\":375,\"width\":500,\"url\":\"https:\/\/jankotka.se\/wp-content\/uploads\/2024\/08\/1288-Kanot-pa_Lake_Turkana-sjon-Kenya_av_Jan_Kotka-korr-500x375.png\",\"orientation\":\"landscape\"},\"large\":{\"height\":768,\"width\":1024,\"url\":\"https:\/\/jankotka.se\/wp-content\/uploads\/2024\/08\/1288-Kanot-pa_Lake_Turkana-sjon-Kenya_av_Jan_Kotka-korr-1024x768.png\",\"orientation\":\"landscape\"},\"full\":{\"url\":\"https:\/\/jankotka.se\/wp-content\/uploads\/2024\/08\/1288-Kanot-pa_Lake_Turkana-sjon-Kenya_av_Jan_Kotka-korr.png\",\"height\":960,\"width\":1280,\"orientation\":\"landscape\"}},\"imageMeta\":{\"aperture\":\"0\",\"credit\":\"\",\"camera\":\"\",\"caption\":\"\",\"created_timestamp\":\"0\",\"copyright\":\"\",\"focal_length\":\"0\",\"iso\":\"0\",\"shutter_speed\":\"0\",\"title\":\"\",\"orientation\":\"0\",\"keywords\":[]},\"meta\":false}],\"useClobalSettings\":true,\"sliderRatio\":0.55,\"sliderItemTitleFontSize\":16,\"sliderItemDescriptionEnable\":true,\"sliderBgColor\":\"rgba(255,247,164,1)\",\"sliderHeaderFooterBgColor\":\"rgba(36,78,138,1)\",\"sliderNavigationColor\":\"rgba(36,78,138,1)\",\"sliderNavigationIconColorOver\":\"rgba(56,98,159,1)\",\"collectionColumns\":5,\"collectionThumbRecomendedWidth\":200,\"itemsMetaDataCollection\":[]}<\/script><script>(function(){if(window.PGC_SGB && window.PGC_SGB.searcher){window.PGC_SGB.searcher.initBlocks()}})()<\/script><\/div><\/div>\n","protected":false},"excerpt":{"rendered":"","protected":false},"author":1,"featured_media":0,"parent":0,"menu_order":0,"comment_status":"closed","ping_status":"closed","template":"","meta":{"pgc_sgb_lightbox_settings":"","footnotes":""},"class_list":["post-281","page","type-page","status-publish","hentry"],"_links":{"self":[{"href":"https:\/\/jankotka.se\/index.php\/wp-json\/wp\/v2\/pages\/281","targetHints":{"allow":["GET"]}}],"collection":[{"href":"https:\/\/jankotka.se\/index.php\/wp-json\/wp\/v2\/pages"}],"about":[{"href":"https:\/\/jankotka.se\/index.php\/wp-json\/wp\/v2\/types\/page"}],"author":[{"embeddable":true,"href":"https:\/\/jankotka.se\/index.php\/wp-json\/wp\/v2\/users\/1"}],"replies":[{"embeddable":true,"href":"https:\/\/jankotka.se\/index.php\/wp-json\/wp\/v2\/comments?post=281"}],"version-history":[{"count":1,"href":"https:\/\/jankotka.se\/index.php\/wp-json\/wp\/v2\/pages\/281\/revisions"}],"predecessor-version":[{"id":282,"href":"https:\/\/jankotka.se\/index.php\/wp-json\/wp\/v2\/pages\/281\/revisions\/282"}],"wp:attachment":[{"href":"https:\/\/jankotka.se\/index.php\/wp-json\/wp\/v2\/media?parent=281"}],"curies":[{"name":"wp","href":"https:\/\/api.w.org\/{rel}","templated":true}]}}