{"id":324,"date":"2024-08-31T13:18:28","date_gmt":"2024-08-31T11:18:28","guid":{"rendered":"https:\/\/jankotka.se\/?page_id=324"},"modified":"2024-08-31T13:18:28","modified_gmt":"2024-08-31T11:18:28","slug":"kontakta-mig","status":"publish","type":"page","link":"https:\/\/jankotka.se\/index.php\/kontakta-mig\/","title":{"rendered":"Kontakta mig"},"content":{"rendered":"\n<div class=\"wp-block-group alignfull has-global-padding is-layout-constrained wp-container-core-group-is-layout-d89aad35 wp-block-group-is-layout-constrained\" style=\"margin-top:0;margin-bottom:0;padding-top:var(--wp--preset--spacing--50);padding-right:var(--wp--preset--spacing--50);padding-bottom:var(--wp--preset--spacing--50);padding-left:var(--wp--preset--spacing--50)\">\n<div class=\"wp-block-columns alignwide are-vertically-aligned-center is-layout-flex wp-container-core-columns-is-layout-47c06fe3 wp-block-columns-is-layout-flex\">\n<div class=\"wp-block-column is-vertically-aligned-center is-layout-flow wp-block-column-is-layout-flow\" style=\"flex-basis:50%\">\n<h2 class=\"wp-block-heading\">Maila eller ring<\/h2>\n\n\n\n<ul style=\"line-height:1.75\" class=\"wp-block-list is-style-checkmark-list\">\n<li>Jag medverkar g\u00e4rna i visningar<\/li>\n\n\n\n<li>Utf\u00f6r best\u00e4llningsverk, portr\u00e4tt mm<\/li>\n\n\n\n<li>F\u00f6lj mig p\u00e5 Facebook eller Instagram<\/li>\n\n\n\n<li>Telefon: 0738 78 49 40<\/li>\n\n\n\n<li>Epost: <a href=\"mailto:kotkajan2@hotmail.com\">kotkajan2@hotmail.com<\/a><\/li>\n\n\n\n<li>Adress: Vinstv\u00e4gen 3, 129 34, H\u00e4gersten<\/li>\n<\/ul>\n\n\n\n<div class=\"wp-block-buttons is-layout-flex wp-block-buttons-is-layout-flex\">\n<div class=\"wp-block-button\"><a class=\"wp-block-button__link wp-element-button\" href=\"https:\/\/www.facebook.com\/jan.kotka.77\">Facebook<\/a><\/div>\n\n\n\n<div class=\"wp-block-button is-style-outline is-style-outline--1\"><a class=\"wp-block-button__link wp-element-button\" href=\"https:\/\/www.instagram.com\/kotkajan\/\">Instagram<\/a><\/div>\n<\/div>\n<\/div>\n\n\n\n<div class=\"wp-block-column is-vertically-aligned-center is-layout-flow wp-block-column-is-layout-flow\" style=\"flex-basis:50%\">\n<figure class=\"wp-block-image\"><img loading=\"lazy\" decoding=\"async\" width=\"480\" height=\"640\" src=\"https:\/\/jankotka.se\/wp-content\/uploads\/2024\/08\/1005-Sjalvportratt_Jan_Kotka_480x640px.jpg\" alt=\"\" class=\"wp-image-327\" srcset=\"https:\/\/jankotka.se\/wp-content\/uploads\/2024\/08\/1005-Sjalvportratt_Jan_Kotka_480x640px.jpg 480w, https:\/\/jankotka.se\/wp-content\/uploads\/2024\/08\/1005-Sjalvportratt_Jan_Kotka_480x640px-375x500.jpg 375w\" sizes=\"auto, (max-width: 480px) 100vw, 480px\" \/><figcaption class=\"wp-element-caption\">Sj\u00e4lvportr\u00e4tt (fr\u00e5n m\u00e5lningen 1232 Good Market, Sri Lanka, Colombia)<\/figcaption><\/figure>\n<\/div>\n<\/div>\n<\/div>\n","protected":false},"excerpt":{"rendered":"<p>Maila eller ring<\/p>\n","protected":false},"author":1,"featured_media":0,"parent":0,"menu_order":0,"comment_status":"closed","ping_status":"closed","template":"","meta":{"pgc_sgb_lightbox_settings":"","footnotes":""},"class_list":["post-324","page","type-page","status-publish","hentry"],"_links":{"self":[{"href":"https:\/\/jankotka.se\/index.php\/wp-json\/wp\/v2\/pages\/324","targetHints":{"allow":["GET"]}}],"collection":[{"href":"https:\/\/jankotka.se\/index.php\/wp-json\/wp\/v2\/pages"}],"about":[{"href":"https:\/\/jankotka.se\/index.php\/wp-json\/wp\/v2\/types\/page"}],"author":[{"embeddable":true,"href":"https:\/\/jankotka.se\/index.php\/wp-json\/wp\/v2\/users\/1"}],"replies":[{"embeddable":true,"href":"https:\/\/jankotka.se\/index.php\/wp-json\/wp\/v2\/comments?post=324"}],"version-history":[{"count":1,"href":"https:\/\/jankotka.se\/index.php\/wp-json\/wp\/v2\/pages\/324\/revisions"}],"predecessor-version":[{"id":328,"href":"https:\/\/jankotka.se\/index.php\/wp-json\/wp\/v2\/pages\/324\/revisions\/328"}],"wp:attachment":[{"href":"https:\/\/jankotka.se\/index.php\/wp-json\/wp\/v2\/media?parent=324"}],"curies":[{"name":"wp","href":"https:\/\/api.w.org\/{rel}","templated":true}]}}