{"id":340,"date":"2024-08-31T17:35:44","date_gmt":"2024-08-31T15:35:44","guid":{"rendered":"https:\/\/jankotka.se\/?page_id=340"},"modified":"2024-08-31T17:35:44","modified_gmt":"2024-08-31T15:35:44","slug":"galleri-grekland","status":"publish","type":"page","link":"https:\/\/jankotka.se\/index.php\/galleri-grekland\/","title":{"rendered":"Galleri Grekland"},"content":{"rendered":"\n<div class=\"wp-block-group alignfull has-global-padding is-layout-constrained wp-block-group-is-layout-constrained\"><div class=\"pgc-sgb-cb wp-block-pgcsimplygalleryblock-viewer alignfull\" data-gallery-id=\"8ee47018\"><div class=\"sgb-preloader\" id=\"pr_8ee47018\">\n\t<div class=\"sgb-square\" style=\"background:#d4d4d4\"><\/div>\n\t<div class=\"sgb-square\" style=\"background:#d4d4d4\"><\/div>\n\t<div class=\"sgb-square\" style=\"background:#d4d4d4\"><\/div>\n\t<div class=\"sgb-square\" style=\"background:#d4d4d4\"><\/div><\/div><div class=\"simply-gallery-amp pgc_sgb_slider alignfull\"><noscript><div class=\"sgb-gallery\"><div class=\"sgb-item\"><a href=\"https:\/\/jankotka.se\/index.php\/pgc_simply_gallery\/grekland\/screenshot-10\/\" target=\"_blank\"><img decoding=\"async\" alt=\"\" width=\"500\" height=\"372\" loading=\"lazy\" src=\"https:\/\/jankotka.se\/wp-content\/uploads\/2024\/08\/Grekland-Damouchari-500x372.jpg\" srcset=\"https:\/\/jankotka.se\/wp-content\/uploads\/2024\/08\/Grekland-Damouchari-500x372.jpg 500w,https:\/\/jankotka.se\/wp-content\/uploads\/2024\/08\/Grekland-Damouchari.jpg 750w\" sizes=\"auto, 250px\"\/><\/a><div class=\"sgb-item-caption\"><em>Teknik: olja p\u00e5 duk<\/em><\/div><\/div><div class=\"sgb-item\"><a href=\"https:\/\/jankotka.se\/d8563db4-4634-4509-aac8-a544abf05077\/\" target=\"_blank\"><img decoding=\"async\" alt=\"\" width=\"500\" height=\"375\" loading=\"lazy\" src=\"https:\/\/jankotka.se\/wp-content\/uploads\/2024\/09\/D8563DB4-4634-4509-AAC8-A544ABF05077-500x375.jpeg\" srcset=\"https:\/\/jankotka.se\/wp-content\/uploads\/2024\/09\/D8563DB4-4634-4509-AAC8-A544ABF05077-500x375.jpeg 500w,https:\/\/jankotka.se\/wp-content\/uploads\/2024\/09\/D8563DB4-4634-4509-AAC8-A544ABF05077-1024x768.jpeg 1024w,https:\/\/jankotka.se\/wp-content\/uploads\/2024\/09\/D8563DB4-4634-4509-AAC8-A544ABF05077.jpeg 1760w\" sizes=\"auto, 250px\"\/><\/a><\/div><div class=\"sgb-item\"><a href=\"https:\/\/jankotka.se\/index.php\/pgc_simply_gallery\/grekland\/1058-grekiska_hus_med_vackra_former_av_jan_kotka_besk_korr\/\" target=\"_blank\"><img decoding=\"async\" alt=\"\" width=\"500\" height=\"323\" loading=\"lazy\" src=\"https:\/\/jankotka.se\/wp-content\/uploads\/2024\/08\/1058-Grekiska_hus_med_vackra_former_av_Jan_Kotka_besk_korr-500x323.png\" srcset=\"https:\/\/jankotka.se\/wp-content\/uploads\/2024\/08\/1058-Grekiska_hus_med_vackra_former_av_Jan_Kotka_besk_korr-500x323.png 500w,https:\/\/jankotka.se\/wp-content\/uploads\/2024\/08\/1058-Grekiska_hus_med_vackra_former_av_Jan_Kotka_besk_korr-1024x661.png 1024w,https:\/\/jankotka.se\/wp-content\/uploads\/2024\/08\/1058-Grekiska_hus_med_vackra_former_av_Jan_Kotka_besk_korr.png 1222w\" sizes=\"auto, 250px\"\/><\/a><\/div><div class=\"sgb-item\"><a href=\"https:\/\/jankotka.se\/index.php\/pgc_simply_gallery\/grekland\/1147-grand_pa_naxos_grekland_av_jan_kotka_besk_korr_x4\/\" target=\"_blank\"><img decoding=\"async\" alt=\"\" width=\"500\" height=\"356\" loading=\"lazy\" src=\"https:\/\/jankotka.se\/wp-content\/uploads\/2024\/08\/1147-Grand_pa_Naxos_Grekland_av_Jan_Kotka_besk_korr_x4-500x356.png\" srcset=\"https:\/\/jankotka.se\/wp-content\/uploads\/2024\/08\/1147-Grand_pa_Naxos_Grekland_av_Jan_Kotka_besk_korr_x4-500x356.png 500w,https:\/\/jankotka.se\/wp-content\/uploads\/2024\/08\/1147-Grand_pa_Naxos_Grekland_av_Jan_Kotka_besk_korr_x4-1024x728.png 1024w,https:\/\/jankotka.se\/wp-content\/uploads\/2024\/08\/1147-Grand_pa_Naxos_Grekland_av_Jan_Kotka_besk_korr_x4.png 1760w\" sizes=\"auto, 250px\"\/><\/a><div class=\"sgb-item-caption\"><em>Uppskalad med AI.<\/em><\/div><\/div><div class=\"sgb-item\"><a href=\"https:\/\/jankotka.se\/index.php\/pgc_simply_gallery\/grekland\/1180-strand_naxos_grekland_av_jan_kotka_korr_x4\/\" target=\"_blank\"><img decoding=\"async\" alt=\"\" width=\"500\" height=\"375\" loading=\"lazy\" src=\"https:\/\/jankotka.se\/wp-content\/uploads\/2024\/08\/1180-Strand_Naxos_Grekland_av_Jan_Kotka_korr_x4-500x375.png\" srcset=\"https:\/\/jankotka.se\/wp-content\/uploads\/2024\/08\/1180-Strand_Naxos_Grekland_av_Jan_Kotka_korr_x4-500x375.png 500w,https:\/\/jankotka.se\/wp-content\/uploads\/2024\/08\/1180-Strand_Naxos_Grekland_av_Jan_Kotka_korr_x4-1024x768.png 1024w,https:\/\/jankotka.se\/wp-content\/uploads\/2024\/08\/1180-Strand_Naxos_Grekland_av_Jan_Kotka_korr_x4.png 1760w\" sizes=\"auto, 250px\"\/><\/a><div class=\"sgb-item-caption\"><em>Uppskalad med AI.<\/em><\/div><\/div><div class=\"sgb-item\"><a href=\"https:\/\/jankotka.se\/index.php\/pgc_simply_gallery\/grekland\/1200-staden_naxos_grekland_av_jan_kotka-besk_korr_x4\/\" target=\"_blank\"><img decoding=\"async\" alt=\"\" width=\"500\" height=\"359\" loading=\"lazy\" src=\"https:\/\/jankotka.se\/wp-content\/uploads\/2024\/08\/1200-Staden_Naxos_Grekland_av_Jan_Kotka-besk_korr_x4-500x359.png\" srcset=\"https:\/\/jankotka.se\/wp-content\/uploads\/2024\/08\/1200-Staden_Naxos_Grekland_av_Jan_Kotka-besk_korr_x4-500x359.png 500w,https:\/\/jankotka.se\/wp-content\/uploads\/2024\/08\/1200-Staden_Naxos_Grekland_av_Jan_Kotka-besk_korr_x4-1024x735.png 1024w,https:\/\/jankotka.se\/wp-content\/uploads\/2024\/08\/1200-Staden_Naxos_Grekland_av_Jan_Kotka-besk_korr_x4.png 1760w\" sizes=\"auto, 250px\"\/><\/a><\/div><\/div><\/noscript><\/div><script type=\"application\/json\" class=\"sgb-data\">{\"galleryType\":\"pgc_sgb_viewer\",\"align\":\"full\",\"galleryId\":\"8ee47018\",\"images\":[{\"id\":756,\"title\":\"Grekland Damouchari\",\"url\":\"https:\/\/jankotka.se\/wp-content\/uploads\/2024\/08\/Grekland-Damouchari.jpg\",\"link\":\"https:\/\/jankotka.se\/index.php\/pgc_simply_gallery\/grekland\/screenshot-10\/\",\"alt\":\"\",\"description\":\"\",\"caption\":\"Teknik: olja p\u00e5 duk\",\"mime\":\"image\/jpeg\",\"type\":\"image\",\"width\":750,\"height\":558,\"sizes\":{\"thumbnail\":{\"height\":250,\"width\":250,\"url\":\"https:\/\/jankotka.se\/wp-content\/uploads\/2024\/08\/Grekland-Damouchari-250x250.jpg\",\"orientation\":\"landscape\"},\"medium\":{\"height\":372,\"width\":500,\"url\":\"https:\/\/jankotka.se\/wp-content\/uploads\/2024\/08\/Grekland-Damouchari-500x372.jpg\",\"orientation\":\"landscape\"},\"full\":{\"url\":\"https:\/\/jankotka.se\/wp-content\/uploads\/2024\/08\/Grekland-Damouchari.jpg\",\"height\":558,\"width\":750,\"orientation\":\"landscape\"}},\"imageMeta\":{\"aperture\":\"0\",\"credit\":\"\",\"camera\":\"\",\"caption\":\"Screenshot\",\"created_timestamp\":\"0\",\"copyright\":\"\",\"focal_length\":\"0\",\"iso\":\"0\",\"shutter_speed\":\"0\",\"title\":\"Screenshot\",\"orientation\":\"1\",\"keywords\":[]},\"meta\":false,\"postlink\":\"https:\/\/jankotka.se\/index.php\/pgc_simply_gallery\/grekland\/screenshot-10\/\"},{\"id\":695,\"title\":\"1084 Strand p\u00e5 \u00f6n Naxos i Grekland\",\"url\":\"https:\/\/jankotka.se\/wp-content\/uploads\/2024\/09\/D8563DB4-4634-4509-AAC8-A544ABF05077.jpeg\",\"link\":\"https:\/\/jankotka.se\/d8563db4-4634-4509-aac8-a544abf05077\/\",\"alt\":\"\",\"description\":\"\",\"caption\":\"\",\"mime\":\"image\/jpeg\",\"type\":\"image\",\"width\":1760,\"height\":1320,\"sizes\":{\"thumbnail\":{\"height\":250,\"width\":250,\"url\":\"https:\/\/jankotka.se\/wp-content\/uploads\/2024\/09\/D8563DB4-4634-4509-AAC8-A544ABF05077-250x250.jpeg\",\"orientation\":\"landscape\"},\"medium\":{\"height\":375,\"width\":500,\"url\":\"https:\/\/jankotka.se\/wp-content\/uploads\/2024\/09\/D8563DB4-4634-4509-AAC8-A544ABF05077-500x375.jpeg\",\"orientation\":\"landscape\"},\"large\":{\"height\":768,\"width\":1024,\"url\":\"https:\/\/jankotka.se\/wp-content\/uploads\/2024\/09\/D8563DB4-4634-4509-AAC8-A544ABF05077-1024x768.jpeg\",\"orientation\":\"landscape\"},\"full\":{\"url\":\"https:\/\/jankotka.se\/wp-content\/uploads\/2024\/09\/D8563DB4-4634-4509-AAC8-A544ABF05077.jpeg\",\"height\":1320,\"width\":1760,\"orientation\":\"landscape\"}},\"imageMeta\":{\"aperture\":\"0\",\"credit\":\"\",\"camera\":\"\",\"caption\":\"\",\"created_timestamp\":\"0\",\"copyright\":\"\",\"focal_length\":\"0\",\"iso\":\"0\",\"shutter_speed\":\"0\",\"title\":\"\",\"orientation\":\"0\",\"keywords\":[]},\"meta\":false,\"postlink\":\"https:\/\/jankotka.se\/d8563db4-4634-4509-aac8-a544abf05077\/\"},{\"id\":335,\"title\":\"1058 Grekland\",\"url\":\"https:\/\/jankotka.se\/wp-content\/uploads\/2024\/08\/1058-Grekiska_hus_med_vackra_former_av_Jan_Kotka_besk_korr.png\",\"link\":\"https:\/\/jankotka.se\/index.php\/pgc_simply_gallery\/grekland\/1058-grekiska_hus_med_vackra_former_av_jan_kotka_besk_korr\/\",\"alt\":\"\",\"description\":\"\",\"caption\":\"\",\"mime\":\"image\/png\",\"type\":\"image\",\"width\":1222,\"height\":789,\"sizes\":{\"thumbnail\":{\"height\":250,\"width\":250,\"url\":\"https:\/\/jankotka.se\/wp-content\/uploads\/2024\/08\/1058-Grekiska_hus_med_vackra_former_av_Jan_Kotka_besk_korr-250x250.png\",\"orientation\":\"landscape\"},\"medium\":{\"height\":323,\"width\":500,\"url\":\"https:\/\/jankotka.se\/wp-content\/uploads\/2024\/08\/1058-Grekiska_hus_med_vackra_former_av_Jan_Kotka_besk_korr-500x323.png\",\"orientation\":\"landscape\"},\"large\":{\"height\":661,\"width\":1024,\"url\":\"https:\/\/jankotka.se\/wp-content\/uploads\/2024\/08\/1058-Grekiska_hus_med_vackra_former_av_Jan_Kotka_besk_korr-1024x661.png\",\"orientation\":\"landscape\"},\"full\":{\"url\":\"https:\/\/jankotka.se\/wp-content\/uploads\/2024\/08\/1058-Grekiska_hus_med_vackra_former_av_Jan_Kotka_besk_korr.png\",\"height\":789,\"width\":1222,\"orientation\":\"landscape\"}},\"imageMeta\":{\"aperture\":\"0\",\"credit\":\"\",\"camera\":\"\",\"caption\":\"\",\"created_timestamp\":\"0\",\"copyright\":\"\",\"focal_length\":\"0\",\"iso\":\"0\",\"shutter_speed\":\"0\",\"title\":\"\",\"orientation\":\"0\",\"keywords\":[]},\"meta\":false,\"postlink\":\"https:\/\/jankotka.se\/index.php\/pgc_simply_gallery\/grekland\/1058-grekiska_hus_med_vackra_former_av_jan_kotka_besk_korr\/\"},{\"id\":337,\"title\":\"1147 Gr\u00e4nd p\u00e5 \u00f6n Naxos i Grekland\",\"url\":\"https:\/\/jankotka.se\/wp-content\/uploads\/2024\/08\/1147-Grand_pa_Naxos_Grekland_av_Jan_Kotka_besk_korr_x4.png\",\"link\":\"https:\/\/jankotka.se\/index.php\/pgc_simply_gallery\/grekland\/1147-grand_pa_naxos_grekland_av_jan_kotka_besk_korr_x4\/\",\"alt\":\"\",\"description\":\"\",\"caption\":\"Uppskalad med AI.\",\"mime\":\"image\/png\",\"type\":\"image\",\"width\":1760,\"height\":1252,\"sizes\":{\"thumbnail\":{\"height\":250,\"width\":250,\"url\":\"https:\/\/jankotka.se\/wp-content\/uploads\/2024\/08\/1147-Grand_pa_Naxos_Grekland_av_Jan_Kotka_besk_korr_x4-250x250.png\",\"orientation\":\"landscape\"},\"medium\":{\"height\":356,\"width\":500,\"url\":\"https:\/\/jankotka.se\/wp-content\/uploads\/2024\/08\/1147-Grand_pa_Naxos_Grekland_av_Jan_Kotka_besk_korr_x4-500x356.png\",\"orientation\":\"landscape\"},\"large\":{\"height\":728,\"width\":1024,\"url\":\"https:\/\/jankotka.se\/wp-content\/uploads\/2024\/08\/1147-Grand_pa_Naxos_Grekland_av_Jan_Kotka_besk_korr_x4-1024x728.png\",\"orientation\":\"landscape\"},\"full\":{\"url\":\"https:\/\/jankotka.se\/wp-content\/uploads\/2024\/08\/1147-Grand_pa_Naxos_Grekland_av_Jan_Kotka_besk_korr_x4.png\",\"height\":1252,\"width\":1760,\"orientation\":\"landscape\"}},\"imageMeta\":{\"aperture\":\"0\",\"credit\":\"\",\"camera\":\"\",\"caption\":\"\",\"created_timestamp\":\"0\",\"copyright\":\"\",\"focal_length\":\"0\",\"iso\":\"0\",\"shutter_speed\":\"0\",\"title\":\"\",\"orientation\":\"0\",\"keywords\":[]},\"meta\":false,\"postlink\":\"https:\/\/jankotka.se\/index.php\/pgc_simply_gallery\/grekland\/1147-grand_pa_naxos_grekland_av_jan_kotka_besk_korr_x4\/\"},{\"id\":338,\"title\":\"1180 Strand p\u00e5 \u00f6n Naxos i Grekland\",\"url\":\"https:\/\/jankotka.se\/wp-content\/uploads\/2024\/08\/1180-Strand_Naxos_Grekland_av_Jan_Kotka_korr_x4.png\",\"link\":\"https:\/\/jankotka.se\/index.php\/pgc_simply_gallery\/grekland\/1180-strand_naxos_grekland_av_jan_kotka_korr_x4\/\",\"alt\":\"\",\"description\":\"\",\"caption\":\"Uppskalad med AI.\",\"mime\":\"image\/png\",\"type\":\"image\",\"width\":1760,\"height\":1320,\"sizes\":{\"thumbnail\":{\"height\":250,\"width\":250,\"url\":\"https:\/\/jankotka.se\/wp-content\/uploads\/2024\/08\/1180-Strand_Naxos_Grekland_av_Jan_Kotka_korr_x4-250x250.png\",\"orientation\":\"landscape\"},\"medium\":{\"height\":375,\"width\":500,\"url\":\"https:\/\/jankotka.se\/wp-content\/uploads\/2024\/08\/1180-Strand_Naxos_Grekland_av_Jan_Kotka_korr_x4-500x375.png\",\"orientation\":\"landscape\"},\"large\":{\"height\":768,\"width\":1024,\"url\":\"https:\/\/jankotka.se\/wp-content\/uploads\/2024\/08\/1180-Strand_Naxos_Grekland_av_Jan_Kotka_korr_x4-1024x768.png\",\"orientation\":\"landscape\"},\"full\":{\"url\":\"https:\/\/jankotka.se\/wp-content\/uploads\/2024\/08\/1180-Strand_Naxos_Grekland_av_Jan_Kotka_korr_x4.png\",\"height\":1320,\"width\":1760,\"orientation\":\"landscape\"}},\"imageMeta\":{\"aperture\":\"0\",\"credit\":\"\",\"camera\":\"\",\"caption\":\"\",\"created_timestamp\":\"0\",\"copyright\":\"\",\"focal_length\":\"0\",\"iso\":\"0\",\"shutter_speed\":\"0\",\"title\":\"\",\"orientation\":\"0\",\"keywords\":[]},\"meta\":false,\"postlink\":\"https:\/\/jankotka.se\/index.php\/pgc_simply_gallery\/grekland\/1180-strand_naxos_grekland_av_jan_kotka_korr_x4\/\"},{\"id\":339,\"title\":\"1200 Chora, Naxos\",\"url\":\"https:\/\/jankotka.se\/wp-content\/uploads\/2024\/08\/1200-Staden_Naxos_Grekland_av_Jan_Kotka-besk_korr_x4.png\",\"link\":\"https:\/\/jankotka.se\/index.php\/pgc_simply_gallery\/grekland\/1200-staden_naxos_grekland_av_jan_kotka-besk_korr_x4\/\",\"alt\":\"\",\"description\":\"\",\"caption\":\"\",\"mime\":\"image\/png\",\"type\":\"image\",\"width\":1760,\"height\":1264,\"sizes\":{\"thumbnail\":{\"height\":250,\"width\":250,\"url\":\"https:\/\/jankotka.se\/wp-content\/uploads\/2024\/08\/1200-Staden_Naxos_Grekland_av_Jan_Kotka-besk_korr_x4-250x250.png\",\"orientation\":\"landscape\"},\"medium\":{\"height\":359,\"width\":500,\"url\":\"https:\/\/jankotka.se\/wp-content\/uploads\/2024\/08\/1200-Staden_Naxos_Grekland_av_Jan_Kotka-besk_korr_x4-500x359.png\",\"orientation\":\"landscape\"},\"large\":{\"height\":735,\"width\":1024,\"url\":\"https:\/\/jankotka.se\/wp-content\/uploads\/2024\/08\/1200-Staden_Naxos_Grekland_av_Jan_Kotka-besk_korr_x4-1024x735.png\",\"orientation\":\"landscape\"},\"full\":{\"url\":\"https:\/\/jankotka.se\/wp-content\/uploads\/2024\/08\/1200-Staden_Naxos_Grekland_av_Jan_Kotka-besk_korr_x4.png\",\"height\":1264,\"width\":1760,\"orientation\":\"landscape\"}},\"imageMeta\":{\"aperture\":\"0\",\"credit\":\"\",\"camera\":\"\",\"caption\":\"\",\"created_timestamp\":\"0\",\"copyright\":\"\",\"focal_length\":\"0\",\"iso\":\"0\",\"shutter_speed\":\"0\",\"title\":\"\",\"orientation\":\"0\",\"keywords\":[]},\"meta\":false,\"postlink\":\"https:\/\/jankotka.se\/index.php\/pgc_simply_gallery\/grekland\/1200-staden_naxos_grekland_av_jan_kotka-besk_korr_x4\/\"}],\"useClobalSettings\":true,\"sliderRatio\":0.55,\"sliderItemTitleFontSize\":16,\"sliderItemDescriptionEnable\":true,\"sliderBgColor\":\"rgba(255,247,164,1)\",\"sliderHeaderFooterBgColor\":\"rgba(36,78,138,1)\",\"sliderNavigationColor\":\"rgba(36,78,138,1)\",\"sliderNavigationIconColorOver\":\"rgba(56,98,159,1)\",\"collectionColumns\":5,\"collectionThumbRecomendedWidth\":200,\"itemsMetaDataCollection\":[]}<\/script><script>(function(){if(window.PGC_SGB && window.PGC_SGB.searcher){window.PGC_SGB.searcher.initBlocks()}})()<\/script><\/div><\/div>\n","protected":false},"excerpt":{"rendered":"","protected":false},"author":1,"featured_media":0,"parent":0,"menu_order":0,"comment_status":"closed","ping_status":"closed","template":"","meta":{"pgc_sgb_lightbox_settings":"","footnotes":""},"class_list":["post-340","page","type-page","status-publish","hentry"],"_links":{"self":[{"href":"https:\/\/jankotka.se\/index.php\/wp-json\/wp\/v2\/pages\/340","targetHints":{"allow":["GET"]}}],"collection":[{"href":"https:\/\/jankotka.se\/index.php\/wp-json\/wp\/v2\/pages"}],"about":[{"href":"https:\/\/jankotka.se\/index.php\/wp-json\/wp\/v2\/types\/page"}],"author":[{"embeddable":true,"href":"https:\/\/jankotka.se\/index.php\/wp-json\/wp\/v2\/users\/1"}],"replies":[{"embeddable":true,"href":"https:\/\/jankotka.se\/index.php\/wp-json\/wp\/v2\/comments?post=340"}],"version-history":[{"count":1,"href":"https:\/\/jankotka.se\/index.php\/wp-json\/wp\/v2\/pages\/340\/revisions"}],"predecessor-version":[{"id":341,"href":"https:\/\/jankotka.se\/index.php\/wp-json\/wp\/v2\/pages\/340\/revisions\/341"}],"wp:attachment":[{"href":"https:\/\/jankotka.se\/index.php\/wp-json\/wp\/v2\/media?parent=340"}],"curies":[{"name":"wp","href":"https:\/\/api.w.org\/{rel}","templated":true}]}}