{"id":350,"date":"2024-08-31T17:58:44","date_gmt":"2024-08-31T15:58:44","guid":{"rendered":"https:\/\/jankotka.se\/?page_id=350"},"modified":"2024-08-31T17:58:44","modified_gmt":"2024-08-31T15:58:44","slug":"galleri-hertigo-foton","status":"publish","type":"page","link":"https:\/\/jankotka.se\/index.php\/galleri-hertigo-foton\/","title":{"rendered":"Galleri Hertig\u00f6 foton"},"content":{"rendered":"\n<div class=\"wp-block-group alignfull has-global-padding is-layout-constrained wp-block-group-is-layout-constrained\"><div class=\"pgc-sgb-cb wp-block-pgcsimplygalleryblock-viewer alignfull\" data-gallery-id=\"b7c62693\"><div class=\"sgb-preloader\" id=\"pr_b7c62693\">\n\t<div class=\"sgb-square\" style=\"background:#d4d4d4\"><\/div>\n\t<div class=\"sgb-square\" style=\"background:#d4d4d4\"><\/div>\n\t<div class=\"sgb-square\" style=\"background:#d4d4d4\"><\/div>\n\t<div class=\"sgb-square\" style=\"background:#d4d4d4\"><\/div><\/div><div class=\"simply-gallery-amp pgc_sgb_slider alignfull\"><noscript><div class=\"sgb-gallery\"><div class=\"sgb-item\"><a href=\"https:\/\/jankotka.se\/wp-content\/uploads\/2024\/08\/1118-Kvall_pa_Hertigo.jpg\"><img decoding=\"async\" alt=\"\" width=\"330\" height=\"440\" loading=\"lazy\" src=\"https:\/\/jankotka.se\/wp-content\/uploads\/2024\/08\/1118-Kvall_pa_Hertigo.jpg\" srcset=\",https:\/\/jankotka.se\/wp-content\/uploads\/2024\/08\/1118-Kvall_pa_Hertigo.jpg 330w\" sizes=\"auto, 250px\"\/><\/a><\/div><div class=\"sgb-item\"><a href=\"https:\/\/jankotka.se\/wp-content\/uploads\/2024\/08\/1133-Kvall_pa_Hertigo.jpg\"><img decoding=\"async\" alt=\"\" width=\"330\" height=\"440\" loading=\"lazy\" src=\"https:\/\/jankotka.se\/wp-content\/uploads\/2024\/08\/1133-Kvall_pa_Hertigo.jpg\" srcset=\",https:\/\/jankotka.se\/wp-content\/uploads\/2024\/08\/1133-Kvall_pa_Hertigo.jpg 330w\" sizes=\"auto, 250px\"\/><\/a><\/div><div class=\"sgb-item\"><a href=\"https:\/\/jankotka.se\/wp-content\/uploads\/2024\/08\/1208-Kvall_pa_Hertigo.jpg\"><img decoding=\"async\" alt=\"\" width=\"440\" height=\"330\" loading=\"lazy\" src=\"https:\/\/jankotka.se\/wp-content\/uploads\/2024\/08\/1208-Kvall_pa_Hertigo.jpg\" srcset=\",https:\/\/jankotka.se\/wp-content\/uploads\/2024\/08\/1208-Kvall_pa_Hertigo.jpg 440w\" sizes=\"auto, 250px\"\/><\/a><\/div><div class=\"sgb-item\"><a href=\"https:\/\/jankotka.se\/wp-content\/uploads\/2024\/08\/1219-Vette_i_motljus.jpg\"><img decoding=\"async\" alt=\"\" width=\"500\" height=\"375\" loading=\"lazy\" src=\"https:\/\/jankotka.se\/wp-content\/uploads\/2024\/08\/1219-Vette_i_motljus-500x375.jpg\" srcset=\"https:\/\/jankotka.se\/wp-content\/uploads\/2024\/08\/1219-Vette_i_motljus-500x375.jpg 500w,https:\/\/jankotka.se\/wp-content\/uploads\/2024\/08\/1219-Vette_i_motljus-1024x768.jpg 1024w,https:\/\/jankotka.se\/wp-content\/uploads\/2024\/08\/1219-Vette_i_motljus.jpg 1280w\" sizes=\"auto, 250px\"\/><\/a><\/div><div class=\"sgb-item\"><a href=\"https:\/\/jankotka.se\/wp-content\/uploads\/2024\/08\/1267-Kvall_pa_Hertigo-Yvonne-diskar.jpg\"><img decoding=\"async\" alt=\"\" width=\"375\" height=\"500\" loading=\"lazy\" src=\"https:\/\/jankotka.se\/wp-content\/uploads\/2024\/08\/1267-Kvall_pa_Hertigo-Yvonne-diskar-375x500.jpg\" srcset=\"https:\/\/jankotka.se\/wp-content\/uploads\/2024\/08\/1267-Kvall_pa_Hertigo-Yvonne-diskar-375x500.jpg 375w,https:\/\/jankotka.se\/wp-content\/uploads\/2024\/08\/1267-Kvall_pa_Hertigo-Yvonne-diskar-768x1024.jpg 768w,https:\/\/jankotka.se\/wp-content\/uploads\/2024\/08\/1267-Kvall_pa_Hertigo-Yvonne-diskar.jpg 960w\" sizes=\"auto, 250px\"\/><\/a><\/div><div class=\"sgb-item\"><a href=\"https:\/\/jankotka.se\/wp-content\/uploads\/2024\/08\/1281-Nykopings_skargard-scaled.jpg\"><img decoding=\"async\" alt=\"\" width=\"500\" height=\"375\" loading=\"lazy\" src=\"https:\/\/jankotka.se\/wp-content\/uploads\/2024\/08\/1281-Nykopings_skargard-500x375.jpg\" srcset=\"https:\/\/jankotka.se\/wp-content\/uploads\/2024\/08\/1281-Nykopings_skargard-500x375.jpg 500w,https:\/\/jankotka.se\/wp-content\/uploads\/2024\/08\/1281-Nykopings_skargard-1024x768.jpg 1024w,https:\/\/jankotka.se\/wp-content\/uploads\/2024\/08\/1281-Nykopings_skargard-scaled.jpg 2560w\" sizes=\"auto, 250px\"\/><\/a><\/div><\/div><\/noscript><\/div><script type=\"application\/json\" class=\"sgb-data\">{\"galleryType\":\"pgc_sgb_viewer\",\"align\":\"full\",\"galleryId\":\"b7c62693\",\"images\":[{\"id\":344,\"title\":\"1118 Kv\u00e4ll p\u00e5 Hertig\u00f6 (foto)\",\"url\":\"https:\/\/jankotka.se\/wp-content\/uploads\/2024\/08\/1118-Kvall_pa_Hertigo.jpg\",\"link\":\"https:\/\/jankotka.se\/index.php\/pgc_simply_gallery\/hertigo-foton\/1118-kvall_pa_hertigo\/\",\"alt\":\"\",\"description\":\"\",\"caption\":\"\",\"mime\":\"image\/jpeg\",\"type\":\"image\",\"width\":330,\"height\":440,\"sizes\":{\"thumbnail\":{\"height\":250,\"width\":250,\"url\":\"https:\/\/jankotka.se\/wp-content\/uploads\/2024\/08\/1118-Kvall_pa_Hertigo-250x250.jpg\",\"orientation\":\"landscape\"},\"full\":{\"url\":\"https:\/\/jankotka.se\/wp-content\/uploads\/2024\/08\/1118-Kvall_pa_Hertigo.jpg\",\"height\":440,\"width\":330,\"orientation\":\"portrait\"}},\"imageMeta\":{\"aperture\":\"0\",\"credit\":\"\",\"camera\":\"\",\"caption\":\"\",\"created_timestamp\":\"0\",\"copyright\":\"\",\"focal_length\":\"0\",\"iso\":\"0\",\"shutter_speed\":\"0\",\"title\":\"\",\"orientation\":\"0\",\"keywords\":[]},\"meta\":false},{\"id\":345,\"title\":\"1118 Fullm\u00e5ne \u00f6ver Hertig\u00f6 (foto)\",\"url\":\"https:\/\/jankotka.se\/wp-content\/uploads\/2024\/08\/1133-Kvall_pa_Hertigo.jpg\",\"link\":\"https:\/\/jankotka.se\/index.php\/pgc_simply_gallery\/hertigo-foton\/1133-kvall_pa_hertigo\/\",\"alt\":\"\",\"description\":\"\",\"caption\":\"\",\"mime\":\"image\/jpeg\",\"type\":\"image\",\"width\":330,\"height\":440,\"sizes\":{\"thumbnail\":{\"height\":250,\"width\":250,\"url\":\"https:\/\/jankotka.se\/wp-content\/uploads\/2024\/08\/1133-Kvall_pa_Hertigo-250x250.jpg\",\"orientation\":\"landscape\"},\"full\":{\"url\":\"https:\/\/jankotka.se\/wp-content\/uploads\/2024\/08\/1133-Kvall_pa_Hertigo.jpg\",\"height\":440,\"width\":330,\"orientation\":\"portrait\"}},\"imageMeta\":{\"aperture\":\"0\",\"credit\":\"\",\"camera\":\"\",\"caption\":\"\",\"created_timestamp\":\"0\",\"copyright\":\"\",\"focal_length\":\"0\",\"iso\":\"0\",\"shutter_speed\":\"0\",\"title\":\"\",\"orientation\":\"0\",\"keywords\":[]},\"meta\":false},{\"id\":346,\"title\":\"1208 Kv\u00e4ll \u00f6ver Hertig\u00f6 (foto)\",\"url\":\"https:\/\/jankotka.se\/wp-content\/uploads\/2024\/08\/1208-Kvall_pa_Hertigo.jpg\",\"link\":\"https:\/\/jankotka.se\/index.php\/pgc_simply_gallery\/hertigo-foton\/1208-kvall_pa_hertigo\/\",\"alt\":\"\",\"description\":\"\",\"caption\":\"\",\"mime\":\"image\/jpeg\",\"type\":\"image\",\"width\":440,\"height\":330,\"sizes\":{\"thumbnail\":{\"height\":250,\"width\":250,\"url\":\"https:\/\/jankotka.se\/wp-content\/uploads\/2024\/08\/1208-Kvall_pa_Hertigo-250x250.jpg\",\"orientation\":\"landscape\"},\"full\":{\"url\":\"https:\/\/jankotka.se\/wp-content\/uploads\/2024\/08\/1208-Kvall_pa_Hertigo.jpg\",\"height\":330,\"width\":440,\"orientation\":\"landscape\"}},\"imageMeta\":{\"aperture\":\"0\",\"credit\":\"\",\"camera\":\"\",\"caption\":\"\",\"created_timestamp\":\"0\",\"copyright\":\"\",\"focal_length\":\"0\",\"iso\":\"0\",\"shutter_speed\":\"0\",\"title\":\"\",\"orientation\":\"0\",\"keywords\":[]},\"meta\":false},{\"id\":347,\"title\":\"1219 Vette i motljus (foto)\",\"url\":\"https:\/\/jankotka.se\/wp-content\/uploads\/2024\/08\/1219-Vette_i_motljus.jpg\",\"link\":\"https:\/\/jankotka.se\/index.php\/pgc_simply_gallery\/hertigo-foton\/1219-vette_i_motljus\/\",\"alt\":\"\",\"description\":\"\",\"caption\":\"\",\"mime\":\"image\/jpeg\",\"type\":\"image\",\"width\":1280,\"height\":960,\"sizes\":{\"thumbnail\":{\"height\":250,\"width\":250,\"url\":\"https:\/\/jankotka.se\/wp-content\/uploads\/2024\/08\/1219-Vette_i_motljus-250x250.jpg\",\"orientation\":\"landscape\"},\"medium\":{\"height\":375,\"width\":500,\"url\":\"https:\/\/jankotka.se\/wp-content\/uploads\/2024\/08\/1219-Vette_i_motljus-500x375.jpg\",\"orientation\":\"landscape\"},\"large\":{\"height\":768,\"width\":1024,\"url\":\"https:\/\/jankotka.se\/wp-content\/uploads\/2024\/08\/1219-Vette_i_motljus-1024x768.jpg\",\"orientation\":\"landscape\"},\"full\":{\"url\":\"https:\/\/jankotka.se\/wp-content\/uploads\/2024\/08\/1219-Vette_i_motljus.jpg\",\"height\":960,\"width\":1280,\"orientation\":\"landscape\"}},\"imageMeta\":{\"aperture\":\"0\",\"credit\":\"\",\"camera\":\"\",\"caption\":\"\",\"created_timestamp\":\"0\",\"copyright\":\"\",\"focal_length\":\"0\",\"iso\":\"0\",\"shutter_speed\":\"0\",\"title\":\"\",\"orientation\":\"0\",\"keywords\":[]},\"meta\":false},{\"id\":348,\"title\":\"1267 Yvonne diskar i vattenbrynet p\u00e5 Gotland (foto)\",\"url\":\"https:\/\/jankotka.se\/wp-content\/uploads\/2024\/08\/1267-Kvall_pa_Hertigo-Yvonne-diskar.jpg\",\"link\":\"https:\/\/jankotka.se\/index.php\/pgc_simply_gallery\/hertigo-foton\/1267-kvall_pa_hertigo-yvonne-diskar\/\",\"alt\":\"\",\"description\":\"\",\"caption\":\"\",\"mime\":\"image\/jpeg\",\"type\":\"image\",\"width\":960,\"height\":1280,\"sizes\":{\"thumbnail\":{\"height\":250,\"width\":250,\"url\":\"https:\/\/jankotka.se\/wp-content\/uploads\/2024\/08\/1267-Kvall_pa_Hertigo-Yvonne-diskar-250x250.jpg\",\"orientation\":\"landscape\"},\"medium\":{\"height\":500,\"width\":375,\"url\":\"https:\/\/jankotka.se\/wp-content\/uploads\/2024\/08\/1267-Kvall_pa_Hertigo-Yvonne-diskar-375x500.jpg\",\"orientation\":\"portrait\"},\"large\":{\"height\":1024,\"width\":768,\"url\":\"https:\/\/jankotka.se\/wp-content\/uploads\/2024\/08\/1267-Kvall_pa_Hertigo-Yvonne-diskar-768x1024.jpg\",\"orientation\":\"portrait\"},\"full\":{\"url\":\"https:\/\/jankotka.se\/wp-content\/uploads\/2024\/08\/1267-Kvall_pa_Hertigo-Yvonne-diskar.jpg\",\"height\":1280,\"width\":960,\"orientation\":\"portrait\"}},\"imageMeta\":{\"aperture\":\"0\",\"credit\":\"\",\"camera\":\"\",\"caption\":\"\",\"created_timestamp\":\"0\",\"copyright\":\"\",\"focal_length\":\"0\",\"iso\":\"0\",\"shutter_speed\":\"0\",\"title\":\"\",\"orientation\":\"0\",\"keywords\":[]},\"meta\":false},{\"id\":349,\"title\":\"Gotland\",\"url\":\"https:\/\/jankotka.se\/wp-content\/uploads\/2024\/08\/1281-Nykopings_skargard-scaled.jpg\",\"link\":\"https:\/\/jankotka.se\/index.php\/pgc_simply_gallery\/hertigo-foton\/1281-nykopings_skargard\/\",\"alt\":\"\",\"description\":\"\",\"caption\":\"\",\"mime\":\"image\/jpeg\",\"type\":\"image\",\"width\":2560,\"height\":1920,\"sizes\":{\"thumbnail\":{\"height\":250,\"width\":250,\"url\":\"https:\/\/jankotka.se\/wp-content\/uploads\/2024\/08\/1281-Nykopings_skargard-250x250.jpg\",\"orientation\":\"landscape\"},\"medium\":{\"height\":375,\"width\":500,\"url\":\"https:\/\/jankotka.se\/wp-content\/uploads\/2024\/08\/1281-Nykopings_skargard-500x375.jpg\",\"orientation\":\"landscape\"},\"large\":{\"height\":768,\"width\":1024,\"url\":\"https:\/\/jankotka.se\/wp-content\/uploads\/2024\/08\/1281-Nykopings_skargard-1024x768.jpg\",\"orientation\":\"landscape\"},\"full\":{\"url\":\"https:\/\/jankotka.se\/wp-content\/uploads\/2024\/08\/1281-Nykopings_skargard-scaled.jpg\",\"height\":1920,\"width\":2560,\"orientation\":\"landscape\"}},\"imageMeta\":{\"aperture\":\"0\",\"credit\":\"\",\"camera\":\"\",\"caption\":\"\",\"created_timestamp\":\"0\",\"copyright\":\"\",\"focal_length\":\"0\",\"iso\":\"0\",\"shutter_speed\":\"0\",\"title\":\"\",\"orientation\":\"0\",\"keywords\":[]},\"meta\":false}],\"sliderRatio\":0.55,\"sliderItemTitleFontSize\":16,\"sliderItemDescriptionEnable\":true,\"sliderBgColor\":\"rgba(255,247,164,1)\",\"sliderHeaderFooterBgColor\":\"rgba(36,78,138,1)\",\"sliderNavigationColor\":\"rgba(36,78,138,1)\",\"sliderNavigationIconColorOver\":\"rgba(56,98,159,1)\",\"collectionColumns\":5,\"collectionThumbRecomendedWidth\":200,\"itemsMetaDataCollection\":[]}<\/script><script>(function(){if(window.PGC_SGB && window.PGC_SGB.searcher){window.PGC_SGB.searcher.initBlocks()}})()<\/script><\/div><\/div>\n","protected":false},"excerpt":{"rendered":"","protected":false},"author":1,"featured_media":0,"parent":0,"menu_order":0,"comment_status":"closed","ping_status":"closed","template":"","meta":{"pgc_sgb_lightbox_settings":"","footnotes":""},"class_list":["post-350","page","type-page","status-publish","hentry"],"_links":{"self":[{"href":"https:\/\/jankotka.se\/index.php\/wp-json\/wp\/v2\/pages\/350","targetHints":{"allow":["GET"]}}],"collection":[{"href":"https:\/\/jankotka.se\/index.php\/wp-json\/wp\/v2\/pages"}],"about":[{"href":"https:\/\/jankotka.se\/index.php\/wp-json\/wp\/v2\/types\/page"}],"author":[{"embeddable":true,"href":"https:\/\/jankotka.se\/index.php\/wp-json\/wp\/v2\/users\/1"}],"replies":[{"embeddable":true,"href":"https:\/\/jankotka.se\/index.php\/wp-json\/wp\/v2\/comments?post=350"}],"version-history":[{"count":1,"href":"https:\/\/jankotka.se\/index.php\/wp-json\/wp\/v2\/pages\/350\/revisions"}],"predecessor-version":[{"id":351,"href":"https:\/\/jankotka.se\/index.php\/wp-json\/wp\/v2\/pages\/350\/revisions\/351"}],"wp:attachment":[{"href":"https:\/\/jankotka.se\/index.php\/wp-json\/wp\/v2\/media?parent=350"}],"curies":[{"name":"wp","href":"https:\/\/api.w.org\/{rel}","templated":true}]}}