{"id":372,"date":"2024-08-31T20:01:52","date_gmt":"2024-08-31T18:01:52","guid":{"rendered":"https:\/\/jankotka.se\/?page_id=372"},"modified":"2024-08-31T21:12:07","modified_gmt":"2024-08-31T19:12:07","slug":"galleri-hertigo-natur","status":"publish","type":"page","link":"https:\/\/jankotka.se\/index.php\/galleri-hertigo-natur\/","title":{"rendered":"Galleri Hertig\u00f6 natur"},"content":{"rendered":"\n<div class=\"wp-block-group alignfull has-global-padding is-layout-constrained wp-block-group-is-layout-constrained\"><div class=\"pgc-sgb-cb wp-block-pgcsimplygalleryblock-viewer alignfull\" data-gallery-id=\"b0703079\"><div class=\"sgb-preloader\" id=\"pr_b0703079\">\n\t<div class=\"sgb-square\" style=\"background:#d4d4d4\"><\/div>\n\t<div class=\"sgb-square\" style=\"background:#d4d4d4\"><\/div>\n\t<div class=\"sgb-square\" style=\"background:#d4d4d4\"><\/div>\n\t<div class=\"sgb-square\" style=\"background:#d4d4d4\"><\/div><\/div><div class=\"simply-gallery-amp pgc_sgb_slider alignfull\"><noscript><div class=\"sgb-gallery\"><div class=\"sgb-item\"><a href=\"https:\/\/jankotka.se\/wp-content\/uploads\/2024\/08\/1023-Vatten_och_oar_Hertigo_av_Jan_Kotka_korr.png\"><img decoding=\"async\" alt=\"\" width=\"500\" height=\"396\" loading=\"lazy\" src=\"https:\/\/jankotka.se\/wp-content\/uploads\/2024\/08\/1023-Vatten_och_oar_Hertigo_av_Jan_Kotka_korr-500x396.png\" srcset=\"https:\/\/jankotka.se\/wp-content\/uploads\/2024\/08\/1023-Vatten_och_oar_Hertigo_av_Jan_Kotka_korr-500x396.png 500w,https:\/\/jankotka.se\/wp-content\/uploads\/2024\/08\/1023-Vatten_och_oar_Hertigo_av_Jan_Kotka_korr.png 960w\" sizes=\"auto, 250px\"\/><\/a><div class=\"sgb-item-caption\"><em>S\u00e5ld 2015 p\u00e5 min utst\u00e4llning p\u00e5 Agora Gallery Manhattan i New York. (Se \u00e4ven 1127, f\u00f6r en version uppskalad med AI)<\/em><\/div><\/div><div class=\"sgb-item\"><a href=\"https:\/\/jankotka.se\/wp-content\/uploads\/2024\/08\/1127-Vatten_och_oar_Hertigo_av_Jan_Kotka_korr_x4.png\"><img decoding=\"async\" alt=\"\" width=\"500\" height=\"366\" loading=\"lazy\" src=\"https:\/\/jankotka.se\/wp-content\/uploads\/2024\/08\/1127-Vatten_och_oar_Hertigo_av_Jan_Kotka_korr_x4-500x366.png\" srcset=\"https:\/\/jankotka.se\/wp-content\/uploads\/2024\/08\/1127-Vatten_och_oar_Hertigo_av_Jan_Kotka_korr_x4-500x366.png 500w,https:\/\/jankotka.se\/wp-content\/uploads\/2024\/08\/1127-Vatten_och_oar_Hertigo_av_Jan_Kotka_korr_x4-1024x749.png 1024w,https:\/\/jankotka.se\/wp-content\/uploads\/2024\/08\/1127-Vatten_och_oar_Hertigo_av_Jan_Kotka_korr_x4.png 1760w\" sizes=\"auto, 250px\"\/><\/a><div class=\"sgb-item-caption\"><em>S\u00e5ld 2015 p\u00e5 min utst\u00e4llning p\u00e5 Agora Gallery Manhattan i New York. Uppskalad med AI.<\/em><\/div><\/div><div class=\"sgb-item\"><a href=\"https:\/\/jankotka.se\/wp-content\/uploads\/2024\/08\/1126-Roddbat_pa_Hertigo_av_Jan_Kotka_korr_x4.png\"><img decoding=\"async\" alt=\"\" width=\"500\" height=\"368\" loading=\"lazy\" src=\"https:\/\/jankotka.se\/wp-content\/uploads\/2024\/08\/1126-Roddbat_pa_Hertigo_av_Jan_Kotka_korr_x4-500x368.png\" srcset=\"https:\/\/jankotka.se\/wp-content\/uploads\/2024\/08\/1126-Roddbat_pa_Hertigo_av_Jan_Kotka_korr_x4-500x368.png 500w,https:\/\/jankotka.se\/wp-content\/uploads\/2024\/08\/1126-Roddbat_pa_Hertigo_av_Jan_Kotka_korr_x4-1024x754.png 1024w,https:\/\/jankotka.se\/wp-content\/uploads\/2024\/08\/1126-Roddbat_pa_Hertigo_av_Jan_Kotka_korr_x4.png 1760w\" sizes=\"auto, 250px\"\/><\/a><div class=\"sgb-item-caption\"><em>Uppskalad med AI.<\/em><\/div><\/div><div class=\"sgb-item\"><a href=\"https:\/\/jankotka.se\/wp-content\/uploads\/2024\/08\/1159-Junie_och_hunden_Sally_pa_vasterudd_Hertigo_2022_av_Jan_Kotka_besk_korr.png\"><img decoding=\"async\" alt=\"\" width=\"371\" height=\"500\" loading=\"lazy\" src=\"https:\/\/jankotka.se\/wp-content\/uploads\/2024\/08\/1159-Junie_och_hunden_Sally_pa_vasterudd_Hertigo_2022_av_Jan_Kotka_besk_korr-371x500.png\" srcset=\"https:\/\/jankotka.se\/wp-content\/uploads\/2024\/08\/1159-Junie_och_hunden_Sally_pa_vasterudd_Hertigo_2022_av_Jan_Kotka_besk_korr-371x500.png 371w,https:\/\/jankotka.se\/wp-content\/uploads\/2024\/08\/1159-Junie_och_hunden_Sally_pa_vasterudd_Hertigo_2022_av_Jan_Kotka_besk_korr-760x1024.png 760w,https:\/\/jankotka.se\/wp-content\/uploads\/2024\/08\/1159-Junie_och_hunden_Sally_pa_vasterudd_Hertigo_2022_av_Jan_Kotka_besk_korr.png 943w\" sizes=\"auto, 250px\"\/><\/a><\/div><div class=\"sgb-item\"><a href=\"https:\/\/jankotka.se\/wp-content\/uploads\/2024\/08\/1166-Utsikten_ovar_vatten_fran_Hertigo_av_Jan_Kotka_besk_korr.png\"><img decoding=\"async\" alt=\"Hertig\u00f6 Arkipelag\" width=\"500\" height=\"371\" loading=\"lazy\" src=\"https:\/\/jankotka.se\/wp-content\/uploads\/2024\/08\/1166-Utsikten_ovar_vatten_fran_Hertigo_av_Jan_Kotka_besk_korr-500x371.png\" srcset=\"https:\/\/jankotka.se\/wp-content\/uploads\/2024\/08\/1166-Utsikten_ovar_vatten_fran_Hertigo_av_Jan_Kotka_besk_korr-500x371.png 500w,https:\/\/jankotka.se\/wp-content\/uploads\/2024\/08\/1166-Utsikten_ovar_vatten_fran_Hertigo_av_Jan_Kotka_besk_korr.png 945w\" sizes=\"auto, 250px\"\/><\/a><\/div><div class=\"sgb-item\"><a href=\"https:\/\/jankotka.se\/wp-content\/uploads\/2024\/08\/1181-Hertigo_och_skargarden_av_Jan_Kotka_besk_korr-1.png\"><img decoding=\"async\" alt=\"\" width=\"500\" height=\"339\" loading=\"lazy\" src=\"https:\/\/jankotka.se\/wp-content\/uploads\/2024\/08\/1181-Hertigo_och_skargarden_av_Jan_Kotka_besk_korr-1-500x339.png\" srcset=\"https:\/\/jankotka.se\/wp-content\/uploads\/2024\/08\/1181-Hertigo_och_skargarden_av_Jan_Kotka_besk_korr-1-500x339.png 500w,https:\/\/jankotka.se\/wp-content\/uploads\/2024\/08\/1181-Hertigo_och_skargarden_av_Jan_Kotka_besk_korr-1-1024x693.png 1024w,https:\/\/jankotka.se\/wp-content\/uploads\/2024\/08\/1181-Hertigo_och_skargarden_av_Jan_Kotka_besk_korr-1.png 1245w\" sizes=\"auto, 250px\"\/><\/a><div class=\"sgb-item-caption\"><em>M\u00e5lade flera akvareller 2004.<\/em><\/div><\/div><\/div><\/noscript><\/div><script type=\"application\/json\" class=\"sgb-data\">{\"galleryType\":\"pgc_sgb_viewer\",\"align\":\"full\",\"galleryId\":\"b0703079\",\"images\":[{\"id\":375,\"title\":\"1023 Hertig\u00f6 Utsikt\",\"url\":\"https:\/\/jankotka.se\/wp-content\/uploads\/2024\/08\/1023-Vatten_och_oar_Hertigo_av_Jan_Kotka_korr.png\",\"link\":\"https:\/\/jankotka.se\/index.php\/galleri-hertigo-natur\/1023-vatten_och_oar_hertigo_av_jan_kotka_korr\/\",\"alt\":\"\",\"description\":\"\",\"caption\":\"S\u00e5ld 2015 p\u00e5 min utst\u00e4llning p\u00e5 Agora Gallery Manhattan i New York. (Se \u00e4ven 1127, f\u00f6r en version uppskalad med AI)\",\"mime\":\"image\/png\",\"type\":\"image\",\"width\":960,\"height\":761,\"sizes\":{\"thumbnail\":{\"height\":250,\"width\":250,\"url\":\"https:\/\/jankotka.se\/wp-content\/uploads\/2024\/08\/1023-Vatten_och_oar_Hertigo_av_Jan_Kotka_korr-250x250.png\",\"orientation\":\"landscape\"},\"medium\":{\"height\":396,\"width\":500,\"url\":\"https:\/\/jankotka.se\/wp-content\/uploads\/2024\/08\/1023-Vatten_och_oar_Hertigo_av_Jan_Kotka_korr-500x396.png\",\"orientation\":\"landscape\"},\"full\":{\"url\":\"https:\/\/jankotka.se\/wp-content\/uploads\/2024\/08\/1023-Vatten_och_oar_Hertigo_av_Jan_Kotka_korr.png\",\"height\":761,\"width\":960,\"orientation\":\"landscape\"}},\"imageMeta\":{\"aperture\":\"0\",\"credit\":\"\",\"camera\":\"\",\"caption\":\"\",\"created_timestamp\":\"0\",\"copyright\":\"\",\"focal_length\":\"0\",\"iso\":\"0\",\"shutter_speed\":\"0\",\"title\":\"\",\"orientation\":\"0\",\"keywords\":[]},\"meta\":false},{\"id\":378,\"title\":\"1127  Hertig\u00f6 Utsikt\",\"url\":\"https:\/\/jankotka.se\/wp-content\/uploads\/2024\/08\/1127-Vatten_och_oar_Hertigo_av_Jan_Kotka_korr_x4.png\",\"link\":\"https:\/\/jankotka.se\/index.php\/galleri-hertigo-natur\/1127-vatten_och_oar_hertigo_av_jan_kotka_korr_x4\/\",\"alt\":\"\",\"description\":\"\",\"caption\":\"S\u00e5ld 2015 p\u00e5 min utst\u00e4llning p\u00e5 Agora Gallery Manhattan i New York. Uppskalad med AI.\",\"mime\":\"image\/png\",\"type\":\"image\",\"width\":1760,\"height\":1288,\"sizes\":{\"thumbnail\":{\"height\":250,\"width\":250,\"url\":\"https:\/\/jankotka.se\/wp-content\/uploads\/2024\/08\/1127-Vatten_och_oar_Hertigo_av_Jan_Kotka_korr_x4-250x250.png\",\"orientation\":\"landscape\"},\"medium\":{\"height\":366,\"width\":500,\"url\":\"https:\/\/jankotka.se\/wp-content\/uploads\/2024\/08\/1127-Vatten_och_oar_Hertigo_av_Jan_Kotka_korr_x4-500x366.png\",\"orientation\":\"landscape\"},\"large\":{\"height\":749,\"width\":1024,\"url\":\"https:\/\/jankotka.se\/wp-content\/uploads\/2024\/08\/1127-Vatten_och_oar_Hertigo_av_Jan_Kotka_korr_x4-1024x749.png\",\"orientation\":\"landscape\"},\"full\":{\"url\":\"https:\/\/jankotka.se\/wp-content\/uploads\/2024\/08\/1127-Vatten_och_oar_Hertigo_av_Jan_Kotka_korr_x4.png\",\"height\":1288,\"width\":1760,\"orientation\":\"landscape\"}},\"imageMeta\":{\"aperture\":\"0\",\"credit\":\"\",\"camera\":\"\",\"caption\":\"\",\"created_timestamp\":\"0\",\"copyright\":\"\",\"focal_length\":\"0\",\"iso\":\"0\",\"shutter_speed\":\"0\",\"title\":\"\",\"orientation\":\"0\",\"keywords\":[]},\"meta\":false},{\"id\":377,\"title\":\"1126 Hertig\u00f6 arkipelag\",\"url\":\"https:\/\/jankotka.se\/wp-content\/uploads\/2024\/08\/1126-Roddbat_pa_Hertigo_av_Jan_Kotka_korr_x4.png\",\"link\":\"https:\/\/jankotka.se\/index.php\/galleri-hertigo-natur\/1126-roddbat_pa_hertigo_av_jan_kotka_korr_x4\/\",\"alt\":\"\",\"description\":\"\",\"caption\":\"Uppskalad med AI.\",\"mime\":\"image\/png\",\"type\":\"image\",\"width\":1760,\"height\":1296,\"sizes\":{\"thumbnail\":{\"height\":250,\"width\":250,\"url\":\"https:\/\/jankotka.se\/wp-content\/uploads\/2024\/08\/1126-Roddbat_pa_Hertigo_av_Jan_Kotka_korr_x4-250x250.png\",\"orientation\":\"landscape\"},\"medium\":{\"height\":368,\"width\":500,\"url\":\"https:\/\/jankotka.se\/wp-content\/uploads\/2024\/08\/1126-Roddbat_pa_Hertigo_av_Jan_Kotka_korr_x4-500x368.png\",\"orientation\":\"landscape\"},\"large\":{\"height\":754,\"width\":1024,\"url\":\"https:\/\/jankotka.se\/wp-content\/uploads\/2024\/08\/1126-Roddbat_pa_Hertigo_av_Jan_Kotka_korr_x4-1024x754.png\",\"orientation\":\"landscape\"},\"full\":{\"url\":\"https:\/\/jankotka.se\/wp-content\/uploads\/2024\/08\/1126-Roddbat_pa_Hertigo_av_Jan_Kotka_korr_x4.png\",\"height\":1296,\"width\":1760,\"orientation\":\"landscape\"}},\"imageMeta\":{\"aperture\":\"0\",\"credit\":\"\",\"camera\":\"\",\"caption\":\"\",\"created_timestamp\":\"0\",\"copyright\":\"\",\"focal_length\":\"0\",\"iso\":\"0\",\"shutter_speed\":\"0\",\"title\":\"\",\"orientation\":\"0\",\"keywords\":[]},\"meta\":false},{\"id\":379,\"title\":\"1159 Junie och hunden Sally\",\"url\":\"https:\/\/jankotka.se\/wp-content\/uploads\/2024\/08\/1159-Junie_och_hunden_Sally_pa_vasterudd_Hertigo_2022_av_Jan_Kotka_besk_korr.png\",\"link\":\"https:\/\/jankotka.se\/index.php\/galleri-hertigo-natur\/1159-junie_och_hunden_sally_pa_vasterudd_hertigo_2022_av_jan_kotka_besk_korr\/\",\"alt\":\"\",\"description\":\"\",\"caption\":\"\",\"mime\":\"image\/png\",\"type\":\"image\",\"width\":943,\"height\":1270,\"sizes\":{\"thumbnail\":{\"height\":250,\"width\":250,\"url\":\"https:\/\/jankotka.se\/wp-content\/uploads\/2024\/08\/1159-Junie_och_hunden_Sally_pa_vasterudd_Hertigo_2022_av_Jan_Kotka_besk_korr-250x250.png\",\"orientation\":\"landscape\"},\"medium\":{\"height\":500,\"width\":371,\"url\":\"https:\/\/jankotka.se\/wp-content\/uploads\/2024\/08\/1159-Junie_och_hunden_Sally_pa_vasterudd_Hertigo_2022_av_Jan_Kotka_besk_korr-371x500.png\",\"orientation\":\"portrait\"},\"large\":{\"height\":1024,\"width\":760,\"url\":\"https:\/\/jankotka.se\/wp-content\/uploads\/2024\/08\/1159-Junie_och_hunden_Sally_pa_vasterudd_Hertigo_2022_av_Jan_Kotka_besk_korr-760x1024.png\",\"orientation\":\"portrait\"},\"full\":{\"url\":\"https:\/\/jankotka.se\/wp-content\/uploads\/2024\/08\/1159-Junie_och_hunden_Sally_pa_vasterudd_Hertigo_2022_av_Jan_Kotka_besk_korr.png\",\"height\":1270,\"width\":943,\"orientation\":\"portrait\"}},\"imageMeta\":{\"aperture\":\"0\",\"credit\":\"\",\"camera\":\"\",\"caption\":\"\",\"created_timestamp\":\"0\",\"copyright\":\"\",\"focal_length\":\"0\",\"iso\":\"0\",\"shutter_speed\":\"0\",\"title\":\"\",\"orientation\":\"0\",\"keywords\":[]},\"meta\":false},{\"id\":380,\"title\":\"1166 Hertig\u00f6 arkipelag\",\"url\":\"https:\/\/jankotka.se\/wp-content\/uploads\/2024\/08\/1166-Utsikten_ovar_vatten_fran_Hertigo_av_Jan_Kotka_besk_korr.png\",\"link\":\"https:\/\/jankotka.se\/index.php\/galleri-hertigo-natur\/1166-utsikten_ovar_vatten_fran_hertigo_av_jan_kotka_besk_korr\/\",\"alt\":\"Hertig\u00f6 Arkipelag\",\"description\":\"\",\"caption\":\"\",\"mime\":\"image\/png\",\"type\":\"image\",\"width\":945,\"height\":702,\"sizes\":{\"thumbnail\":{\"height\":250,\"width\":250,\"url\":\"https:\/\/jankotka.se\/wp-content\/uploads\/2024\/08\/1166-Utsikten_ovar_vatten_fran_Hertigo_av_Jan_Kotka_besk_korr-250x250.png\",\"orientation\":\"landscape\"},\"medium\":{\"height\":371,\"width\":500,\"url\":\"https:\/\/jankotka.se\/wp-content\/uploads\/2024\/08\/1166-Utsikten_ovar_vatten_fran_Hertigo_av_Jan_Kotka_besk_korr-500x371.png\",\"orientation\":\"landscape\"},\"full\":{\"url\":\"https:\/\/jankotka.se\/wp-content\/uploads\/2024\/08\/1166-Utsikten_ovar_vatten_fran_Hertigo_av_Jan_Kotka_besk_korr.png\",\"height\":702,\"width\":945,\"orientation\":\"landscape\"}},\"imageMeta\":{\"aperture\":\"0\",\"credit\":\"\",\"camera\":\"\",\"caption\":\"\",\"created_timestamp\":\"0\",\"copyright\":\"\",\"focal_length\":\"0\",\"iso\":\"0\",\"shutter_speed\":\"0\",\"title\":\"\",\"orientation\":\"0\",\"keywords\":[]},\"meta\":false},{\"id\":381,\"title\":\"1181 Hertig\u00f6, sk\u00e4rg\u00e5rd\",\"url\":\"https:\/\/jankotka.se\/wp-content\/uploads\/2024\/08\/1181-Hertigo_och_skargarden_av_Jan_Kotka_besk_korr-1.png\",\"link\":\"https:\/\/jankotka.se\/index.php\/galleri-hertigo-natur\/1181-hertigo_och_skargarden_av_jan_kotka_besk_korr-2\/\",\"alt\":\"\",\"description\":\"\",\"caption\":\"M\u00e5lade flera akvareller 2004.\",\"mime\":\"image\/png\",\"type\":\"image\",\"width\":1245,\"height\":843,\"sizes\":{\"thumbnail\":{\"height\":250,\"width\":250,\"url\":\"https:\/\/jankotka.se\/wp-content\/uploads\/2024\/08\/1181-Hertigo_och_skargarden_av_Jan_Kotka_besk_korr-1-250x250.png\",\"orientation\":\"landscape\"},\"medium\":{\"height\":339,\"width\":500,\"url\":\"https:\/\/jankotka.se\/wp-content\/uploads\/2024\/08\/1181-Hertigo_och_skargarden_av_Jan_Kotka_besk_korr-1-500x339.png\",\"orientation\":\"landscape\"},\"large\":{\"height\":693,\"width\":1024,\"url\":\"https:\/\/jankotka.se\/wp-content\/uploads\/2024\/08\/1181-Hertigo_och_skargarden_av_Jan_Kotka_besk_korr-1-1024x693.png\",\"orientation\":\"landscape\"},\"full\":{\"url\":\"https:\/\/jankotka.se\/wp-content\/uploads\/2024\/08\/1181-Hertigo_och_skargarden_av_Jan_Kotka_besk_korr-1.png\",\"height\":843,\"width\":1245,\"orientation\":\"landscape\"}},\"imageMeta\":{\"aperture\":\"0\",\"credit\":\"\",\"camera\":\"\",\"caption\":\"\",\"created_timestamp\":\"0\",\"copyright\":\"\",\"focal_length\":\"0\",\"iso\":\"0\",\"shutter_speed\":\"0\",\"title\":\"\",\"orientation\":\"0\",\"keywords\":[]},\"meta\":false}],\"useClobalSettings\":true,\"sliderRatio\":0.55,\"sliderItemTitleFontSize\":16,\"sliderItemDescriptionEnable\":true,\"sliderBgColor\":\"rgba(255,247,164,1)\",\"sliderHeaderFooterBgColor\":\"rgba(36,78,138,1)\",\"sliderNavigationColor\":\"rgba(36,78,138,1)\",\"sliderNavigationIconColorOver\":\"rgba(56,98,159,1)\",\"collectionColumns\":5,\"collectionThumbRecomendedWidth\":200,\"itemsMetaDataCollection\":[]}<\/script><script>(function(){if(window.PGC_SGB && window.PGC_SGB.searcher){window.PGC_SGB.searcher.initBlocks()}})()<\/script><\/div><\/div>\n","protected":false},"excerpt":{"rendered":"","protected":false},"author":1,"featured_media":0,"parent":0,"menu_order":0,"comment_status":"closed","ping_status":"closed","template":"","meta":{"pgc_sgb_lightbox_settings":"","footnotes":""},"class_list":["post-372","page","type-page","status-publish","hentry"],"_links":{"self":[{"href":"https:\/\/jankotka.se\/index.php\/wp-json\/wp\/v2\/pages\/372","targetHints":{"allow":["GET"]}}],"collection":[{"href":"https:\/\/jankotka.se\/index.php\/wp-json\/wp\/v2\/pages"}],"about":[{"href":"https:\/\/jankotka.se\/index.php\/wp-json\/wp\/v2\/types\/page"}],"author":[{"embeddable":true,"href":"https:\/\/jankotka.se\/index.php\/wp-json\/wp\/v2\/users\/1"}],"replies":[{"embeddable":true,"href":"https:\/\/jankotka.se\/index.php\/wp-json\/wp\/v2\/comments?post=372"}],"version-history":[{"count":4,"href":"https:\/\/jankotka.se\/index.php\/wp-json\/wp\/v2\/pages\/372\/revisions"}],"predecessor-version":[{"id":405,"href":"https:\/\/jankotka.se\/index.php\/wp-json\/wp\/v2\/pages\/372\/revisions\/405"}],"wp:attachment":[{"href":"https:\/\/jankotka.se\/index.php\/wp-json\/wp\/v2\/media?parent=372"}],"curies":[{"name":"wp","href":"https:\/\/api.w.org\/{rel}","templated":true}]}}