{"id":390,"date":"2024-08-31T20:36:00","date_gmt":"2024-08-31T18:36:00","guid":{"rendered":"https:\/\/jankotka.se\/?page_id=390"},"modified":"2024-09-06T19:34:46","modified_gmt":"2024-09-06T17:34:46","slug":"cv-svenska","status":"publish","type":"page","link":"https:\/\/jankotka.se\/index.php\/cv-svenska\/","title":{"rendered":"CV (svenska)"},"content":{"rendered":"\n<p>F\u00f6dd i Gamla Karleby, Finland, \u00d6sterbotten \u00e5r 1951.<\/p>\n\n\n\n<p>Bosatt i Sverige sedan 1960.<\/p>\n\n\n\n<h2 class=\"wp-block-heading\">Skolor<\/h2>\n\n\n\n<p>Berghs Reklam Marknadsskola, 1973-75 <\/p>\n\n\n\n<p>Konstskolan Idun Loven, 1976-77<\/p>\n\n\n\n<h2 class=\"wp-block-heading\">Medlemskap<\/h2>\n\n\n\n<p>Medlem av SK svenska konstn\u00e4rsf\u00f6rbundet <\/p>\n\n\n\n<p>Sverigefinska bildkonstn\u00e4rernas f\u00f6rening \/ SEBKE Soumi Art<\/p>\n\n\n\n<p>Ledamot av Konstn\u00e4rsklubben, 5 Dec 2019<\/p>\n\n\n\n<h2 class=\"wp-block-heading\">Utst\u00e4llningar<\/h2>\n\n\n\n<h4 class=\"wp-block-heading\">Samlingsutst\u00e4llningar:<\/h4>\n\n\n\n<p>Svea Galleriet, 1983 <\/p>\n\n\n\n<p>Galleri Plaisiren, 1997 <\/p>\n\n\n\n<p>V\u00e4sby Konsthall, 1997 <\/p>\n\n\n\n<p>Suomi Galleri, 1999 <\/p>\n\n\n\n<p>Galleri Hagman, 2001 <\/p>\n\n\n\n<p>Ahtello Soul Art Gallery, 2002 <\/p>\n\n\n\n<p>V\u00e4sby Konsthall, 2003 <\/p>\n\n\n\n<p>V\u00e4sby Konsthall, 2004 <\/p>\n\n\n\n<p>Galleri Hagman, 2004 <\/p>\n\n\n\n<p>Stockholms Konstsalong, 2005 <\/p>\n\n\n\n<p>Agora Gallery New York, 2015 <\/p>\n\n\n\n<p>Reykjavik Art of Residence, 2020<\/p>\n\n\n\n<h4 class=\"wp-block-heading\">Separata utst\u00e4llningar:<\/h4>\n\n\n\n<p>Handens Bibliotek, 1985 <\/p>\n\n\n\n<p>Galleri Studio 5: 1993, 1996, 1999 <\/p>\n\n\n\n<p>Tungelsta folkets hus, 1998 <\/p>\n\n\n\n<p>N\u00e4vekvarn Gula Magasinet, 2005<\/p>\n\n\n\n<h2 class=\"wp-block-heading\">Teknik<\/h2>\n\n\n\n<p>Olja, akryl, akvarell, krita, blyerts, glasmosaik samt grafik s\u00e5som linoleumsnitt och tr\u00e4snitt.<\/p>\n\n\n\n<h2 class=\"wp-block-heading\">Verksam utomlands<\/h2>\n\n\n\n<p>Tanzania 1986-88<br>Egypten 1993-95<\/p>\n","protected":false},"excerpt":{"rendered":"<p>F\u00f6dd i Gamla Karleby, Finland, \u00d6sterbotten \u00e5r 1951. Bosatt i Sverige sedan 1960. Skolor Berghs Reklam Marknadsskola, 1973-75 Konstskolan Idun Loven, 1976-77 Medlemskap Medlem av SK svenska konstn\u00e4rsf\u00f6rbundet Sverigefinska bildkonstn\u00e4rernas f\u00f6rening \/ SEBKE Soumi Art Ledamot av Konstn\u00e4rsklubben, 5 Dec 2019 Utst\u00e4llningar Samlingsutst\u00e4llningar: Svea Galleriet, 1983 Galleri Plaisiren, 1997 V\u00e4sby Konsthall, 1997 Suomi Galleri, 1999 [&hellip;]<\/p>\n","protected":false},"author":1,"featured_media":0,"parent":0,"menu_order":0,"comment_status":"closed","ping_status":"closed","template":"","meta":{"pgc_sgb_lightbox_settings":"","footnotes":""},"class_list":["post-390","page","type-page","status-publish","hentry"],"_links":{"self":[{"href":"https:\/\/jankotka.se\/index.php\/wp-json\/wp\/v2\/pages\/390","targetHints":{"allow":["GET"]}}],"collection":[{"href":"https:\/\/jankotka.se\/index.php\/wp-json\/wp\/v2\/pages"}],"about":[{"href":"https:\/\/jankotka.se\/index.php\/wp-json\/wp\/v2\/types\/page"}],"author":[{"embeddable":true,"href":"https:\/\/jankotka.se\/index.php\/wp-json\/wp\/v2\/users\/1"}],"replies":[{"embeddable":true,"href":"https:\/\/jankotka.se\/index.php\/wp-json\/wp\/v2\/comments?post=390"}],"version-history":[{"count":4,"href":"https:\/\/jankotka.se\/index.php\/wp-json\/wp\/v2\/pages\/390\/revisions"}],"predecessor-version":[{"id":493,"href":"https:\/\/jankotka.se\/index.php\/wp-json\/wp\/v2\/pages\/390\/revisions\/493"}],"wp:attachment":[{"href":"https:\/\/jankotka.se\/index.php\/wp-json\/wp\/v2\/media?parent=390"}],"curies":[{"name":"wp","href":"https:\/\/api.w.org\/{rel}","templated":true}]}}