{"id":452,"date":"2024-09-04T09:56:11","date_gmt":"2024-09-04T07:56:11","guid":{"rendered":"https:\/\/jankotka.se\/?page_id=452"},"modified":"2024-09-07T22:40:26","modified_gmt":"2024-09-07T20:40:26","slug":"blog","status":"publish","type":"page","link":"https:\/\/jankotka.se\/index.php\/blog\/","title":{"rendered":"Bloggen"},"content":{"rendered":"\n<div class=\"wp-block-group alignfull has-global-padding is-layout-constrained wp-container-core-group-is-layout-946f663b wp-block-group-is-layout-constrained\" style=\"margin-top:0;margin-bottom:0;padding-top:var(--wp--preset--spacing--30);padding-right:var(--wp--preset--spacing--30);padding-bottom:var(--wp--preset--spacing--30);padding-left:var(--wp--preset--spacing--30)\">\n<div style=\"margin-top:0;margin-bottom:0;height:var(--wp--preset--spacing--10)\" aria-hidden=\"true\" class=\"wp-block-spacer\"><\/div>\n\n\n\n<div class=\"wp-block-columns alignwide is-layout-flex wp-container-core-columns-is-layout-d0846407 wp-block-columns-is-layout-flex\">\n<div class=\"wp-block-column is-layout-flow wp-block-column-is-layout-flow\" style=\"flex-basis:60%\">\n<div class=\"wp-block-query is-layout-flow wp-block-query-is-layout-flow\"><ul class=\"wp-block-post-template is-layout-flow wp-container-core-post-template-is-layout-ea1fff98 wp-block-post-template-is-layout-flow\"><li class=\"wp-block-post post-780 post type-post status-publish format-standard has-post-thumbnail hentry category-uncategorized\">\n<figure style=\"aspect-ratio:3\/4;\" class=\"wp-block-post-featured-image\"><a href=\"https:\/\/jankotka.se\/index.php\/2025\/11\/29\/utstallning-finska-bokhandeln-nov-dec-2025\/\" target=\"_self\"  ><img loading=\"lazy\" decoding=\"async\" width=\"730\" height=\"960\" src=\"https:\/\/jankotka.se\/wp-content\/uploads\/2025\/11\/Utstallning_Finska_Bokhandeln-2025-11-26-12-24_bild_1.jpg\" class=\"attachment-post-thumbnail size-post-thumbnail wp-post-image\" alt=\"Utst\u00e4llning! Finska bokhandeln nov-dec 2025\" style=\"width:100%;height:100%;object-fit:cover;\" srcset=\"https:\/\/jankotka.se\/wp-content\/uploads\/2025\/11\/Utstallning_Finska_Bokhandeln-2025-11-26-12-24_bild_1.jpg 730w, https:\/\/jankotka.se\/wp-content\/uploads\/2025\/11\/Utstallning_Finska_Bokhandeln-2025-11-26-12-24_bild_1-380x500.jpg 380w\" sizes=\"auto, (max-width: 730px) 100vw, 730px\" \/><\/a><\/figure>\n\n\n<div style=\"height:var(--wp--preset--spacing--10)\" aria-hidden=\"true\" class=\"wp-block-spacer\"><\/div>\n\n\n\n<div class=\"wp-block-group is-vertical is-nowrap is-layout-flex wp-container-core-group-is-layout-027a86ef wp-block-group-is-layout-flex\"><h3 class=\"wp-block-post-title has-x-large-font-size\"><a href=\"https:\/\/jankotka.se\/index.php\/2025\/11\/29\/utstallning-finska-bokhandeln-nov-dec-2025\/\" target=\"_self\" >Utst\u00e4llning! Finska bokhandeln nov-dec 2025<\/a><\/h3>\n\n<div class=\"wp-block-post-excerpt\"><p class=\"wp-block-post-excerpt__excerpt\">Jan Kotka st\u00e4ller ut ett antal konstverk p\u00e5 Finska bokhandeln, Birkagatan 19, 113 36, Stockholm. Utst\u00e4llningen p\u00e5g\u00e5r mellan 2025-11-26 till 2025-12-24. \u00d6ppettider f\u00f6r Finska bokhandeln \u00e4r: onsdagar kl. 16\u201318 ochl\u00f6rdagar kl. 11\u201314 Finska Bokhandeln webbsite:&hellip; <\/p><\/div>\n\n<div class=\"wp-block-template-part\">\n\n<div class=\"wp-block-group has-global-padding is-layout-constrained wp-block-group-is-layout-constrained\">\n\t\n\t<div class=\"wp-block-group is-content-justification-left is-layout-flex wp-container-core-group-is-layout-dfe8e91f wp-block-group-is-layout-flex\">\n\t\t<div class=\"wp-block-post-date\"><time datetime=\"2025-11-29T12:52:33+01:00\"><a href=\"https:\/\/jankotka.se\/index.php\/2025\/11\/29\/utstallning-finska-bokhandeln-nov-dec-2025\/\">nov 29, 2025<\/a><\/time><\/div>\n\n\t\t\n\t\t<p class=\"has-contrast-2-color has-text-color\">\u2014<\/p>\n\t\t\n\n\t\t\n\t\t<p class=\"has-small-font-size has-contrast-2-color has-text-color\">av<\/p>\n\t\t\n\n\t\t<div class=\"wp-block-post-author-name\"><a href=\"https:\/\/jankotka.se\/index.php\/author\/admin\/\" target=\"_self\" class=\"wp-block-post-author-name__link\">admin<\/a><\/div>\n\n\t\t<div class=\"taxonomy-category wp-block-post-terms\"><span class=\"wp-block-post-terms__prefix\">i <\/span><a href=\"https:\/\/jankotka.se\/index.php\/category\/uncategorized\/\" rel=\"tag\">Uncategorized<\/a><\/div>\n\n\t<\/div>\n\t\n<\/div>\n\n\n<\/div><\/div>\n\n<\/li><\/ul><\/div>\n<\/div>\n\n\n\n<div class=\"wp-block-column is-layout-flow wp-block-column-is-layout-flow\" style=\"flex-basis:40%\">\n<h2 class=\"wp-block-heading alignwide has-x-large-font-size\" style=\"margin-top:0;line-height:1\">Senaste<\/h2>\n\n\n\n<div class=\"wp-block-query is-layout-flow wp-block-query-is-layout-flow\"><ul class=\"wp-block-post-template is-layout-flow wp-block-post-template-is-layout-flow\"><li class=\"wp-block-post post-780 post type-post status-publish format-standard has-post-thumbnail hentry category-uncategorized\">\n<h4 class=\"wp-block-post-title\"><a href=\"https:\/\/jankotka.se\/index.php\/2025\/11\/29\/utstallning-finska-bokhandeln-nov-dec-2025\/\" target=\"_self\" >Utst\u00e4llning! Finska bokhandeln nov-dec 2025<\/a><\/h4>\n\n<div class=\"has-link-color wp-elements-c0eccb4a47e2f63703033434d6a74c19 wp-block-post-date has-text-color has-base-color has-small-font-size\"><time datetime=\"2025-11-29T12:52:33+01:00\"><a href=\"https:\/\/jankotka.se\/index.php\/2025\/11\/29\/utstallning-finska-bokhandeln-nov-dec-2025\/\">2025-11-29<\/a><\/time><\/div>\n\n<div class=\"has-link-color wp-elements-19d5ca4b0c196bd6c77be475e3f9e476 wp-block-post-excerpt has-text-color has-base-color has-medium-font-size\"><p class=\"wp-block-post-excerpt__excerpt\">Jan Kotka st\u00e4ller ut ett antal konstverk p\u00e5 Finska bokhandeln, Birkagatan 19, 113 36, Stockholm. Utst\u00e4llningen p\u00e5g\u00e5r mellan 2025-11-26 till&hellip;<\/p><p class=\"wp-block-post-excerpt__more-text\"><a class=\"wp-block-post-excerpt__more-link\" href=\"https:\/\/jankotka.se\/index.php\/2025\/11\/29\/utstallning-finska-bokhandeln-nov-dec-2025\/\">L\u00e4s mer<\/a><\/p><\/div>\n<\/li><li class=\"wp-block-post post-482 post type-post status-publish format-standard has-post-thumbnail hentry category-uncategorized\">\n<h4 class=\"wp-block-post-title\"><a href=\"https:\/\/jankotka.se\/index.php\/2024\/09\/06\/om-min-utstallning-i-new-york-pa-agora-gallery\/\" target=\"_self\" >Om min utst\u00e4llning i New York p\u00e5 Agora Gallery, nov 2015<\/a><\/h4>\n\n<div class=\"has-link-color wp-elements-c0eccb4a47e2f63703033434d6a74c19 wp-block-post-date has-text-color has-base-color has-small-font-size\"><time datetime=\"2024-09-06T11:44:44+02:00\"><a href=\"https:\/\/jankotka.se\/index.php\/2024\/09\/06\/om-min-utstallning-i-new-york-pa-agora-gallery\/\">2024-09-06<\/a><\/time><\/div>\n\n<div class=\"has-link-color wp-elements-19d5ca4b0c196bd6c77be475e3f9e476 wp-block-post-excerpt has-text-color has-base-color has-medium-font-size\"><p class=\"wp-block-post-excerpt__excerpt\"><\/p><p class=\"wp-block-post-excerpt__more-text\"><a class=\"wp-block-post-excerpt__more-link\" href=\"https:\/\/jankotka.se\/index.php\/2024\/09\/06\/om-min-utstallning-i-new-york-pa-agora-gallery\/\">L\u00e4s mer<\/a><\/p><\/div>\n<\/li><li class=\"wp-block-post post-1 post type-post status-publish format-standard has-post-thumbnail hentry category-uncategorized\">\n<h4 class=\"wp-block-post-title\"><a href=\"https:\/\/jankotka.se\/index.php\/2024\/08\/21\/utstallningen\/\" target=\"_self\" >Utst\u00e4llningen p\u00e5 Galleri Bellman, sept 2024<\/a><\/h4>\n\n<div class=\"has-link-color wp-elements-c0eccb4a47e2f63703033434d6a74c19 wp-block-post-date has-text-color has-base-color has-small-font-size\"><time datetime=\"2024-08-21T14:17:08+02:00\"><a href=\"https:\/\/jankotka.se\/index.php\/2024\/08\/21\/utstallningen\/\">2024-08-21<\/a><\/time><\/div>\n\n<div class=\"has-link-color wp-elements-19d5ca4b0c196bd6c77be475e3f9e476 wp-block-post-excerpt has-text-color has-base-color has-medium-font-size\"><p class=\"wp-block-post-excerpt__excerpt\">Utst\u00e4llningen p\u00e5g\u00e5r till och med imorgon p\u00e5 Galleri Bellman. Jag medverkar med 12 medlemmar i \u201dH\u00f6stsalongen Svenska Konstn\u00e4rsf\u00f6rbundet Region \u00d6st\u201d,&hellip;<\/p><p class=\"wp-block-post-excerpt__more-text\"><a class=\"wp-block-post-excerpt__more-link\" href=\"https:\/\/jankotka.se\/index.php\/2024\/08\/21\/utstallningen\/\">L\u00e4s mer<\/a><\/p><\/div>\n<\/li><\/ul>\n\n\n\n<\/div>\n<\/div>\n<\/div>\n<\/div>\n","protected":false},"excerpt":{"rendered":"<p>Senaste<\/p>\n","protected":false},"author":2,"featured_media":0,"parent":0,"menu_order":0,"comment_status":"closed","ping_status":"closed","template":"","meta":{"pgc_sgb_lightbox_settings":"","footnotes":""},"class_list":["post-452","page","type-page","status-publish","hentry"],"_links":{"self":[{"href":"https:\/\/jankotka.se\/index.php\/wp-json\/wp\/v2\/pages\/452","targetHints":{"allow":["GET"]}}],"collection":[{"href":"https:\/\/jankotka.se\/index.php\/wp-json\/wp\/v2\/pages"}],"about":[{"href":"https:\/\/jankotka.se\/index.php\/wp-json\/wp\/v2\/types\/page"}],"author":[{"embeddable":true,"href":"https:\/\/jankotka.se\/index.php\/wp-json\/wp\/v2\/users\/2"}],"replies":[{"embeddable":true,"href":"https:\/\/jankotka.se\/index.php\/wp-json\/wp\/v2\/comments?post=452"}],"version-history":[{"count":11,"href":"https:\/\/jankotka.se\/index.php\/wp-json\/wp\/v2\/pages\/452\/revisions"}],"predecessor-version":[{"id":624,"href":"https:\/\/jankotka.se\/index.php\/wp-json\/wp\/v2\/pages\/452\/revisions\/624"}],"wp:attachment":[{"href":"https:\/\/jankotka.se\/index.php\/wp-json\/wp\/v2\/media?parent=452"}],"curies":[{"name":"wp","href":"https:\/\/api.w.org\/{rel}","templated":true}]}}