{"id":507,"date":"2024-09-07T17:50:20","date_gmt":"2024-09-07T15:50:20","guid":{"rendered":"https:\/\/jankotka.se\/?page_id=507"},"modified":"2024-09-07T17:50:20","modified_gmt":"2024-09-07T15:50:20","slug":"galleri-krita-pa-glas","status":"publish","type":"page","link":"https:\/\/jankotka.se\/index.php\/galleri-krita-pa-glas\/","title":{"rendered":"Galleri Krita p\u00e5 glas"},"content":{"rendered":"\n<div class=\"wp-block-group alignfull has-global-padding is-layout-constrained wp-block-group-is-layout-constrained\"><div class=\"pgc-sgb-cb wp-block-pgcsimplygalleryblock-viewer alignfull\" data-gallery-id=\"30512634\"><div class=\"sgb-preloader\" id=\"pr_30512634\">\n\t<div class=\"sgb-square\" style=\"background:#d4d4d4\"><\/div>\n\t<div class=\"sgb-square\" style=\"background:#d4d4d4\"><\/div>\n\t<div class=\"sgb-square\" style=\"background:#d4d4d4\"><\/div>\n\t<div class=\"sgb-square\" style=\"background:#d4d4d4\"><\/div><\/div><div class=\"simply-gallery-amp pgc_sgb_slider alignfull\"><noscript><div class=\"sgb-gallery\"><div class=\"sgb-item\"><a href=\"https:\/\/jankotka.se\/index.php\/pgc_simply_gallery\/krita-pa-glas\/1155-krita_pa_glas_utsikt_grona_stugan_hertigo_av_jan_kotka_besk_korr_skjuv_x2\/\" target=\"_blank\"><img decoding=\"async\" alt=\"\" width=\"500\" height=\"498\" loading=\"lazy\" src=\"https:\/\/jankotka.se\/wp-content\/uploads\/2024\/09\/1155-Krita_pa_glas_Utsikt_grona_stugan_Hertigo_av_Jan_Kotka_besk_korr_skjuv_x2-500x498.png\" srcset=\"https:\/\/jankotka.se\/wp-content\/uploads\/2024\/09\/1155-Krita_pa_glas_Utsikt_grona_stugan_Hertigo_av_Jan_Kotka_besk_korr_skjuv_x2-500x498.png 500w,https:\/\/jankotka.se\/wp-content\/uploads\/2024\/09\/1155-Krita_pa_glas_Utsikt_grona_stugan_Hertigo_av_Jan_Kotka_besk_korr_skjuv_x2-1024x1019.png 1024w,https:\/\/jankotka.se\/wp-content\/uploads\/2024\/09\/1155-Krita_pa_glas_Utsikt_grona_stugan_Hertigo_av_Jan_Kotka_besk_korr_skjuv_x2.png 1796w\" sizes=\"auto, 250px\"\/><\/a><div class=\"sgb-item-caption\"><em>Uppskalad med AI.<\/em><\/div><\/div><div class=\"sgb-item\"><a href=\"https:\/\/jankotka.se\/index.php\/pgc_simply_gallery\/krita-pa-glas\/1165-krita_pa_glas_utsikt_grona_stugan_hertigo_av_jan_kotka_besk_korr_skjuv_retouch_x2\/\" target=\"_blank\"><img decoding=\"async\" alt=\"\" width=\"433\" height=\"500\" loading=\"lazy\" src=\"https:\/\/jankotka.se\/wp-content\/uploads\/2024\/09\/1165-Krita_pa_glas_Utsikt_grona_stugan_Hertigo_av_Jan_Kotka_besk_korr_skjuv_retouch_x2-433x500.png\" srcset=\"https:\/\/jankotka.se\/wp-content\/uploads\/2024\/09\/1165-Krita_pa_glas_Utsikt_grona_stugan_Hertigo_av_Jan_Kotka_besk_korr_skjuv_retouch_x2-433x500.png 433w,https:\/\/jankotka.se\/wp-content\/uploads\/2024\/09\/1165-Krita_pa_glas_Utsikt_grona_stugan_Hertigo_av_Jan_Kotka_besk_korr_skjuv_retouch_x2-886x1024.png 886w,https:\/\/jankotka.se\/wp-content\/uploads\/2024\/09\/1165-Krita_pa_glas_Utsikt_grona_stugan_Hertigo_av_Jan_Kotka_besk_korr_skjuv_retouch_x2.png 1840w\" sizes=\"auto, 250px\"\/><\/a><div class=\"sgb-item-caption\"><em>Uppskalad med AI.<\/em><\/div><\/div><div class=\"sgb-item\"><a href=\"https:\/\/jankotka.se\/index.php\/pgc_simply_gallery\/krita-pa-glas\/1190-krita_pa_glas_utsikt_sjoboden_hertigo_av_jan_kotka_besk_korr_skjuv_retouch_x2\/\" target=\"_blank\"><img decoding=\"async\" alt=\"\" width=\"413\" height=\"500\" loading=\"lazy\" src=\"https:\/\/jankotka.se\/wp-content\/uploads\/2024\/09\/1190-Krita_pa_glas_Utsikt_sjoboden_Hertigo_av_Jan_Kotka_besk_korr_skjuv_retouch_x2-413x500.png\" srcset=\"https:\/\/jankotka.se\/wp-content\/uploads\/2024\/09\/1190-Krita_pa_glas_Utsikt_sjoboden_Hertigo_av_Jan_Kotka_besk_korr_skjuv_retouch_x2-413x500.png 413w,https:\/\/jankotka.se\/wp-content\/uploads\/2024\/09\/1190-Krita_pa_glas_Utsikt_sjoboden_Hertigo_av_Jan_Kotka_besk_korr_skjuv_retouch_x2-847x1024.png 847w,https:\/\/jankotka.se\/wp-content\/uploads\/2024\/09\/1190-Krita_pa_glas_Utsikt_sjoboden_Hertigo_av_Jan_Kotka_besk_korr_skjuv_retouch_x2.png 1832w\" sizes=\"auto, 250px\"\/><\/a><div class=\"sgb-item-caption\"><em>Uppskalad med AI.<\/em><\/div><\/div><div class=\"sgb-item\"><a href=\"https:\/\/jankotka.se\/index.php\/pgc_simply_gallery\/krita-pa-glas\/1304-krita_pa_glas_yvonne_och_wille_av_jan_kotka_besk_x2\/\" target=\"_blank\"><img decoding=\"async\" alt=\"\" width=\"500\" height=\"389\" loading=\"lazy\" src=\"https:\/\/jankotka.se\/wp-content\/uploads\/2024\/09\/1304-Krita_pa_glas_Yvonne_och_Wille_av_Jan_Kotka_besk_x2-500x389.png\" srcset=\"https:\/\/jankotka.se\/wp-content\/uploads\/2024\/09\/1304-Krita_pa_glas_Yvonne_och_Wille_av_Jan_Kotka_besk_x2-500x389.png 500w,https:\/\/jankotka.se\/wp-content\/uploads\/2024\/09\/1304-Krita_pa_glas_Yvonne_och_Wille_av_Jan_Kotka_besk_x2-1024x796.png 1024w,https:\/\/jankotka.se\/wp-content\/uploads\/2024\/09\/1304-Krita_pa_glas_Yvonne_och_Wille_av_Jan_Kotka_besk_x2.png 1920w\" sizes=\"auto, 250px\"\/><\/a><div class=\"sgb-item-caption\"><em>Krita p\u00e5 datask\u00e4rm. Uppskalad med AI.<\/em><\/div><\/div><\/div><\/noscript><\/div><script type=\"application\/json\" class=\"sgb-data\">{\"galleryType\":\"pgc_sgb_viewer\",\"align\":\"full\",\"galleryId\":\"30512634\",\"images\":[{\"id\":503,\"title\":\"1155 Utsikt fr\u00e5n Gr\u00f6na Stugan p\u00e5 Hertig\u00f6, krita p\u00e5 glas\",\"url\":\"https:\/\/jankotka.se\/wp-content\/uploads\/2024\/09\/1155-Krita_pa_glas_Utsikt_grona_stugan_Hertigo_av_Jan_Kotka_besk_korr_skjuv_x2.png\",\"link\":\"https:\/\/jankotka.se\/index.php\/pgc_simply_gallery\/krita-pa-glas\/1155-krita_pa_glas_utsikt_grona_stugan_hertigo_av_jan_kotka_besk_korr_skjuv_x2\/\",\"alt\":\"\",\"description\":\"\",\"caption\":\"Uppskalad med AI.\",\"mime\":\"image\/png\",\"type\":\"image\",\"width\":1796,\"height\":1788,\"sizes\":{\"thumbnail\":{\"height\":250,\"width\":250,\"url\":\"https:\/\/jankotka.se\/wp-content\/uploads\/2024\/09\/1155-Krita_pa_glas_Utsikt_grona_stugan_Hertigo_av_Jan_Kotka_besk_korr_skjuv_x2-250x250.png\",\"orientation\":\"landscape\"},\"medium\":{\"height\":498,\"width\":500,\"url\":\"https:\/\/jankotka.se\/wp-content\/uploads\/2024\/09\/1155-Krita_pa_glas_Utsikt_grona_stugan_Hertigo_av_Jan_Kotka_besk_korr_skjuv_x2-500x498.png\",\"orientation\":\"landscape\"},\"large\":{\"height\":1019,\"width\":1024,\"url\":\"https:\/\/jankotka.se\/wp-content\/uploads\/2024\/09\/1155-Krita_pa_glas_Utsikt_grona_stugan_Hertigo_av_Jan_Kotka_besk_korr_skjuv_x2-1024x1019.png\",\"orientation\":\"landscape\"},\"full\":{\"url\":\"https:\/\/jankotka.se\/wp-content\/uploads\/2024\/09\/1155-Krita_pa_glas_Utsikt_grona_stugan_Hertigo_av_Jan_Kotka_besk_korr_skjuv_x2.png\",\"height\":1788,\"width\":1796,\"orientation\":\"landscape\"}},\"imageMeta\":{\"aperture\":\"0\",\"credit\":\"\",\"camera\":\"\",\"caption\":\"\",\"created_timestamp\":\"0\",\"copyright\":\"\",\"focal_length\":\"0\",\"iso\":\"0\",\"shutter_speed\":\"0\",\"title\":\"\",\"orientation\":\"0\",\"keywords\":[]},\"meta\":false,\"postlink\":\"https:\/\/jankotka.se\/index.php\/pgc_simply_gallery\/krita-pa-glas\/1155-krita_pa_glas_utsikt_grona_stugan_hertigo_av_jan_kotka_besk_korr_skjuv_x2\/\"},{\"id\":504,\"title\":\"1165 Utsikt fr\u00e5n Gr\u00f6na Stugan p\u00e5 Hertig\u00f6, krita p\u00e5 glas\",\"url\":\"https:\/\/jankotka.se\/wp-content\/uploads\/2024\/09\/1165-Krita_pa_glas_Utsikt_grona_stugan_Hertigo_av_Jan_Kotka_besk_korr_skjuv_retouch_x2.png\",\"link\":\"https:\/\/jankotka.se\/index.php\/pgc_simply_gallery\/krita-pa-glas\/1165-krita_pa_glas_utsikt_grona_stugan_hertigo_av_jan_kotka_besk_korr_skjuv_retouch_x2\/\",\"alt\":\"\",\"description\":\"\",\"caption\":\"Uppskalad med AI.\",\"mime\":\"image\/png\",\"type\":\"image\",\"width\":1840,\"height\":2126,\"sizes\":{\"thumbnail\":{\"height\":250,\"width\":250,\"url\":\"https:\/\/jankotka.se\/wp-content\/uploads\/2024\/09\/1165-Krita_pa_glas_Utsikt_grona_stugan_Hertigo_av_Jan_Kotka_besk_korr_skjuv_retouch_x2-250x250.png\",\"orientation\":\"landscape\"},\"medium\":{\"height\":500,\"width\":433,\"url\":\"https:\/\/jankotka.se\/wp-content\/uploads\/2024\/09\/1165-Krita_pa_glas_Utsikt_grona_stugan_Hertigo_av_Jan_Kotka_besk_korr_skjuv_retouch_x2-433x500.png\",\"orientation\":\"portrait\"},\"large\":{\"height\":1024,\"width\":886,\"url\":\"https:\/\/jankotka.se\/wp-content\/uploads\/2024\/09\/1165-Krita_pa_glas_Utsikt_grona_stugan_Hertigo_av_Jan_Kotka_besk_korr_skjuv_retouch_x2-886x1024.png\",\"orientation\":\"portrait\"},\"full\":{\"url\":\"https:\/\/jankotka.se\/wp-content\/uploads\/2024\/09\/1165-Krita_pa_glas_Utsikt_grona_stugan_Hertigo_av_Jan_Kotka_besk_korr_skjuv_retouch_x2.png\",\"height\":2126,\"width\":1840,\"orientation\":\"portrait\"}},\"imageMeta\":{\"aperture\":\"0\",\"credit\":\"\",\"camera\":\"\",\"caption\":\"\",\"created_timestamp\":\"0\",\"copyright\":\"\",\"focal_length\":\"0\",\"iso\":\"0\",\"shutter_speed\":\"0\",\"title\":\"\",\"orientation\":\"0\",\"keywords\":[]},\"meta\":false,\"postlink\":\"https:\/\/jankotka.se\/index.php\/pgc_simply_gallery\/krita-pa-glas\/1165-krita_pa_glas_utsikt_grona_stugan_hertigo_av_jan_kotka_besk_korr_skjuv_retouch_x2\/\"},{\"id\":505,\"title\":\"1190 Utsikt fr\u00e5n sj\u00f6boden p\u00e5 Hertig\u00f6, krita p\u00e5 glas\",\"url\":\"https:\/\/jankotka.se\/wp-content\/uploads\/2024\/09\/1190-Krita_pa_glas_Utsikt_sjoboden_Hertigo_av_Jan_Kotka_besk_korr_skjuv_retouch_x2.png\",\"link\":\"https:\/\/jankotka.se\/index.php\/pgc_simply_gallery\/krita-pa-glas\/1190-krita_pa_glas_utsikt_sjoboden_hertigo_av_jan_kotka_besk_korr_skjuv_retouch_x2\/\",\"alt\":\"\",\"description\":\"\",\"caption\":\"Uppskalad med AI.\",\"mime\":\"image\/png\",\"type\":\"image\",\"width\":1832,\"height\":2216,\"sizes\":{\"thumbnail\":{\"height\":250,\"width\":250,\"url\":\"https:\/\/jankotka.se\/wp-content\/uploads\/2024\/09\/1190-Krita_pa_glas_Utsikt_sjoboden_Hertigo_av_Jan_Kotka_besk_korr_skjuv_retouch_x2-250x250.png\",\"orientation\":\"landscape\"},\"medium\":{\"height\":500,\"width\":413,\"url\":\"https:\/\/jankotka.se\/wp-content\/uploads\/2024\/09\/1190-Krita_pa_glas_Utsikt_sjoboden_Hertigo_av_Jan_Kotka_besk_korr_skjuv_retouch_x2-413x500.png\",\"orientation\":\"portrait\"},\"large\":{\"height\":1024,\"width\":847,\"url\":\"https:\/\/jankotka.se\/wp-content\/uploads\/2024\/09\/1190-Krita_pa_glas_Utsikt_sjoboden_Hertigo_av_Jan_Kotka_besk_korr_skjuv_retouch_x2-847x1024.png\",\"orientation\":\"portrait\"},\"full\":{\"url\":\"https:\/\/jankotka.se\/wp-content\/uploads\/2024\/09\/1190-Krita_pa_glas_Utsikt_sjoboden_Hertigo_av_Jan_Kotka_besk_korr_skjuv_retouch_x2.png\",\"height\":2216,\"width\":1832,\"orientation\":\"portrait\"}},\"imageMeta\":{\"aperture\":\"0\",\"credit\":\"\",\"camera\":\"\",\"caption\":\"\",\"created_timestamp\":\"0\",\"copyright\":\"\",\"focal_length\":\"0\",\"iso\":\"0\",\"shutter_speed\":\"0\",\"title\":\"\",\"orientation\":\"0\",\"keywords\":[]},\"meta\":false,\"postlink\":\"https:\/\/jankotka.se\/index.php\/pgc_simply_gallery\/krita-pa-glas\/1190-krita_pa_glas_utsikt_sjoboden_hertigo_av_jan_kotka_besk_korr_skjuv_retouch_x2\/\"},{\"id\":506,\"title\":\"1304 Gotland   Yvonne och Wille\",\"url\":\"https:\/\/jankotka.se\/wp-content\/uploads\/2024\/09\/1304-Krita_pa_glas_Yvonne_och_Wille_av_Jan_Kotka_besk_x2.png\",\"link\":\"https:\/\/jankotka.se\/index.php\/pgc_simply_gallery\/krita-pa-glas\/1304-krita_pa_glas_yvonne_och_wille_av_jan_kotka_besk_x2\/\",\"alt\":\"\",\"description\":\"\",\"caption\":\"Krita p\u00e5 datask\u00e4rm. Uppskalad med AI.\",\"mime\":\"image\/png\",\"type\":\"image\",\"width\":1920,\"height\":1492,\"sizes\":{\"thumbnail\":{\"height\":250,\"width\":250,\"url\":\"https:\/\/jankotka.se\/wp-content\/uploads\/2024\/09\/1304-Krita_pa_glas_Yvonne_och_Wille_av_Jan_Kotka_besk_x2-250x250.png\",\"orientation\":\"landscape\"},\"medium\":{\"height\":389,\"width\":500,\"url\":\"https:\/\/jankotka.se\/wp-content\/uploads\/2024\/09\/1304-Krita_pa_glas_Yvonne_och_Wille_av_Jan_Kotka_besk_x2-500x389.png\",\"orientation\":\"landscape\"},\"large\":{\"height\":796,\"width\":1024,\"url\":\"https:\/\/jankotka.se\/wp-content\/uploads\/2024\/09\/1304-Krita_pa_glas_Yvonne_och_Wille_av_Jan_Kotka_besk_x2-1024x796.png\",\"orientation\":\"landscape\"},\"full\":{\"url\":\"https:\/\/jankotka.se\/wp-content\/uploads\/2024\/09\/1304-Krita_pa_glas_Yvonne_och_Wille_av_Jan_Kotka_besk_x2.png\",\"height\":1492,\"width\":1920,\"orientation\":\"landscape\"}},\"imageMeta\":{\"aperture\":\"0\",\"credit\":\"\",\"camera\":\"\",\"caption\":\"\",\"created_timestamp\":\"0\",\"copyright\":\"\",\"focal_length\":\"0\",\"iso\":\"0\",\"shutter_speed\":\"0\",\"title\":\"\",\"orientation\":\"0\",\"keywords\":[]},\"meta\":false,\"postlink\":\"https:\/\/jankotka.se\/index.php\/pgc_simply_gallery\/krita-pa-glas\/1304-krita_pa_glas_yvonne_och_wille_av_jan_kotka_besk_x2\/\"}],\"useClobalSettings\":true,\"sliderRatio\":0.55,\"sliderItemTitleFontSize\":16,\"sliderItemDescriptionEnable\":true,\"sliderBgColor\":\"rgba(255,247,164,1)\",\"sliderHeaderFooterBgColor\":\"rgba(36,78,138,1)\",\"sliderNavigationColor\":\"rgba(36,78,138,1)\",\"sliderNavigationIconColorOver\":\"rgba(56,98,159,1)\",\"collectionColumns\":5,\"collectionThumbRecomendedWidth\":200,\"itemsMetaDataCollection\":[]}<\/script><script>(function(){if(window.PGC_SGB && window.PGC_SGB.searcher){window.PGC_SGB.searcher.initBlocks()}})()<\/script><\/div><\/div>\n","protected":false},"excerpt":{"rendered":"","protected":false},"author":1,"featured_media":0,"parent":0,"menu_order":0,"comment_status":"closed","ping_status":"closed","template":"","meta":{"pgc_sgb_lightbox_settings":"","footnotes":""},"class_list":["post-507","page","type-page","status-publish","hentry"],"_links":{"self":[{"href":"https:\/\/jankotka.se\/index.php\/wp-json\/wp\/v2\/pages\/507","targetHints":{"allow":["GET"]}}],"collection":[{"href":"https:\/\/jankotka.se\/index.php\/wp-json\/wp\/v2\/pages"}],"about":[{"href":"https:\/\/jankotka.se\/index.php\/wp-json\/wp\/v2\/types\/page"}],"author":[{"embeddable":true,"href":"https:\/\/jankotka.se\/index.php\/wp-json\/wp\/v2\/users\/1"}],"replies":[{"embeddable":true,"href":"https:\/\/jankotka.se\/index.php\/wp-json\/wp\/v2\/comments?post=507"}],"version-history":[{"count":1,"href":"https:\/\/jankotka.se\/index.php\/wp-json\/wp\/v2\/pages\/507\/revisions"}],"predecessor-version":[{"id":508,"href":"https:\/\/jankotka.se\/index.php\/wp-json\/wp\/v2\/pages\/507\/revisions\/508"}],"wp:attachment":[{"href":"https:\/\/jankotka.se\/index.php\/wp-json\/wp\/v2\/media?parent=507"}],"curies":[{"name":"wp","href":"https:\/\/api.w.org\/{rel}","templated":true}]}}