{"id":533,"date":"2024-09-07T19:11:18","date_gmt":"2024-09-07T17:11:18","guid":{"rendered":"https:\/\/jankotka.se\/?page_id=533"},"modified":"2024-09-07T19:11:18","modified_gmt":"2024-09-07T17:11:18","slug":"galleri-linoleumtryck","status":"publish","type":"page","link":"https:\/\/jankotka.se\/index.php\/galleri-linoleumtryck\/","title":{"rendered":"Galleri Linoleumtryck"},"content":{"rendered":"\n<div class=\"wp-block-group alignfull has-global-padding is-layout-constrained wp-block-group-is-layout-constrained\"><div class=\"pgc-sgb-cb wp-block-pgcsimplygalleryblock-viewer alignfull\" data-gallery-id=\"89f01742\"><div class=\"sgb-preloader\" id=\"pr_89f01742\">\n\t<div class=\"sgb-square\" style=\"background:#d4d4d4\"><\/div>\n\t<div class=\"sgb-square\" style=\"background:#d4d4d4\"><\/div>\n\t<div class=\"sgb-square\" style=\"background:#d4d4d4\"><\/div>\n\t<div class=\"sgb-square\" style=\"background:#d4d4d4\"><\/div><\/div><div class=\"simply-gallery-amp pgc_sgb_slider alignfull\"><noscript><div class=\"sgb-gallery\"><div class=\"sgb-item\"><a href=\"https:\/\/jankotka.se\/wp-content\/uploads\/2024\/09\/1046-Linoleumtryck_av_Norrmalmstorg_av_Jan_Kotka_korr_x4.png\"><img decoding=\"async\" alt=\"\" width=\"375\" height=\"500\" loading=\"lazy\" src=\"https:\/\/jankotka.se\/wp-content\/uploads\/2024\/09\/1046-Linoleumtryck_av_Norrmalmstorg_av_Jan_Kotka_korr_x4-375x500.png\" srcset=\"https:\/\/jankotka.se\/wp-content\/uploads\/2024\/09\/1046-Linoleumtryck_av_Norrmalmstorg_av_Jan_Kotka_korr_x4-375x500.png 375w,https:\/\/jankotka.se\/wp-content\/uploads\/2024\/09\/1046-Linoleumtryck_av_Norrmalmstorg_av_Jan_Kotka_korr_x4-768x1024.png 768w,https:\/\/jankotka.se\/wp-content\/uploads\/2024\/09\/1046-Linoleumtryck_av_Norrmalmstorg_av_Jan_Kotka_korr_x4.png 1320w\" sizes=\"auto, 250px\"\/><\/a><div class=\"sgb-item-caption\"><em>Uppskalad med AI.<\/em><\/div><\/div><div class=\"sgb-item\"><a href=\"https:\/\/jankotka.se\/wp-content\/uploads\/2024\/09\/1207-Linoleumtryck_Manniskor_i_Santiago_de_Chile_av_Jan_Kotka_besk_korr_skjuv_x4.jpg\"><img decoding=\"async\" alt=\"\" width=\"500\" height=\"345\" loading=\"lazy\" src=\"https:\/\/jankotka.se\/wp-content\/uploads\/2024\/09\/1207-Linoleumtryck_Manniskor_i_Santiago_de_Chile_av_Jan_Kotka_besk_korr_skjuv_x4-500x345.jpg\" srcset=\"https:\/\/jankotka.se\/wp-content\/uploads\/2024\/09\/1207-Linoleumtryck_Manniskor_i_Santiago_de_Chile_av_Jan_Kotka_besk_korr_skjuv_x4-500x345.jpg 500w,https:\/\/jankotka.se\/wp-content\/uploads\/2024\/09\/1207-Linoleumtryck_Manniskor_i_Santiago_de_Chile_av_Jan_Kotka_besk_korr_skjuv_x4-1024x706.jpg 1024w,https:\/\/jankotka.se\/wp-content\/uploads\/2024\/09\/1207-Linoleumtryck_Manniskor_i_Santiago_de_Chile_av_Jan_Kotka_besk_korr_skjuv_x4.jpg 1636w\" sizes=\"auto, 250px\"\/><\/a><div class=\"sgb-item-caption\"><em>Uppskalad med AI.<\/em><\/div><\/div><div class=\"sgb-item\"><a href=\"https:\/\/jankotka.se\/wp-content\/uploads\/2024\/09\/1257-Linoleumtryck_av_Stureplan_av_Jan_Kotka_korr_x4.jpg\"><img decoding=\"async\" alt=\"\" width=\"374\" height=\"500\" loading=\"lazy\" src=\"https:\/\/jankotka.se\/wp-content\/uploads\/2024\/09\/1257-Linoleumtryck_av_Stureplan_av_Jan_Kotka_korr_x4-374x500.jpg\" srcset=\"https:\/\/jankotka.se\/wp-content\/uploads\/2024\/09\/1257-Linoleumtryck_av_Stureplan_av_Jan_Kotka_korr_x4-374x500.jpg 374w,https:\/\/jankotka.se\/wp-content\/uploads\/2024\/09\/1257-Linoleumtryck_av_Stureplan_av_Jan_Kotka_korr_x4.jpg 748w\" sizes=\"auto, 250px\"\/><\/a><div class=\"sgb-item-caption\"><em>Uppskalad med AI.<\/em><\/div><\/div><div class=\"sgb-item\"><a href=\"https:\/\/jankotka.se\/wp-content\/uploads\/2024\/09\/1265-Linoleumtryck_av_Nybroplan_av_Jan_Kotka_besk_korr_x4.jpg\"><img decoding=\"async\" alt=\"\" width=\"383\" height=\"500\" loading=\"lazy\" src=\"https:\/\/jankotka.se\/wp-content\/uploads\/2024\/09\/1265-Linoleumtryck_av_Nybroplan_av_Jan_Kotka_besk_korr_x4-383x500.jpg\" srcset=\"https:\/\/jankotka.se\/wp-content\/uploads\/2024\/09\/1265-Linoleumtryck_av_Nybroplan_av_Jan_Kotka_besk_korr_x4-383x500.jpg 383w,https:\/\/jankotka.se\/wp-content\/uploads\/2024\/09\/1265-Linoleumtryck_av_Nybroplan_av_Jan_Kotka_besk_korr_x4-784x1024.jpg 784w,https:\/\/jankotka.se\/wp-content\/uploads\/2024\/09\/1265-Linoleumtryck_av_Nybroplan_av_Jan_Kotka_besk_korr_x4.jpg 1284w\" sizes=\"auto, 250px\"\/><\/a><div class=\"sgb-item-caption\"><em>Jag satt inne p\u00e5 caf\u00e9et vid Nybroplan och tecknade i mitten p\u00e5 1970-talet. Gjorde sedan linoleumsnittet som jag blev j\u00e4tten\u00f6jd med.\n\nUppskalad med AI.<\/em><\/div><\/div><\/div><\/noscript><\/div><script type=\"application\/json\" class=\"sgb-data\">{\"galleryType\":\"pgc_sgb_viewer\",\"align\":\"full\",\"galleryId\":\"89f01742\",\"images\":[{\"id\":529,\"title\":\"1046 Norrmalmstorg, Stockholm\",\"url\":\"https:\/\/jankotka.se\/wp-content\/uploads\/2024\/09\/1046-Linoleumtryck_av_Norrmalmstorg_av_Jan_Kotka_korr_x4.png\",\"link\":\"https:\/\/jankotka.se\/index.php\/pgc_simply_gallery\/linoleumtryck\/1046-linoleumtryck_av_norrmalmstorg_av_jan_kotka_korr_x4\/\",\"alt\":\"\",\"description\":\"\",\"caption\":\"Uppskalad med AI.\",\"mime\":\"image\/png\",\"type\":\"image\",\"width\":1320,\"height\":1760,\"sizes\":{\"thumbnail\":{\"height\":250,\"width\":250,\"url\":\"https:\/\/jankotka.se\/wp-content\/uploads\/2024\/09\/1046-Linoleumtryck_av_Norrmalmstorg_av_Jan_Kotka_korr_x4-250x250.png\",\"orientation\":\"landscape\"},\"medium\":{\"height\":500,\"width\":375,\"url\":\"https:\/\/jankotka.se\/wp-content\/uploads\/2024\/09\/1046-Linoleumtryck_av_Norrmalmstorg_av_Jan_Kotka_korr_x4-375x500.png\",\"orientation\":\"portrait\"},\"large\":{\"height\":1024,\"width\":768,\"url\":\"https:\/\/jankotka.se\/wp-content\/uploads\/2024\/09\/1046-Linoleumtryck_av_Norrmalmstorg_av_Jan_Kotka_korr_x4-768x1024.png\",\"orientation\":\"portrait\"},\"full\":{\"url\":\"https:\/\/jankotka.se\/wp-content\/uploads\/2024\/09\/1046-Linoleumtryck_av_Norrmalmstorg_av_Jan_Kotka_korr_x4.png\",\"height\":1760,\"width\":1320,\"orientation\":\"portrait\"}},\"imageMeta\":{\"aperture\":\"0\",\"credit\":\"\",\"camera\":\"\",\"caption\":\"\",\"created_timestamp\":\"0\",\"copyright\":\"\",\"focal_length\":\"0\",\"iso\":\"0\",\"shutter_speed\":\"0\",\"title\":\"\",\"orientation\":\"0\",\"keywords\":[]},\"meta\":false},{\"id\":530,\"title\":\"1207  Santiago de Chile\",\"url\":\"https:\/\/jankotka.se\/wp-content\/uploads\/2024\/09\/1207-Linoleumtryck_Manniskor_i_Santiago_de_Chile_av_Jan_Kotka_besk_korr_skjuv_x4.jpg\",\"link\":\"https:\/\/jankotka.se\/index.php\/pgc_simply_gallery\/linoleumtryck\/1207-linoleumtryck_manniskor_i_santiago_de_chile_av_jan_kotka_besk_korr_skjuv_x4\/\",\"alt\":\"\",\"description\":\"\",\"caption\":\"Uppskalad med AI.\",\"mime\":\"image\/jpeg\",\"type\":\"image\",\"width\":1636,\"height\":1128,\"sizes\":{\"thumbnail\":{\"height\":250,\"width\":250,\"url\":\"https:\/\/jankotka.se\/wp-content\/uploads\/2024\/09\/1207-Linoleumtryck_Manniskor_i_Santiago_de_Chile_av_Jan_Kotka_besk_korr_skjuv_x4-250x250.jpg\",\"orientation\":\"landscape\"},\"medium\":{\"height\":345,\"width\":500,\"url\":\"https:\/\/jankotka.se\/wp-content\/uploads\/2024\/09\/1207-Linoleumtryck_Manniskor_i_Santiago_de_Chile_av_Jan_Kotka_besk_korr_skjuv_x4-500x345.jpg\",\"orientation\":\"landscape\"},\"large\":{\"height\":706,\"width\":1024,\"url\":\"https:\/\/jankotka.se\/wp-content\/uploads\/2024\/09\/1207-Linoleumtryck_Manniskor_i_Santiago_de_Chile_av_Jan_Kotka_besk_korr_skjuv_x4-1024x706.jpg\",\"orientation\":\"landscape\"},\"full\":{\"url\":\"https:\/\/jankotka.se\/wp-content\/uploads\/2024\/09\/1207-Linoleumtryck_Manniskor_i_Santiago_de_Chile_av_Jan_Kotka_besk_korr_skjuv_x4.jpg\",\"height\":1128,\"width\":1636,\"orientation\":\"landscape\"}},\"imageMeta\":{\"aperture\":\"0\",\"credit\":\"\",\"camera\":\"\",\"caption\":\"\",\"created_timestamp\":\"0\",\"copyright\":\"\",\"focal_length\":\"0\",\"iso\":\"0\",\"shutter_speed\":\"0\",\"title\":\"\",\"orientation\":\"0\",\"keywords\":[]},\"meta\":false},{\"id\":531,\"title\":\"1257 Stureplan, 1980-talet\",\"url\":\"https:\/\/jankotka.se\/wp-content\/uploads\/2024\/09\/1257-Linoleumtryck_av_Stureplan_av_Jan_Kotka_korr_x4.jpg\",\"link\":\"https:\/\/jankotka.se\/index.php\/pgc_simply_gallery\/linoleumtryck\/1257-linoleumtryck_av_stureplan_av_jan_kotka_korr_x4\/\",\"alt\":\"\",\"description\":\"\",\"caption\":\"Uppskalad med AI.\",\"mime\":\"image\/jpeg\",\"type\":\"image\",\"width\":748,\"height\":1000,\"sizes\":{\"thumbnail\":{\"height\":250,\"width\":250,\"url\":\"https:\/\/jankotka.se\/wp-content\/uploads\/2024\/09\/1257-Linoleumtryck_av_Stureplan_av_Jan_Kotka_korr_x4-250x250.jpg\",\"orientation\":\"landscape\"},\"medium\":{\"height\":500,\"width\":374,\"url\":\"https:\/\/jankotka.se\/wp-content\/uploads\/2024\/09\/1257-Linoleumtryck_av_Stureplan_av_Jan_Kotka_korr_x4-374x500.jpg\",\"orientation\":\"portrait\"},\"full\":{\"url\":\"https:\/\/jankotka.se\/wp-content\/uploads\/2024\/09\/1257-Linoleumtryck_av_Stureplan_av_Jan_Kotka_korr_x4.jpg\",\"height\":1000,\"width\":748,\"orientation\":\"portrait\"}},\"imageMeta\":{\"aperture\":\"0\",\"credit\":\"\",\"camera\":\"\",\"caption\":\"\",\"created_timestamp\":\"0\",\"copyright\":\"\",\"focal_length\":\"0\",\"iso\":\"0\",\"shutter_speed\":\"0\",\"title\":\"\",\"orientation\":\"0\",\"keywords\":[]},\"meta\":false},{\"id\":532,\"title\":\"1265 Nybroplan, 1970-talet\",\"url\":\"https:\/\/jankotka.se\/wp-content\/uploads\/2024\/09\/1265-Linoleumtryck_av_Nybroplan_av_Jan_Kotka_besk_korr_x4.jpg\",\"link\":\"https:\/\/jankotka.se\/index.php\/pgc_simply_gallery\/linoleumtryck\/1265-linoleumtryck_av_nybroplan_av_jan_kotka_besk_korr_x4\/\",\"alt\":\"\",\"description\":\"\",\"caption\":\"Jag satt inne p\u00e5 caf\u00e9et vid Nybroplan och tecknade i mitten p\u00e5 1970-talet. Gjorde sedan linoleumsnittet som jag blev j\u00e4tten\u00f6jd med.\\n\\nUppskalad med AI.\",\"mime\":\"image\/jpeg\",\"type\":\"image\",\"width\":1284,\"height\":1676,\"sizes\":{\"thumbnail\":{\"height\":250,\"width\":250,\"url\":\"https:\/\/jankotka.se\/wp-content\/uploads\/2024\/09\/1265-Linoleumtryck_av_Nybroplan_av_Jan_Kotka_besk_korr_x4-250x250.jpg\",\"orientation\":\"landscape\"},\"medium\":{\"height\":500,\"width\":383,\"url\":\"https:\/\/jankotka.se\/wp-content\/uploads\/2024\/09\/1265-Linoleumtryck_av_Nybroplan_av_Jan_Kotka_besk_korr_x4-383x500.jpg\",\"orientation\":\"portrait\"},\"large\":{\"height\":1024,\"width\":784,\"url\":\"https:\/\/jankotka.se\/wp-content\/uploads\/2024\/09\/1265-Linoleumtryck_av_Nybroplan_av_Jan_Kotka_besk_korr_x4-784x1024.jpg\",\"orientation\":\"portrait\"},\"full\":{\"url\":\"https:\/\/jankotka.se\/wp-content\/uploads\/2024\/09\/1265-Linoleumtryck_av_Nybroplan_av_Jan_Kotka_besk_korr_x4.jpg\",\"height\":1676,\"width\":1284,\"orientation\":\"portrait\"}},\"imageMeta\":{\"aperture\":\"0\",\"credit\":\"\",\"camera\":\"\",\"caption\":\"\",\"created_timestamp\":\"0\",\"copyright\":\"\",\"focal_length\":\"0\",\"iso\":\"0\",\"shutter_speed\":\"0\",\"title\":\"\",\"orientation\":\"0\",\"keywords\":[]},\"meta\":false}],\"useClobalSettings\":true,\"sliderRatio\":0.55,\"sliderItemTitleFontSize\":16,\"sliderItemDescriptionEnable\":true,\"sliderBgColor\":\"rgba(255,247,164,1)\",\"sliderHeaderFooterBgColor\":\"rgba(36,78,138,1)\",\"sliderNavigationColor\":\"rgba(36,78,138,1)\",\"sliderNavigationIconColorOver\":\"rgba(56,98,159,1)\",\"collectionColumns\":5,\"collectionThumbRecomendedWidth\":200,\"itemsMetaDataCollection\":[]}<\/script><script>(function(){if(window.PGC_SGB && window.PGC_SGB.searcher){window.PGC_SGB.searcher.initBlocks()}})()<\/script><\/div><\/div>\n","protected":false},"excerpt":{"rendered":"","protected":false},"author":1,"featured_media":0,"parent":0,"menu_order":0,"comment_status":"closed","ping_status":"closed","template":"","meta":{"pgc_sgb_lightbox_settings":"","footnotes":""},"class_list":["post-533","page","type-page","status-publish","hentry"],"_links":{"self":[{"href":"https:\/\/jankotka.se\/index.php\/wp-json\/wp\/v2\/pages\/533","targetHints":{"allow":["GET"]}}],"collection":[{"href":"https:\/\/jankotka.se\/index.php\/wp-json\/wp\/v2\/pages"}],"about":[{"href":"https:\/\/jankotka.se\/index.php\/wp-json\/wp\/v2\/types\/page"}],"author":[{"embeddable":true,"href":"https:\/\/jankotka.se\/index.php\/wp-json\/wp\/v2\/users\/1"}],"replies":[{"embeddable":true,"href":"https:\/\/jankotka.se\/index.php\/wp-json\/wp\/v2\/comments?post=533"}],"version-history":[{"count":1,"href":"https:\/\/jankotka.se\/index.php\/wp-json\/wp\/v2\/pages\/533\/revisions"}],"predecessor-version":[{"id":534,"href":"https:\/\/jankotka.se\/index.php\/wp-json\/wp\/v2\/pages\/533\/revisions\/534"}],"wp:attachment":[{"href":"https:\/\/jankotka.se\/index.php\/wp-json\/wp\/v2\/media?parent=533"}],"curies":[{"name":"wp","href":"https:\/\/api.w.org\/{rel}","templated":true}]}}