{"id":540,"date":"2024-09-07T19:23:56","date_gmt":"2024-09-07T17:23:56","guid":{"rendered":"https:\/\/jankotka.se\/?page_id=540"},"modified":"2024-09-07T19:23:56","modified_gmt":"2024-09-07T17:23:56","slug":"galleri-langholmen","status":"publish","type":"page","link":"https:\/\/jankotka.se\/index.php\/galleri-langholmen\/","title":{"rendered":"Galleri L\u00e5ngholmen"},"content":{"rendered":"\n<div class=\"wp-block-group alignfull has-global-padding is-layout-constrained wp-block-group-is-layout-constrained\"><div class=\"pgc-sgb-cb wp-block-pgcsimplygalleryblock-viewer alignfull\" data-gallery-id=\"ac878631\"><div class=\"sgb-preloader\" id=\"pr_ac878631\">\n\t<div class=\"sgb-square\" style=\"background:#d4d4d4\"><\/div>\n\t<div class=\"sgb-square\" style=\"background:#d4d4d4\"><\/div>\n\t<div class=\"sgb-square\" style=\"background:#d4d4d4\"><\/div>\n\t<div class=\"sgb-square\" style=\"background:#d4d4d4\"><\/div><\/div><div class=\"simply-gallery-amp pgc_sgb_slider alignfull\"><noscript><div class=\"sgb-gallery\"><div class=\"sgb-item\"><a href=\"https:\/\/jankotka.se\/wp-content\/uploads\/2024\/09\/1309_Utsikt_Langholmen_mot_Sodermalarstrand_korr.jpg\"><img decoding=\"async\" alt=\"\" width=\"500\" height=\"491\" loading=\"lazy\" src=\"https:\/\/jankotka.se\/wp-content\/uploads\/2024\/09\/1309_Utsikt_Langholmen_mot_Sodermalarstrand_korr-500x491.jpg\" srcset=\"https:\/\/jankotka.se\/wp-content\/uploads\/2024\/09\/1309_Utsikt_Langholmen_mot_Sodermalarstrand_korr-500x491.jpg 500w,https:\/\/jankotka.se\/wp-content\/uploads\/2024\/09\/1309_Utsikt_Langholmen_mot_Sodermalarstrand_korr.jpg 960w\" sizes=\"auto, 250px\"\/><\/a><\/div><div class=\"sgb-item\"><a href=\"https:\/\/jankotka.se\/wp-content\/uploads\/2024\/09\/1019-Langholmen_Stockholm_av_Jan_Kotka_besk_korr_retoruch.jpg\"><img decoding=\"async\" alt=\"\" width=\"500\" height=\"385\" loading=\"lazy\" src=\"https:\/\/jankotka.se\/wp-content\/uploads\/2024\/09\/1019-Langholmen_Stockholm_av_Jan_Kotka_besk_korr_retoruch-500x385.jpg\" srcset=\"https:\/\/jankotka.se\/wp-content\/uploads\/2024\/09\/1019-Langholmen_Stockholm_av_Jan_Kotka_besk_korr_retoruch-500x385.jpg 500w,https:\/\/jankotka.se\/wp-content\/uploads\/2024\/09\/1019-Langholmen_Stockholm_av_Jan_Kotka_besk_korr_retoruch-1024x788.jpg 1024w,https:\/\/jankotka.se\/wp-content\/uploads\/2024\/09\/1019-Langholmen_Stockholm_av_Jan_Kotka_besk_korr_retoruch.jpg 1213w\" sizes=\"auto, 250px\"\/><\/a><\/div><div class=\"sgb-item\"><a href=\"https:\/\/jankotka.se\/wp-content\/uploads\/2024\/09\/1092-Langholmen_Tullhuset_av_Jan_Kotka_korr.jpg\"><img decoding=\"async\" alt=\"\" width=\"500\" height=\"375\" loading=\"lazy\" src=\"https:\/\/jankotka.se\/wp-content\/uploads\/2024\/09\/1092-Langholmen_Tullhuset_av_Jan_Kotka_korr-500x375.jpg\" srcset=\"https:\/\/jankotka.se\/wp-content\/uploads\/2024\/09\/1092-Langholmen_Tullhuset_av_Jan_Kotka_korr-500x375.jpg 500w,https:\/\/jankotka.se\/wp-content\/uploads\/2024\/09\/1092-Langholmen_Tullhuset_av_Jan_Kotka_korr-1024x768.jpg 1024w,https:\/\/jankotka.se\/wp-content\/uploads\/2024\/09\/1092-Langholmen_Tullhuset_av_Jan_Kotka_korr.jpg 1280w\" sizes=\"auto, 250px\"\/><\/a><\/div><div class=\"sgb-item\"><a href=\"https:\/\/jankotka.se\/wp-content\/uploads\/2024\/09\/1095-Angbat_vid_kajen_Langholmen_av_Jan_Kotka_besk_korr.jpg\"><img decoding=\"async\" alt=\"\" width=\"500\" height=\"381\" loading=\"lazy\" src=\"https:\/\/jankotka.se\/wp-content\/uploads\/2024\/09\/1095-Angbat_vid_kajen_Langholmen_av_Jan_Kotka_besk_korr-500x381.jpg\" srcset=\"https:\/\/jankotka.se\/wp-content\/uploads\/2024\/09\/1095-Angbat_vid_kajen_Langholmen_av_Jan_Kotka_besk_korr-500x381.jpg 500w,https:\/\/jankotka.se\/wp-content\/uploads\/2024\/09\/1095-Angbat_vid_kajen_Langholmen_av_Jan_Kotka_besk_korr-1024x780.jpg 1024w,https:\/\/jankotka.se\/wp-content\/uploads\/2024\/09\/1095-Angbat_vid_kajen_Langholmen_av_Jan_Kotka_besk_korr.jpg 1260w\" sizes=\"auto, 250px\"\/><\/a><\/div><\/div><\/noscript><\/div><script type=\"application\/json\" class=\"sgb-data\">{\"galleryType\":\"pgc_sgb_viewer\",\"align\":\"full\",\"galleryId\":\"ac878631\",\"images\":[{\"id\":630,\"title\":\"1309 Utsikt L\u00e5ngholmen mot S\u00f6derm\u00e4larstrand, 1990-talet\",\"url\":\"https:\/\/jankotka.se\/wp-content\/uploads\/2024\/09\/1309_Utsikt_Langholmen_mot_Sodermalarstrand_korr.jpg\",\"link\":\"https:\/\/jankotka.se\/index.php\/pgc_simply_gallery\/langholmen\/1309_utsikt_langholmen_mot_sodermalarstrand_korr\/\",\"alt\":\"\",\"description\":\"\",\"caption\":\"\",\"mime\":\"image\/jpeg\",\"type\":\"image\",\"width\":960,\"height\":942,\"sizes\":{\"thumbnail\":{\"height\":250,\"width\":250,\"url\":\"https:\/\/jankotka.se\/wp-content\/uploads\/2024\/09\/1309_Utsikt_Langholmen_mot_Sodermalarstrand_korr-250x250.jpg\",\"orientation\":\"landscape\"},\"medium\":{\"height\":491,\"width\":500,\"url\":\"https:\/\/jankotka.se\/wp-content\/uploads\/2024\/09\/1309_Utsikt_Langholmen_mot_Sodermalarstrand_korr-500x491.jpg\",\"orientation\":\"landscape\"},\"full\":{\"url\":\"https:\/\/jankotka.se\/wp-content\/uploads\/2024\/09\/1309_Utsikt_Langholmen_mot_Sodermalarstrand_korr.jpg\",\"height\":942,\"width\":960,\"orientation\":\"landscape\"}},\"imageMeta\":{\"aperture\":\"0\",\"credit\":\"\",\"camera\":\"\",\"caption\":\"\",\"created_timestamp\":\"0\",\"copyright\":\"\",\"focal_length\":\"0\",\"iso\":\"0\",\"shutter_speed\":\"0\",\"title\":\"\",\"orientation\":\"1\",\"keywords\":[]},\"meta\":false},{\"id\":537,\"title\":\"1019 L\u00e5ngholmen, hus och byggnader\",\"url\":\"https:\/\/jankotka.se\/wp-content\/uploads\/2024\/09\/1019-Langholmen_Stockholm_av_Jan_Kotka_besk_korr_retoruch.jpg\",\"link\":\"https:\/\/jankotka.se\/index.php\/pgc_simply_gallery\/langholmen\/1019-langholmen_stockholm_av_jan_kotka_besk_korr_retoruch\/\",\"alt\":\"\",\"description\":\"\",\"caption\":\"\",\"mime\":\"image\/jpeg\",\"type\":\"image\",\"width\":1213,\"height\":933,\"sizes\":{\"thumbnail\":{\"height\":250,\"width\":250,\"url\":\"https:\/\/jankotka.se\/wp-content\/uploads\/2024\/09\/1019-Langholmen_Stockholm_av_Jan_Kotka_besk_korr_retoruch-250x250.jpg\",\"orientation\":\"landscape\"},\"medium\":{\"height\":385,\"width\":500,\"url\":\"https:\/\/jankotka.se\/wp-content\/uploads\/2024\/09\/1019-Langholmen_Stockholm_av_Jan_Kotka_besk_korr_retoruch-500x385.jpg\",\"orientation\":\"landscape\"},\"large\":{\"height\":788,\"width\":1024,\"url\":\"https:\/\/jankotka.se\/wp-content\/uploads\/2024\/09\/1019-Langholmen_Stockholm_av_Jan_Kotka_besk_korr_retoruch-1024x788.jpg\",\"orientation\":\"landscape\"},\"full\":{\"url\":\"https:\/\/jankotka.se\/wp-content\/uploads\/2024\/09\/1019-Langholmen_Stockholm_av_Jan_Kotka_besk_korr_retoruch.jpg\",\"height\":933,\"width\":1213,\"orientation\":\"landscape\"}},\"imageMeta\":{\"aperture\":\"0\",\"credit\":\"\",\"camera\":\"\",\"caption\":\"\",\"created_timestamp\":\"0\",\"copyright\":\"\",\"focal_length\":\"0\",\"iso\":\"0\",\"shutter_speed\":\"0\",\"title\":\"\",\"orientation\":\"1\",\"keywords\":[]},\"meta\":false},{\"id\":538,\"title\":\"1092 Tullhuset p\u00e5 L\u00e5ngholmen\",\"url\":\"https:\/\/jankotka.se\/wp-content\/uploads\/2024\/09\/1092-Langholmen_Tullhuset_av_Jan_Kotka_korr.jpg\",\"link\":\"https:\/\/jankotka.se\/index.php\/pgc_simply_gallery\/langholmen\/1092-langholmen_tullhuset_av_jan_kotka_korr\/\",\"alt\":\"\",\"description\":\"\",\"caption\":\"\",\"mime\":\"image\/jpeg\",\"type\":\"image\",\"width\":1280,\"height\":960,\"sizes\":{\"thumbnail\":{\"height\":250,\"width\":250,\"url\":\"https:\/\/jankotka.se\/wp-content\/uploads\/2024\/09\/1092-Langholmen_Tullhuset_av_Jan_Kotka_korr-250x250.jpg\",\"orientation\":\"landscape\"},\"medium\":{\"height\":375,\"width\":500,\"url\":\"https:\/\/jankotka.se\/wp-content\/uploads\/2024\/09\/1092-Langholmen_Tullhuset_av_Jan_Kotka_korr-500x375.jpg\",\"orientation\":\"landscape\"},\"large\":{\"height\":768,\"width\":1024,\"url\":\"https:\/\/jankotka.se\/wp-content\/uploads\/2024\/09\/1092-Langholmen_Tullhuset_av_Jan_Kotka_korr-1024x768.jpg\",\"orientation\":\"landscape\"},\"full\":{\"url\":\"https:\/\/jankotka.se\/wp-content\/uploads\/2024\/09\/1092-Langholmen_Tullhuset_av_Jan_Kotka_korr.jpg\",\"height\":960,\"width\":1280,\"orientation\":\"landscape\"}},\"imageMeta\":{\"aperture\":\"0\",\"credit\":\"\",\"camera\":\"\",\"caption\":\"\",\"created_timestamp\":\"0\",\"copyright\":\"\",\"focal_length\":\"0\",\"iso\":\"0\",\"shutter_speed\":\"0\",\"title\":\"\",\"orientation\":\"1\",\"keywords\":[]},\"meta\":false},{\"id\":539,\"title\":\"1095 \u00c5ngb\u00e5t vid kaj p\u00e5 L\u00e5ngholmen\",\"url\":\"https:\/\/jankotka.se\/wp-content\/uploads\/2024\/09\/1095-Angbat_vid_kajen_Langholmen_av_Jan_Kotka_besk_korr.jpg\",\"link\":\"https:\/\/jankotka.se\/index.php\/pgc_simply_gallery\/langholmen\/1095-angbat_vid_kajen_langholmen_av_jan_kotka_besk_korr\/\",\"alt\":\"\",\"description\":\"\",\"caption\":\"\",\"mime\":\"image\/jpeg\",\"type\":\"image\",\"width\":1260,\"height\":960,\"sizes\":{\"thumbnail\":{\"height\":250,\"width\":250,\"url\":\"https:\/\/jankotka.se\/wp-content\/uploads\/2024\/09\/1095-Angbat_vid_kajen_Langholmen_av_Jan_Kotka_besk_korr-250x250.jpg\",\"orientation\":\"landscape\"},\"medium\":{\"height\":381,\"width\":500,\"url\":\"https:\/\/jankotka.se\/wp-content\/uploads\/2024\/09\/1095-Angbat_vid_kajen_Langholmen_av_Jan_Kotka_besk_korr-500x381.jpg\",\"orientation\":\"landscape\"},\"large\":{\"height\":780,\"width\":1024,\"url\":\"https:\/\/jankotka.se\/wp-content\/uploads\/2024\/09\/1095-Angbat_vid_kajen_Langholmen_av_Jan_Kotka_besk_korr-1024x780.jpg\",\"orientation\":\"landscape\"},\"full\":{\"url\":\"https:\/\/jankotka.se\/wp-content\/uploads\/2024\/09\/1095-Angbat_vid_kajen_Langholmen_av_Jan_Kotka_besk_korr.jpg\",\"height\":960,\"width\":1260,\"orientation\":\"landscape\"}},\"imageMeta\":{\"aperture\":\"0\",\"credit\":\"\",\"camera\":\"\",\"caption\":\"\",\"created_timestamp\":\"0\",\"copyright\":\"\",\"focal_length\":\"0\",\"iso\":\"0\",\"shutter_speed\":\"0\",\"title\":\"\",\"orientation\":\"1\",\"keywords\":[]},\"meta\":false}],\"useClobalSettings\":true,\"sliderRatio\":0.55,\"sliderItemTitleFontSize\":16,\"sliderItemDescriptionEnable\":true,\"sliderBgColor\":\"rgba(255,247,164,1)\",\"sliderHeaderFooterBgColor\":\"rgba(36,78,138,1)\",\"sliderNavigationColor\":\"rgba(36,78,138,1)\",\"sliderNavigationIconColorOver\":\"rgba(56,98,159,1)\",\"collectionColumns\":5,\"collectionThumbRecomendedWidth\":200,\"itemsMetaDataCollection\":[]}<\/script><script>(function(){if(window.PGC_SGB && window.PGC_SGB.searcher){window.PGC_SGB.searcher.initBlocks()}})()<\/script><\/div><\/div>\n","protected":false},"excerpt":{"rendered":"","protected":false},"author":1,"featured_media":0,"parent":0,"menu_order":0,"comment_status":"closed","ping_status":"closed","template":"","meta":{"pgc_sgb_lightbox_settings":"","footnotes":""},"class_list":["post-540","page","type-page","status-publish","hentry"],"_links":{"self":[{"href":"https:\/\/jankotka.se\/index.php\/wp-json\/wp\/v2\/pages\/540","targetHints":{"allow":["GET"]}}],"collection":[{"href":"https:\/\/jankotka.se\/index.php\/wp-json\/wp\/v2\/pages"}],"about":[{"href":"https:\/\/jankotka.se\/index.php\/wp-json\/wp\/v2\/types\/page"}],"author":[{"embeddable":true,"href":"https:\/\/jankotka.se\/index.php\/wp-json\/wp\/v2\/users\/1"}],"replies":[{"embeddable":true,"href":"https:\/\/jankotka.se\/index.php\/wp-json\/wp\/v2\/comments?post=540"}],"version-history":[{"count":1,"href":"https:\/\/jankotka.se\/index.php\/wp-json\/wp\/v2\/pages\/540\/revisions"}],"predecessor-version":[{"id":541,"href":"https:\/\/jankotka.se\/index.php\/wp-json\/wp\/v2\/pages\/540\/revisions\/541"}],"wp:attachment":[{"href":"https:\/\/jankotka.se\/index.php\/wp-json\/wp\/v2\/media?parent=540"}],"curies":[{"name":"wp","href":"https:\/\/api.w.org\/{rel}","templated":true}]}}