{"id":597,"date":"2024-09-07T21:11:44","date_gmt":"2024-09-07T19:11:44","guid":{"rendered":"https:\/\/jankotka.se\/?page_id=597"},"modified":"2024-09-07T21:11:44","modified_gmt":"2024-09-07T19:11:44","slug":"galleri-sydafrika-foton","status":"publish","type":"page","link":"https:\/\/jankotka.se\/index.php\/galleri-sydafrika-foton\/","title":{"rendered":"Galleri Sydafrika (foton)"},"content":{"rendered":"\n<div class=\"wp-block-group alignfull has-global-padding is-layout-constrained wp-block-group-is-layout-constrained\"><div class=\"pgc-sgb-cb wp-block-pgcsimplygalleryblock-viewer alignfull\" data-gallery-id=\"78513217\"><div class=\"sgb-preloader\" id=\"pr_78513217\">\n\t<div class=\"sgb-square\" style=\"background:#d4d4d4\"><\/div>\n\t<div class=\"sgb-square\" style=\"background:#d4d4d4\"><\/div>\n\t<div class=\"sgb-square\" style=\"background:#d4d4d4\"><\/div>\n\t<div class=\"sgb-square\" style=\"background:#d4d4d4\"><\/div><\/div><div class=\"simply-gallery-amp pgc_sgb_slider alignfull\"><noscript><div class=\"sgb-gallery\"><div class=\"sgb-item\"><a href=\"https:\/\/jankotka.se\/index.php\/pgc_simply_gallery\/sydafrika-foton\/1079-roadtrip_garden_route_sydafrika\/\" target=\"_blank\"><img decoding=\"async\" alt=\"\" width=\"440\" height=\"330\" loading=\"lazy\" src=\"https:\/\/jankotka.se\/wp-content\/uploads\/2024\/09\/1079-Roadtrip_Garden_Route_Sydafrika.jpg\" srcset=\",https:\/\/jankotka.se\/wp-content\/uploads\/2024\/09\/1079-Roadtrip_Garden_Route_Sydafrika.jpg 440w\" sizes=\"auto, 250px\"\/><\/a><div class=\"sgb-item-caption\"><em>Sydafrika, Garden Route, s\u00f6dra ostkusten, 2008. \n\nPopul\u00e4r roadtrip \u00e4r att \u00e5ka dessa 300 km med varierande och fantastiska landskap. Regnet g\u00f6r det gr\u00f6nskande och d\u00e4rav namnet.<\/em><\/div><\/div><div class=\"sgb-item\"><a href=\"https:\/\/jankotka.se\/index.php\/pgc_simply_gallery\/sydafrika-foton\/1123-roadtrip_garden_route_sydafrika\/\" target=\"_blank\"><img decoding=\"async\" alt=\"\" width=\"440\" height=\"330\" loading=\"lazy\" src=\"https:\/\/jankotka.se\/wp-content\/uploads\/2024\/09\/1123-Roadtrip_Garden_Route_Sydafrika.jpg\" srcset=\",https:\/\/jankotka.se\/wp-content\/uploads\/2024\/09\/1123-Roadtrip_Garden_Route_Sydafrika.jpg 440w\" sizes=\"auto, 250px\"\/><\/a><div class=\"sgb-item-caption\"><em>Sydafrika, Garden Route, s\u00f6dra ostkusten, 2008. \n\nPopul\u00e4r roadtrip \u00e4r att \u00e5ka dessa 300 km med varierande och fantastiska landskap. Regnet g\u00f6r det gr\u00f6nskande och d\u00e4rav namnet.<\/em><\/div><\/div><div class=\"sgb-item\"><a href=\"https:\/\/jankotka.se\/index.php\/pgc_simply_gallery\/sydafrika-foton\/1260-roadtrip_garden_route_sydafrika\/\" target=\"_blank\"><img decoding=\"async\" alt=\"\" width=\"440\" height=\"330\" loading=\"lazy\" src=\"https:\/\/jankotka.se\/wp-content\/uploads\/2024\/09\/1260-Roadtrip_Garden_Route_Sydafrika.jpg\" srcset=\",https:\/\/jankotka.se\/wp-content\/uploads\/2024\/09\/1260-Roadtrip_Garden_Route_Sydafrika.jpg 440w\" sizes=\"auto, 250px\"\/><\/a><div class=\"sgb-item-caption\"><em>Sydafrika, 1988. <\/em><\/div><\/div><\/div><\/noscript><\/div><script type=\"application\/json\" class=\"sgb-data\">{\"galleryType\":\"pgc_sgb_viewer\",\"align\":\"full\",\"galleryId\":\"78513217\",\"images\":[{\"id\":593,\"title\":\"1079 Roadtrip Garden Route, Sydafrika\",\"url\":\"https:\/\/jankotka.se\/wp-content\/uploads\/2024\/09\/1079-Roadtrip_Garden_Route_Sydafrika.jpg\",\"link\":\"https:\/\/jankotka.se\/index.php\/pgc_simply_gallery\/sydafrika-foton\/1079-roadtrip_garden_route_sydafrika\/\",\"alt\":\"\",\"description\":\"\",\"caption\":\"Sydafrika, Garden Route, s\u00f6dra ostkusten, 2008. \\n\\nPopul\u00e4r roadtrip \u00e4r att \u00e5ka dessa 300 km med varierande och fantastiska landskap. Regnet g\u00f6r det gr\u00f6nskande och d\u00e4rav namnet.\",\"mime\":\"image\/jpeg\",\"type\":\"image\",\"width\":440,\"height\":330,\"sizes\":{\"thumbnail\":{\"height\":250,\"width\":250,\"url\":\"https:\/\/jankotka.se\/wp-content\/uploads\/2024\/09\/1079-Roadtrip_Garden_Route_Sydafrika-250x250.jpg\",\"orientation\":\"landscape\"},\"full\":{\"url\":\"https:\/\/jankotka.se\/wp-content\/uploads\/2024\/09\/1079-Roadtrip_Garden_Route_Sydafrika.jpg\",\"height\":330,\"width\":440,\"orientation\":\"landscape\"}},\"imageMeta\":{\"aperture\":\"0\",\"credit\":\"\",\"camera\":\"\",\"caption\":\"\",\"created_timestamp\":\"0\",\"copyright\":\"\",\"focal_length\":\"0\",\"iso\":\"0\",\"shutter_speed\":\"0\",\"title\":\"\",\"orientation\":\"0\",\"keywords\":[]},\"meta\":false,\"postlink\":\"https:\/\/jankotka.se\/index.php\/pgc_simply_gallery\/sydafrika-foton\/1079-roadtrip_garden_route_sydafrika\/\"},{\"id\":594,\"title\":\"1123 Roadtrip Garden Route, Sydafrika\",\"url\":\"https:\/\/jankotka.se\/wp-content\/uploads\/2024\/09\/1123-Roadtrip_Garden_Route_Sydafrika.jpg\",\"link\":\"https:\/\/jankotka.se\/index.php\/pgc_simply_gallery\/sydafrika-foton\/1123-roadtrip_garden_route_sydafrika\/\",\"alt\":\"\",\"description\":\"\",\"caption\":\"Sydafrika, Garden Route, s\u00f6dra ostkusten, 2008. \\n\\nPopul\u00e4r roadtrip \u00e4r att \u00e5ka dessa 300 km med varierande och fantastiska landskap. Regnet g\u00f6r det gr\u00f6nskande och d\u00e4rav namnet.\",\"mime\":\"image\/jpeg\",\"type\":\"image\",\"width\":440,\"height\":330,\"sizes\":{\"thumbnail\":{\"height\":250,\"width\":250,\"url\":\"https:\/\/jankotka.se\/wp-content\/uploads\/2024\/09\/1123-Roadtrip_Garden_Route_Sydafrika-250x250.jpg\",\"orientation\":\"landscape\"},\"full\":{\"url\":\"https:\/\/jankotka.se\/wp-content\/uploads\/2024\/09\/1123-Roadtrip_Garden_Route_Sydafrika.jpg\",\"height\":330,\"width\":440,\"orientation\":\"landscape\"}},\"imageMeta\":{\"aperture\":\"0\",\"credit\":\"\",\"camera\":\"\",\"caption\":\"\",\"created_timestamp\":\"0\",\"copyright\":\"\",\"focal_length\":\"0\",\"iso\":\"0\",\"shutter_speed\":\"0\",\"title\":\"\",\"orientation\":\"0\",\"keywords\":[]},\"meta\":false,\"postlink\":\"https:\/\/jankotka.se\/index.php\/pgc_simply_gallery\/sydafrika-foton\/1123-roadtrip_garden_route_sydafrika\/\"},{\"id\":595,\"title\":\"1260 Roadtrip Garden Route, Sydafrika\",\"url\":\"https:\/\/jankotka.se\/wp-content\/uploads\/2024\/09\/1260-Roadtrip_Garden_Route_Sydafrika.jpg\",\"link\":\"https:\/\/jankotka.se\/index.php\/pgc_simply_gallery\/sydafrika-foton\/1260-roadtrip_garden_route_sydafrika\/\",\"alt\":\"\",\"description\":\"\",\"caption\":\"Sydafrika, 1988. \",\"mime\":\"image\/jpeg\",\"type\":\"image\",\"width\":440,\"height\":330,\"sizes\":{\"thumbnail\":{\"height\":250,\"width\":250,\"url\":\"https:\/\/jankotka.se\/wp-content\/uploads\/2024\/09\/1260-Roadtrip_Garden_Route_Sydafrika-250x250.jpg\",\"orientation\":\"landscape\"},\"full\":{\"url\":\"https:\/\/jankotka.se\/wp-content\/uploads\/2024\/09\/1260-Roadtrip_Garden_Route_Sydafrika.jpg\",\"height\":330,\"width\":440,\"orientation\":\"landscape\"}},\"imageMeta\":{\"aperture\":\"0\",\"credit\":\"\",\"camera\":\"\",\"caption\":\"\",\"created_timestamp\":\"0\",\"copyright\":\"\",\"focal_length\":\"0\",\"iso\":\"0\",\"shutter_speed\":\"0\",\"title\":\"\",\"orientation\":\"0\",\"keywords\":[]},\"meta\":false,\"postlink\":\"https:\/\/jankotka.se\/index.php\/pgc_simply_gallery\/sydafrika-foton\/1260-roadtrip_garden_route_sydafrika\/\"}],\"useClobalSettings\":true,\"sliderRatio\":0.55,\"sliderItemTitleFontSize\":16,\"sliderItemDescriptionEnable\":true,\"sliderBgColor\":\"rgba(255,247,164,1)\",\"sliderHeaderFooterBgColor\":\"rgba(36,78,138,1)\",\"sliderNavigationColor\":\"rgba(36,78,138,1)\",\"sliderNavigationIconColorOver\":\"rgba(56,98,159,1)\",\"collectionColumns\":5,\"collectionThumbRecomendedWidth\":200,\"itemsMetaDataCollection\":[]}<\/script><script>(function(){if(window.PGC_SGB && window.PGC_SGB.searcher){window.PGC_SGB.searcher.initBlocks()}})()<\/script><\/div><\/div>\n","protected":false},"excerpt":{"rendered":"","protected":false},"author":1,"featured_media":0,"parent":0,"menu_order":0,"comment_status":"closed","ping_status":"closed","template":"","meta":{"pgc_sgb_lightbox_settings":"","footnotes":""},"class_list":["post-597","page","type-page","status-publish","hentry"],"_links":{"self":[{"href":"https:\/\/jankotka.se\/index.php\/wp-json\/wp\/v2\/pages\/597","targetHints":{"allow":["GET"]}}],"collection":[{"href":"https:\/\/jankotka.se\/index.php\/wp-json\/wp\/v2\/pages"}],"about":[{"href":"https:\/\/jankotka.se\/index.php\/wp-json\/wp\/v2\/types\/page"}],"author":[{"embeddable":true,"href":"https:\/\/jankotka.se\/index.php\/wp-json\/wp\/v2\/users\/1"}],"replies":[{"embeddable":true,"href":"https:\/\/jankotka.se\/index.php\/wp-json\/wp\/v2\/comments?post=597"}],"version-history":[{"count":1,"href":"https:\/\/jankotka.se\/index.php\/wp-json\/wp\/v2\/pages\/597\/revisions"}],"predecessor-version":[{"id":598,"href":"https:\/\/jankotka.se\/index.php\/wp-json\/wp\/v2\/pages\/597\/revisions\/598"}],"wp:attachment":[{"href":"https:\/\/jankotka.se\/index.php\/wp-json\/wp\/v2\/media?parent=597"}],"curies":[{"name":"wp","href":"https:\/\/api.w.org\/{rel}","templated":true}]}}